{"id":27641,"date":"2016-05-23T13:02:07","date_gmt":"2016-05-23T13:02:07","guid":{"rendered":"https:\/\/www.beauville.com\/createur-par-tradition\/"},"modified":"2026-03-09T10:44:38","modified_gmt":"2026-03-09T09:44:38","slug":"createur-par-tradition","status":"publish","type":"page","link":"https:\/\/www.beauville.com\/de\/","title":{"rendered":"sch\u00f6nheitlich <br><strong>traditioneller sch\u00f6pfer<\/strong>"},"content":{"rendered":"<h2>Beauvill\u00e9, eine einzigartige Signatur f\u00fcr hochwertige Haushaltsw\u00e4sche<\/h2>\n<p>Im els\u00e4ssischen Ribeauvill\u00e9 entwickelt die Manufacture d&#8217;Impression sur Etoffes (MIE) seit mehr als zwei Jahrhunderten ein einzigartiges \u201cSavoir-faire\u201d.<\/p>\n<p>Heute ist ihre Spitzen-Haushaltsw\u00e4sche, die das Label Beauvill\u00e9 tr\u00e4gt, ein Synonym f\u00fcr Luxus, hohe Qualit\u00e4t und Tradition. Die Exzellenz seiner bedruckten Stoffe brachte ihm 2009 das Label &#8222;Entreprise du Patrimoine Vivant&#8220; ein.<\/p>\n<p>Die beiden Jahre Kollektionen werden weltweit pr\u00e4sentiert und verkauft.<\/p>\n<p><strong>\u201cMade in France\u201d Tischw\u00e4sche<\/strong><\/p>\n<p>Tischw\u00e4sche, K\u00fcchenw\u00e4sche und Accessoires sind f\u00fcr ihre einwandfreie Qualit\u00e4t bekannt und anerkannt. Beauvill\u00e9 verf\u00fcgt in seinen Werken \u00fcber ein einzigartiges \u201cSavoir-faire\u201d, das Materialauswahl, Kreativit\u00e4t, voll integrierte Produktion und Umweltschutz miteinander verbindet.<\/p>\n<p><strong>Liebe zum Detail f\u00fcr Qualit\u00e4ts Textilien<\/strong><\/p>\n<p>Um den legitimen Anspr\u00fcchen seiner Kunden gerecht zu werden, schenkt Beauvill\u00e9 jeder Phase seines Herstellungsprozesses besondere Aufmerksamkeit. Die gesamte Herstellung setzt daher die Wahl edler Materialien auf der Basis von Naturfasern voraus, die mit K\u00fcpenfarbstoffen, den st\u00e4rksten auf dem Markt, bedruckt werden.<\/p>\n<p>Feine Muster, Kreativit\u00e4t, die Auswahl der Textilien und der Respekt vor den Traditionen haben seit fast zwei Jahrhunderten zum guten Ruf des Unternehmens beigetragen.<\/p>\n","protected":false},"excerpt":{"rendered":"<p>Beauvill\u00e9, eine einzigartige Signatur f\u00fcr hochwertige Haushaltsw\u00e4sche Im els\u00e4ssischen Ribeauvill\u00e9 entwickelt die Manufacture d&#8217;Impression sur Etoffes (MIE) seit mehr als zwei Jahrhunderten ein einzigartiges \u201cSavoir-faire\u201d. Heute ist ihre Spitzen-Haushaltsw\u00e4sche, die [&hellip;]<\/p>\n","protected":false},"author":4,"featured_media":0,"parent":0,"menu_order":0,"comment_status":"closed","ping_status":"closed","template":"","meta":{"_acf_changed":false,"footnotes":""},"class_list":["post-27641","page","type-page","status-publish","hentry","wp-sticky"],"acf":[],"yoast_head":"<!-- This site is optimized with the Yoast SEO plugin v27.5 - https:\/\/yoast.com\/product\/yoast-seo-wordpress\/ -->\n<title>Tischw\u00e4sche &amp; hochwertige Haushaltsw\u00e4sche | Beauvill\u00e9<\/title>\n<meta name=\"description\" content=\"Entdecken Sie hochwertige Tisch- und Heimtextilien von Beauvill\u00e9 \u2013 franz\u00f6sisches Savoir-faire, exklusive Designs und zeitlose Eleganz f\u00fcr Ihr Zuhause.\" \/>\n<meta name=\"robots\" content=\"index, follow, max-snippet:-1, max-image-preview:large, max-video-preview:-1\" \/>\n<link rel=\"canonical\" href=\"https:\/\/www.beauville.com\/de\/\" \/>\n<meta property=\"og:locale\" content=\"de_DE\" \/>\n<meta property=\"og:type\" content=\"article\" \/>\n<meta property=\"og:title\" content=\"Tischw\u00e4sche &amp; hochwertige Haushaltsw\u00e4sche | Beauvill\u00e9\" \/>\n<meta property=\"og:description\" content=\"Entdecken Sie hochwertige Tisch- und Heimtextilien von Beauvill\u00e9 \u2013 franz\u00f6sisches Savoir-faire, exklusive Designs und zeitlose Eleganz f\u00fcr Ihr Zuhause.\" \/>\n<meta property=\"og:url\" content=\"https:\/\/www.beauville.com\/de\/\" \/>\n<meta property=\"og:site_name\" content=\"Beauvill\u00e9\" \/>\n<meta property=\"article:publisher\" content=\"https:\/\/www.facebook.com\/beauville.createur\" \/>\n<meta property=\"article:modified_time\" content=\"2026-03-09T09:44:38+00:00\" \/>\n<meta name=\"twitter:card\" content=\"summary_large_image\" \/>\n<meta name=\"twitter:label1\" content=\"Gesch\u00e4tzte Lesezeit\" \/>\n\t<meta name=\"twitter:data1\" content=\"1\u00a0Minute\" \/>\n<script type=\"application\/ld+json\" class=\"yoast-schema-graph\">{\"@context\":\"https:\\\/\\\/schema.org\",\"@graph\":[{\"@type\":\"WebPage\",\"@id\":\"https:\\\/\\\/www.beauville.com\\\/de\\\/\",\"url\":\"https:\\\/\\\/www.beauville.com\\\/de\\\/\",\"name\":\"Tischw\u00e4sche & hochwertige Haushaltsw\u00e4sche | Beauvill\u00e9\",\"isPartOf\":{\"@id\":\"https:\\\/\\\/www.beauville.com\\\/de\\\/#website\"},\"datePublished\":\"2016-05-23T13:02:07+00:00\",\"dateModified\":\"2026-03-09T09:44:38+00:00\",\"description\":\"Entdecken Sie hochwertige Tisch- und Heimtextilien von Beauvill\u00e9 \u2013 franz\u00f6sisches Savoir-faire, exklusive Designs und zeitlose Eleganz f\u00fcr Ihr Zuhause.\",\"breadcrumb\":{\"@id\":\"https:\\\/\\\/www.beauville.com\\\/de\\\/#breadcrumb\"},\"inLanguage\":\"de\",\"potentialAction\":[{\"@type\":\"ReadAction\",\"target\":[\"https:\\\/\\\/www.beauville.com\\\/de\\\/\"]}]},{\"@type\":\"BreadcrumbList\",\"@id\":\"https:\\\/\\\/www.beauville.com\\\/de\\\/#breadcrumb\",\"itemListElement\":[{\"@type\":\"ListItem\",\"position\":1,\"name\":\"Home\",\"item\":\"https:\\\/\\\/www.beauville.com\\\/de\\\/\"},{\"@type\":\"ListItem\",\"position\":2,\"name\":\"sch\u00f6nheitlich traditioneller sch\u00f6pfer\"}]},{\"@type\":\"WebSite\",\"@id\":\"https:\\\/\\\/www.beauville.com\\\/de\\\/#website\",\"url\":\"https:\\\/\\\/www.beauville.com\\\/de\\\/\",\"name\":\"Beauvill\u00e9\",\"description\":\"Creator by tradition\",\"publisher\":{\"@id\":\"https:\\\/\\\/www.beauville.com\\\/de\\\/#organization\"},\"potentialAction\":[{\"@type\":\"SearchAction\",\"target\":{\"@type\":\"EntryPoint\",\"urlTemplate\":\"https:\\\/\\\/www.beauville.com\\\/de\\\/?s={search_term_string}\"},\"query-input\":{\"@type\":\"PropertyValueSpecification\",\"valueRequired\":true,\"valueName\":\"search_term_string\"}}],\"inLanguage\":\"de\"},{\"@type\":\"Organization\",\"@id\":\"https:\\\/\\\/www.beauville.com\\\/de\\\/#organization\",\"name\":\"Beauvill\u00e9\",\"url\":\"https:\\\/\\\/www.beauville.com\\\/de\\\/\",\"logo\":{\"@type\":\"ImageObject\",\"inLanguage\":\"de\",\"@id\":\"https:\\\/\\\/www.beauville.com\\\/de\\\/#\\\/schema\\\/logo\\\/image\\\/\",\"url\":\"https:\\\/\\\/www.beauville.com\\\/wp-inside\\\/uploads\\\/2018\\\/10\\\/beauville-logo.png\",\"contentUrl\":\"https:\\\/\\\/www.beauville.com\\\/wp-inside\\\/uploads\\\/2018\\\/10\\\/beauville-logo.png\",\"width\":230,\"height\":90,\"caption\":\"Beauvill\u00e9\"},\"image\":{\"@id\":\"https:\\\/\\\/www.beauville.com\\\/de\\\/#\\\/schema\\\/logo\\\/image\\\/\"},\"sameAs\":[\"https:\\\/\\\/www.facebook.com\\\/beauville.createur\",\"https:\\\/\\\/www.instagram.com\\\/beauville.createur\\\/\",\"https:\\\/\\\/www.pinterest.fr\\\/beauvillecreateur\\\/_created\\\/\",\"https:\\\/\\\/www.youtube.com\\\/channel\\\/UCN1DiK6SUHdildYkanOBeeA\"]}]}<\/script>\n<!-- \/ Yoast SEO plugin. -->","yoast_head_json":{"title":"Tischw\u00e4sche & hochwertige Haushaltsw\u00e4sche | Beauvill\u00e9","description":"Entdecken Sie hochwertige Tisch- und Heimtextilien von Beauvill\u00e9 \u2013 franz\u00f6sisches Savoir-faire, exklusive Designs und zeitlose Eleganz f\u00fcr Ihr Zuhause.","robots":{"index":"index","follow":"follow","max-snippet":"max-snippet:-1","max-image-preview":"max-image-preview:large","max-video-preview":"max-video-preview:-1"},"canonical":"https:\/\/www.beauville.com\/de\/","og_locale":"de_DE","og_type":"article","og_title":"Tischw\u00e4sche & hochwertige Haushaltsw\u00e4sche | Beauvill\u00e9","og_description":"Entdecken Sie hochwertige Tisch- und Heimtextilien von Beauvill\u00e9 \u2013 franz\u00f6sisches Savoir-faire, exklusive Designs und zeitlose Eleganz f\u00fcr Ihr Zuhause.","og_url":"https:\/\/www.beauville.com\/de\/","og_site_name":"Beauvill\u00e9","article_publisher":"https:\/\/www.facebook.com\/beauville.createur","article_modified_time":"2026-03-09T09:44:38+00:00","twitter_card":"summary_large_image","twitter_misc":{"Gesch\u00e4tzte Lesezeit":"1\u00a0Minute"},"schema":{"@context":"https:\/\/schema.org","@graph":[{"@type":"WebPage","@id":"https:\/\/www.beauville.com\/de\/","url":"https:\/\/www.beauville.com\/de\/","name":"Tischw\u00e4sche & hochwertige Haushaltsw\u00e4sche | Beauvill\u00e9","isPartOf":{"@id":"https:\/\/www.beauville.com\/de\/#website"},"datePublished":"2016-05-23T13:02:07+00:00","dateModified":"2026-03-09T09:44:38+00:00","description":"Entdecken Sie hochwertige Tisch- und Heimtextilien von Beauvill\u00e9 \u2013 franz\u00f6sisches Savoir-faire, exklusive Designs und zeitlose Eleganz f\u00fcr Ihr Zuhause.","breadcrumb":{"@id":"https:\/\/www.beauville.com\/de\/#breadcrumb"},"inLanguage":"de","potentialAction":[{"@type":"ReadAction","target":["https:\/\/www.beauville.com\/de\/"]}]},{"@type":"BreadcrumbList","@id":"https:\/\/www.beauville.com\/de\/#breadcrumb","itemListElement":[{"@type":"ListItem","position":1,"name":"Home","item":"https:\/\/www.beauville.com\/de\/"},{"@type":"ListItem","position":2,"name":"sch\u00f6nheitlich traditioneller sch\u00f6pfer"}]},{"@type":"WebSite","@id":"https:\/\/www.beauville.com\/de\/#website","url":"https:\/\/www.beauville.com\/de\/","name":"Beauvill\u00e9","description":"Creator by tradition","publisher":{"@id":"https:\/\/www.beauville.com\/de\/#organization"},"potentialAction":[{"@type":"SearchAction","target":{"@type":"EntryPoint","urlTemplate":"https:\/\/www.beauville.com\/de\/?s={search_term_string}"},"query-input":{"@type":"PropertyValueSpecification","valueRequired":true,"valueName":"search_term_string"}}],"inLanguage":"de"},{"@type":"Organization","@id":"https:\/\/www.beauville.com\/de\/#organization","name":"Beauvill\u00e9","url":"https:\/\/www.beauville.com\/de\/","logo":{"@type":"ImageObject","inLanguage":"de","@id":"https:\/\/www.beauville.com\/de\/#\/schema\/logo\/image\/","url":"https:\/\/www.beauville.com\/wp-inside\/uploads\/2018\/10\/beauville-logo.png","contentUrl":"https:\/\/www.beauville.com\/wp-inside\/uploads\/2018\/10\/beauville-logo.png","width":230,"height":90,"caption":"Beauvill\u00e9"},"image":{"@id":"https:\/\/www.beauville.com\/de\/#\/schema\/logo\/image\/"},"sameAs":["https:\/\/www.facebook.com\/beauville.createur","https:\/\/www.instagram.com\/beauville.createur\/","https:\/\/www.pinterest.fr\/beauvillecreateur\/_created\/","https:\/\/www.youtube.com\/channel\/UCN1DiK6SUHdildYkanOBeeA"]}]}},"_links":{"self":[{"href":"https:\/\/www.beauville.com\/de\/wp-json\/wp\/v2\/pages\/27641","targetHints":{"allow":["GET"]}}],"collection":[{"href":"https:\/\/www.beauville.com\/de\/wp-json\/wp\/v2\/pages"}],"about":[{"href":"https:\/\/www.beauville.com\/de\/wp-json\/wp\/v2\/types\/page"}],"author":[{"embeddable":true,"href":"https:\/\/www.beauville.com\/de\/wp-json\/wp\/v2\/users\/4"}],"replies":[{"embeddable":true,"href":"https:\/\/www.beauville.com\/de\/wp-json\/wp\/v2\/comments?post=27641"}],"version-history":[{"count":47,"href":"https:\/\/www.beauville.com\/de\/wp-json\/wp\/v2\/pages\/27641\/revisions"}],"predecessor-version":[{"id":43811,"href":"https:\/\/www.beauville.com\/de\/wp-json\/wp\/v2\/pages\/27641\/revisions\/43811"}],"wp:attachment":[{"href":"https:\/\/www.beauville.com\/de\/wp-json\/wp\/v2\/media?parent=27641"}],"curies":[{"name":"wp","href":"https:\/\/api.w.org\/{rel}","templated":true}]}}