{"id":27646,"date":"2016-05-23T13:18:08","date_gmt":"2016-05-23T13:18:08","guid":{"rendered":"https:\/\/www.beauville.com\/beauville\/"},"modified":"2025-10-15T16:15:37","modified_gmt":"2025-10-15T14:15:37","slug":"beauville","status":"publish","type":"page","link":"https:\/\/www.beauville.com\/de\/beauville\/","title":{"rendered":"BEAUVILL\u00c9"},"content":{"rendered":"<p data-start=\"282\" data-end=\"596\">Im Herzen von Elsass gelegen, steht Beauvill\u00e9 f\u00fcr luxuri\u00f6se Tischw\u00e4sche \u201eMade in France\u201c auf h\u00f6chstem Niveau. Als Erbe einer jahrhundertealten Textiltradition kreiert die Manufacture d\u2019Impressions sur \u00c9toffes einzigartige Kollektionen, in denen Tradition und Innovation auf elegante Weise zusammenkommen.<\/p>\n<p data-start=\"598\" data-end=\"962\">Jede Tischdecke, Serviette und jedes Wohnaccessoire mit dem Signet Beauvill\u00e9 spiegelt au\u00dfergew\u00f6hnliche handwerkliche Meisterschaft wider, die \u00fcber Generationen weitergegeben wird. Unsere Handwerker w\u00e4hlen die feinsten Fasern aus, perfektionieren jede Farbnuance und bedrucken unsere Muster mit seltener Pr\u00e4zision \u2013 immer nach h\u00f6chsten Qualit\u00e4tsstandards.<\/p>\n<p data-start=\"964\" data-end=\"1288\">Beauvill\u00e9 genie\u00dft internationale Anerkennung: rund 80\u202f% der Kreationen werden in prestigetr\u00e4chtige M\u00e4rkte weltweit exportiert. Zu den wichtigsten z\u00e4hlen die USA, wo Beauvill\u00e9-W\u00e4sche sogar im Wei\u00dfen Haus Verwendung fand, sowie Japan, die Schweiz und Deutschland, wo unsere Kollektionen gesch\u00e4tzt und nachgefragt werden.<\/p>\n<p data-start=\"1290\" data-end=\"1539\">Beauvill\u00e9 verk\u00f6rpert die perfekte Verbindung aus traditioneller Handwerkskunst, h\u00f6chster Qualit\u00e4t und modernem Luxus und \u00fcberzeugt auf nationalen wie internationalen M\u00e4rkten mit Produkten, die kulturelle und geografische Grenzen \u00fcberschreiten.<\/p>\n<p>&nbsp;<\/p>\n<p><img decoding=\"async\" src=\"https:\/\/www.beauville.com\/wp-inside\/uploads\/2025\/10\/histoire-topkapi-350x269.jpg\" class=\"size-medium alignleft\" \/><\/p>\n<h3><\/h3>\n<h3><\/h3>\n<h3 data-start=\"1546\" data-end=\"1562\"><em>Geschichte<\/em><\/h3>\n<p data-start=\"1564\" data-end=\"1747\">Mit Beauvill\u00e9 entscheiden Sie sich f\u00fcr ein franz\u00f6sisches Erbe, au\u00dfergew\u00f6hnliche Handwerkskunst und zeitlose Eleganz. Es bringt Sch\u00f6nheit, Licht und Tradition in Ihr Zuhause.<\/p>\n<p><a class=\"button secondary-color\" href=\"https:\/\/www.beauville.com\/de\/unsere-geschichte\/\">Mehr lesen<\/a><\/p>\n<p>&nbsp;<\/p>\n<h2><em><strong><img decoding=\"async\" src=\"https:\/\/www.beauville.com\/wp-inside\/uploads\/2024\/09\/photo-site-web-21-350x350.jpg\" alt=\"Rouleaux de tissu Topkapi aux motifs inspir\u00e9s de l\u2019art ottoman, d\u00e9clin\u00e9s dans une \u00e9l\u00e9gante palette Bleu, Blanc, Rouge \u2013 parfaits pour des cr\u00e9ations textiles raffin\u00e9es.\" class=\"alignright size-medium\" \/><\/strong><\/em><\/h2>\n<h2><\/h2>\n<p>&nbsp;<\/p>\n<h2><\/h2>\n<h3 data-start=\"98\" data-end=\"110\"><em><strong data-start=\"98\" data-end=\"108\">Werte<\/strong><\/em><\/h3>\n<p data-start=\"112\" data-end=\"336\">Als Symbol f\u00fcr zeitlosen, dezenten Luxus feiert Beauvill\u00e9 100\u202f% franz\u00f6sische Handwerkskunst, vom Design bis zum Druck. Jedes St\u00fcck wird in unseren Werkst\u00e4tten im Elsass gefertigt, mit voller R\u00fcckverfolgbarkeit und makelloser Verarbeitung.<\/p>\n<p data-start=\"1264\" data-end=\"1519\">Mehr Lesen<\/p>\n<p>&nbsp;<\/p>\n<p>&nbsp;<\/p>\n<p>&nbsp;<\/p>\n<p><img decoding=\"async\" src=\"https:\/\/www.beauville.com\/wp-inside\/uploads\/2025\/10\/histoire-cadre-plat-a-la-main-350x269.jpg\" class=\"size-medium alignleft\" \/><\/p>\n<p>&nbsp;<\/p>\n<p>&nbsp;<\/p>\n<h3 data-start=\"2062\" data-end=\"2111\"><em>Manufacture d\u2019Impressions sur \u00c9toffes (MIE)<\/em><\/h3>\n<p data-start=\"2113\" data-end=\"2370\">Die MIE ist der historische, technische und professionelle Zweig von Beauvill\u00e9. Sie ist auf die Hochwertige Stoffbedruckung f\u00fcr Polsterstoffe spezialisiert und arbeitet f\u00fcr renommierte Textilverleger, Innenarchitekten und kulturelle Institutionen.<\/p>\n<p><a class=\"button secondary-color\" href=\"https:\/\/www.beauville.com\/de\/mie\/\">Mehr lesen<\/a><\/p>\n<p>&nbsp;<\/p>\n<p><iframe title=\"Dans les coulisses de la Maison Beauvill\u00e9 \u2728\" width=\"500\" height=\"281\" src=\"https:\/\/www.youtube.com\/embed\/luP9uyHU9Bs?start=6&#038;feature=oembed\" frameborder=\"0\" allow=\"accelerometer; autoplay; clipboard-write; encrypted-media; gyroscope; picture-in-picture; web-share\" referrerpolicy=\"strict-origin-when-cross-origin\" allowfullscreen><\/iframe><\/p>\n","protected":false},"excerpt":{"rendered":"<p>Im Herzen von Elsass gelegen, steht Beauvill\u00e9 f\u00fcr luxuri\u00f6se Tischw\u00e4sche \u201eMade in France\u201c auf h\u00f6chstem Niveau. Als Erbe einer jahrhundertealten Textiltradition kreiert die Manufacture d\u2019Impressions sur \u00c9toffes einzigartige Kollektionen, in [&hellip;]<\/p>\n","protected":false},"author":4,"featured_media":27760,"parent":0,"menu_order":2,"comment_status":"closed","ping_status":"closed","template":"","meta":{"_acf_changed":false,"footnotes":""},"class_list":["post-27646","page","type-page","status-publish","has-post-thumbnail","hentry","wp-sticky"],"acf":[],"yoast_head":"<!-- This site is optimized with the Yoast SEO plugin v27.4 - https:\/\/yoast.com\/product\/yoast-seo-wordpress\/ -->\n<title>BEAUVILL\u00c9<\/title>\n<meta name=\"description\" content=\"Beauvill\u00e9 ist ein f\u00fchrender Herausgeber von hochwertiger Tischw\u00e4sche, bekannt f\u00fcr seine exklusiven Designs, traditionelle Handwerkskunst und au\u00dfergew\u00f6hnliche Qualit\u00e4t.\" \/>\n<meta name=\"robots\" content=\"index, follow, max-snippet:-1, max-image-preview:large, max-video-preview:-1\" \/>\n<link rel=\"canonical\" href=\"https:\/\/www.beauville.com\/de\/beauville\/\" \/>\n<meta property=\"og:locale\" content=\"de_DE\" \/>\n<meta property=\"og:type\" content=\"article\" \/>\n<meta property=\"og:title\" content=\"BEAUVILL\u00c9\" \/>\n<meta property=\"og:description\" content=\"Beauvill\u00e9 ist ein f\u00fchrender Herausgeber von hochwertiger Tischw\u00e4sche, bekannt f\u00fcr seine exklusiven Designs, traditionelle Handwerkskunst und au\u00dfergew\u00f6hnliche Qualit\u00e4t.\" \/>\n<meta property=\"og:url\" content=\"https:\/\/www.beauville.com\/de\/beauville\/\" \/>\n<meta property=\"og:site_name\" content=\"Beauvill\u00e9\" \/>\n<meta property=\"article:publisher\" content=\"https:\/\/www.facebook.com\/beauville.createur\" \/>\n<meta property=\"article:modified_time\" content=\"2025-10-15T14:15:37+00:00\" \/>\n<meta property=\"og:image\" content=\"https:\/\/www.beauville.com\/wp-inside\/uploads\/2020\/11\/nov19_ig_3.jpg\" \/>\n\t<meta property=\"og:image:width\" content=\"900\" \/>\n\t<meta property=\"og:image:height\" content=\"900\" \/>\n\t<meta property=\"og:image:type\" content=\"image\/jpeg\" \/>\n<meta name=\"twitter:card\" content=\"summary_large_image\" \/>\n<meta name=\"twitter:label1\" content=\"Gesch\u00e4tzte Lesezeit\" \/>\n\t<meta name=\"twitter:data1\" content=\"2\u00a0Minuten\" \/>\n<script type=\"application\/ld+json\" class=\"yoast-schema-graph\">{\"@context\":\"https:\\\/\\\/schema.org\",\"@graph\":[{\"@type\":\"WebPage\",\"@id\":\"https:\\\/\\\/www.beauville.com\\\/de\\\/beauville\\\/\",\"url\":\"https:\\\/\\\/www.beauville.com\\\/de\\\/beauville\\\/\",\"name\":\"BEAUVILL\u00c9\",\"isPartOf\":{\"@id\":\"https:\\\/\\\/www.beauville.com\\\/de\\\/#website\"},\"primaryImageOfPage\":{\"@id\":\"https:\\\/\\\/www.beauville.com\\\/de\\\/beauville\\\/#primaryimage\"},\"image\":{\"@id\":\"https:\\\/\\\/www.beauville.com\\\/de\\\/beauville\\\/#primaryimage\"},\"thumbnailUrl\":\"https:\\\/\\\/www.beauville.com\\\/wp-inside\\\/uploads\\\/2020\\\/11\\\/nov19_ig_3.jpg\",\"datePublished\":\"2016-05-23T13:18:08+00:00\",\"dateModified\":\"2025-10-15T14:15:37+00:00\",\"description\":\"Beauvill\u00e9 ist ein f\u00fchrender Herausgeber von hochwertiger Tischw\u00e4sche, bekannt f\u00fcr seine exklusiven Designs, traditionelle Handwerkskunst und au\u00dfergew\u00f6hnliche Qualit\u00e4t.\",\"breadcrumb\":{\"@id\":\"https:\\\/\\\/www.beauville.com\\\/de\\\/beauville\\\/#breadcrumb\"},\"inLanguage\":\"de\",\"potentialAction\":[{\"@type\":\"ReadAction\",\"target\":[\"https:\\\/\\\/www.beauville.com\\\/de\\\/beauville\\\/\"]}]},{\"@type\":\"ImageObject\",\"inLanguage\":\"de\",\"@id\":\"https:\\\/\\\/www.beauville.com\\\/de\\\/beauville\\\/#primaryimage\",\"url\":\"https:\\\/\\\/www.beauville.com\\\/wp-inside\\\/uploads\\\/2020\\\/11\\\/nov19_ig_3.jpg\",\"contentUrl\":\"https:\\\/\\\/www.beauville.com\\\/wp-inside\\\/uploads\\\/2020\\\/11\\\/nov19_ig_3.jpg\",\"width\":900,\"height\":900,\"caption\":\"Silberne Topkapi-Tischdecke mit eleganten Mustern, ideal f\u00fcr Weihnachtsessen. Das raffinierte Design und die silbernen Farbt\u00f6ne verleihen jeder Festtafel einen festlichen und anspruchsvollen Touch.\"},{\"@type\":\"BreadcrumbList\",\"@id\":\"https:\\\/\\\/www.beauville.com\\\/de\\\/beauville\\\/#breadcrumb\",\"itemListElement\":[{\"@type\":\"ListItem\",\"position\":1,\"name\":\"Home\",\"item\":\"https:\\\/\\\/www.beauville.com\\\/de\\\/\"},{\"@type\":\"ListItem\",\"position\":2,\"name\":\"Beauvill\u00e9\"}]},{\"@type\":\"WebSite\",\"@id\":\"https:\\\/\\\/www.beauville.com\\\/de\\\/#website\",\"url\":\"https:\\\/\\\/www.beauville.com\\\/de\\\/\",\"name\":\"Beauvill\u00e9\",\"description\":\"Creator by tradition\",\"publisher\":{\"@id\":\"https:\\\/\\\/www.beauville.com\\\/de\\\/#organization\"},\"potentialAction\":[{\"@type\":\"SearchAction\",\"target\":{\"@type\":\"EntryPoint\",\"urlTemplate\":\"https:\\\/\\\/www.beauville.com\\\/de\\\/?s={search_term_string}\"},\"query-input\":{\"@type\":\"PropertyValueSpecification\",\"valueRequired\":true,\"valueName\":\"search_term_string\"}}],\"inLanguage\":\"de\"},{\"@type\":\"Organization\",\"@id\":\"https:\\\/\\\/www.beauville.com\\\/de\\\/#organization\",\"name\":\"Beauvill\u00e9\",\"url\":\"https:\\\/\\\/www.beauville.com\\\/de\\\/\",\"logo\":{\"@type\":\"ImageObject\",\"inLanguage\":\"de\",\"@id\":\"https:\\\/\\\/www.beauville.com\\\/de\\\/#\\\/schema\\\/logo\\\/image\\\/\",\"url\":\"https:\\\/\\\/www.beauville.com\\\/wp-inside\\\/uploads\\\/2018\\\/10\\\/beauville-logo.png\",\"contentUrl\":\"https:\\\/\\\/www.beauville.com\\\/wp-inside\\\/uploads\\\/2018\\\/10\\\/beauville-logo.png\",\"width\":230,\"height\":90,\"caption\":\"Beauvill\u00e9\"},\"image\":{\"@id\":\"https:\\\/\\\/www.beauville.com\\\/de\\\/#\\\/schema\\\/logo\\\/image\\\/\"},\"sameAs\":[\"https:\\\/\\\/www.facebook.com\\\/beauville.createur\",\"https:\\\/\\\/www.instagram.com\\\/beauville.createur\\\/\",\"https:\\\/\\\/www.pinterest.fr\\\/beauvillecreateur\\\/_created\\\/\",\"https:\\\/\\\/www.youtube.com\\\/channel\\\/UCN1DiK6SUHdildYkanOBeeA\"]}]}<\/script>\n<!-- \/ Yoast SEO plugin. -->","yoast_head_json":{"title":"BEAUVILL\u00c9","description":"Beauvill\u00e9 ist ein f\u00fchrender Herausgeber von hochwertiger Tischw\u00e4sche, bekannt f\u00fcr seine exklusiven Designs, traditionelle Handwerkskunst und au\u00dfergew\u00f6hnliche Qualit\u00e4t.","robots":{"index":"index","follow":"follow","max-snippet":"max-snippet:-1","max-image-preview":"max-image-preview:large","max-video-preview":"max-video-preview:-1"},"canonical":"https:\/\/www.beauville.com\/de\/beauville\/","og_locale":"de_DE","og_type":"article","og_title":"BEAUVILL\u00c9","og_description":"Beauvill\u00e9 ist ein f\u00fchrender Herausgeber von hochwertiger Tischw\u00e4sche, bekannt f\u00fcr seine exklusiven Designs, traditionelle Handwerkskunst und au\u00dfergew\u00f6hnliche Qualit\u00e4t.","og_url":"https:\/\/www.beauville.com\/de\/beauville\/","og_site_name":"Beauvill\u00e9","article_publisher":"https:\/\/www.facebook.com\/beauville.createur","article_modified_time":"2025-10-15T14:15:37+00:00","og_image":[{"width":900,"height":900,"url":"https:\/\/www.beauville.com\/wp-inside\/uploads\/2020\/11\/nov19_ig_3.jpg","type":"image\/jpeg"}],"twitter_card":"summary_large_image","twitter_misc":{"Gesch\u00e4tzte Lesezeit":"2\u00a0Minuten"},"schema":{"@context":"https:\/\/schema.org","@graph":[{"@type":"WebPage","@id":"https:\/\/www.beauville.com\/de\/beauville\/","url":"https:\/\/www.beauville.com\/de\/beauville\/","name":"BEAUVILL\u00c9","isPartOf":{"@id":"https:\/\/www.beauville.com\/de\/#website"},"primaryImageOfPage":{"@id":"https:\/\/www.beauville.com\/de\/beauville\/#primaryimage"},"image":{"@id":"https:\/\/www.beauville.com\/de\/beauville\/#primaryimage"},"thumbnailUrl":"https:\/\/www.beauville.com\/wp-inside\/uploads\/2020\/11\/nov19_ig_3.jpg","datePublished":"2016-05-23T13:18:08+00:00","dateModified":"2025-10-15T14:15:37+00:00","description":"Beauvill\u00e9 ist ein f\u00fchrender Herausgeber von hochwertiger Tischw\u00e4sche, bekannt f\u00fcr seine exklusiven Designs, traditionelle Handwerkskunst und au\u00dfergew\u00f6hnliche Qualit\u00e4t.","breadcrumb":{"@id":"https:\/\/www.beauville.com\/de\/beauville\/#breadcrumb"},"inLanguage":"de","potentialAction":[{"@type":"ReadAction","target":["https:\/\/www.beauville.com\/de\/beauville\/"]}]},{"@type":"ImageObject","inLanguage":"de","@id":"https:\/\/www.beauville.com\/de\/beauville\/#primaryimage","url":"https:\/\/www.beauville.com\/wp-inside\/uploads\/2020\/11\/nov19_ig_3.jpg","contentUrl":"https:\/\/www.beauville.com\/wp-inside\/uploads\/2020\/11\/nov19_ig_3.jpg","width":900,"height":900,"caption":"Silberne Topkapi-Tischdecke mit eleganten Mustern, ideal f\u00fcr Weihnachtsessen. Das raffinierte Design und die silbernen Farbt\u00f6ne verleihen jeder Festtafel einen festlichen und anspruchsvollen Touch."},{"@type":"BreadcrumbList","@id":"https:\/\/www.beauville.com\/de\/beauville\/#breadcrumb","itemListElement":[{"@type":"ListItem","position":1,"name":"Home","item":"https:\/\/www.beauville.com\/de\/"},{"@type":"ListItem","position":2,"name":"Beauvill\u00e9"}]},{"@type":"WebSite","@id":"https:\/\/www.beauville.com\/de\/#website","url":"https:\/\/www.beauville.com\/de\/","name":"Beauvill\u00e9","description":"Creator by tradition","publisher":{"@id":"https:\/\/www.beauville.com\/de\/#organization"},"potentialAction":[{"@type":"SearchAction","target":{"@type":"EntryPoint","urlTemplate":"https:\/\/www.beauville.com\/de\/?s={search_term_string}"},"query-input":{"@type":"PropertyValueSpecification","valueRequired":true,"valueName":"search_term_string"}}],"inLanguage":"de"},{"@type":"Organization","@id":"https:\/\/www.beauville.com\/de\/#organization","name":"Beauvill\u00e9","url":"https:\/\/www.beauville.com\/de\/","logo":{"@type":"ImageObject","inLanguage":"de","@id":"https:\/\/www.beauville.com\/de\/#\/schema\/logo\/image\/","url":"https:\/\/www.beauville.com\/wp-inside\/uploads\/2018\/10\/beauville-logo.png","contentUrl":"https:\/\/www.beauville.com\/wp-inside\/uploads\/2018\/10\/beauville-logo.png","width":230,"height":90,"caption":"Beauvill\u00e9"},"image":{"@id":"https:\/\/www.beauville.com\/de\/#\/schema\/logo\/image\/"},"sameAs":["https:\/\/www.facebook.com\/beauville.createur","https:\/\/www.instagram.com\/beauville.createur\/","https:\/\/www.pinterest.fr\/beauvillecreateur\/_created\/","https:\/\/www.youtube.com\/channel\/UCN1DiK6SUHdildYkanOBeeA"]}]}},"_links":{"self":[{"href":"https:\/\/www.beauville.com\/de\/wp-json\/wp\/v2\/pages\/27646","targetHints":{"allow":["GET"]}}],"collection":[{"href":"https:\/\/www.beauville.com\/de\/wp-json\/wp\/v2\/pages"}],"about":[{"href":"https:\/\/www.beauville.com\/de\/wp-json\/wp\/v2\/types\/page"}],"author":[{"embeddable":true,"href":"https:\/\/www.beauville.com\/de\/wp-json\/wp\/v2\/users\/4"}],"replies":[{"embeddable":true,"href":"https:\/\/www.beauville.com\/de\/wp-json\/wp\/v2\/comments?post=27646"}],"version-history":[{"count":8,"href":"https:\/\/www.beauville.com\/de\/wp-json\/wp\/v2\/pages\/27646\/revisions"}],"predecessor-version":[{"id":37711,"href":"https:\/\/www.beauville.com\/de\/wp-json\/wp\/v2\/pages\/27646\/revisions\/37711"}],"wp:featuredmedia":[{"embeddable":true,"href":"https:\/\/www.beauville.com\/de\/wp-json\/wp\/v2\/media\/27760"}],"wp:attachment":[{"href":"https:\/\/www.beauville.com\/de\/wp-json\/wp\/v2\/media?parent=27646"}],"curies":[{"name":"wp","href":"https:\/\/api.w.org\/{rel}","templated":true}]}}