{"id":27719,"date":"2016-05-23T13:22:23","date_gmt":"2016-05-23T13:22:23","guid":{"rendered":"https:\/\/www.beauville.com\/contact\/"},"modified":"2026-04-01T09:28:59","modified_gmt":"2026-04-01T07:28:59","slug":"kontakt","status":"publish","type":"page","link":"https:\/\/www.beauville.com\/de\/kontakt\/","title":{"rendered":"Kontakt"},"content":{"rendered":"<h4><span style=\"color: #333333;\">Unsere Kontaktdaten<\/span><\/h4>\n<p><span style=\"color: #333333;\">BEAUVILLE<\/span><br \/>\n<span style=\"color: #333333;\">19 \u2013 21, route de Sainte-Marie-aux-Mines<\/span><br \/>\n<span style=\"color: #333333;\">68150 Ribeauvill\u00e9 \u2013 Frankreich<\/span><\/p>\n<p><span style=\"color: #333333;\">T\u00e9l. : +33 (0)3 89 73 74 74<\/span><br \/>\n<span style=\"color: #333333;\">Fax : +33 (0)3 89 73 65 82<\/span><\/p>\n<h4 data-start=\"96\" data-end=\"160\"><strong data-start=\"96\" data-end=\"160\">\u00d6ffnungszeiten des Gesch\u00e4fts: vom 1. April bis 30. September<\/strong><\/h4>\n<p data-start=\"162\" data-end=\"218\"><strong data-start=\"162\" data-end=\"184\">Montag bis Freitag<\/strong><br data-start=\"184\" data-end=\"187\" \/>9:30\u201312:00 Uhr, 14:00\u201318:00 Uhr<\/p>\n<p data-start=\"220\" data-end=\"269\"><strong data-start=\"220\" data-end=\"252\">Samstag durchgehend ge\u00f6ffnet<\/strong><br data-start=\"252\" data-end=\"255\" \/>9:30\u201318:00 Uhr<\/p>\n<p data-start=\"271\" data-end=\"421\"><strong data-start=\"271\" data-end=\"287\">Geschlossen:<\/strong><br data-start=\"287\" data-end=\"290\" \/>Freitag, <strong data-start=\"299\" data-end=\"311\">3. April<\/strong>, Montag, <strong>6. April<\/strong>, Freitag, <strong data-start=\"322\" data-end=\"339\">1. und 8. Mai<\/strong>, Donnerstag, <strong data-start=\"353\" data-end=\"364\">14. Mai<\/strong>, Dienstag, <strong data-start=\"376\" data-end=\"388\">14. Juli<\/strong> und Samstag, <strong data-start=\"402\" data-end=\"421\">15. August 2026<\/strong><\/p>\n<p data-start=\"423\" data-end=\"526\"><strong data-start=\"423\" data-end=\"452\">Au\u00dfergew\u00f6hnliche \u00d6ffnung:<\/strong><br data-start=\"452\" data-end=\"455\" \/>Montag, <strong data-start=\"463\" data-end=\"479\">25. Mai 2026<\/strong> von <strong data-start=\"484\" data-end=\"502\">9:30\u201312:00 Uhr<\/strong> und <strong data-start=\"507\" data-end=\"526\">14:00\u201318:00 Uhr<\/strong><\/p>\n<p><span style=\"color: #333333;\">F\u00fcr jede Anfrage oder Frage bez\u00fcglich der Marke Beauvill\u00e9, des E-Shops, eines Produkts oder einer Dienstleistung, f\u00fcllen Sie bitte das untenstehende Formular aus :<\/span><\/p>\n","protected":false},"excerpt":{"rendered":"<p>Unsere Kontaktdaten BEAUVILLE 19 \u2013 21, route de Sainte-Marie-aux-Mines 68150 Ribeauvill\u00e9 \u2013 Frankreich T\u00e9l. : +33 (0)3 89 73 74 74 Fax : +33 (0)3 89 73 65 82 \u00d6ffnungszeiten [&hellip;]<\/p>\n","protected":false},"author":4,"featured_media":0,"parent":0,"menu_order":0,"comment_status":"closed","ping_status":"closed","template":"tpl-contact.php","meta":{"_acf_changed":false,"footnotes":""},"class_list":["post-27719","page","type-page","status-publish","hentry","wp-sticky"],"acf":[],"yoast_head":"<!-- This site is optimized with the Yoast SEO plugin v27.4 - https:\/\/yoast.com\/product\/yoast-seo-wordpress\/ -->\n<title>Kontakt<\/title>\n<meta name=\"description\" content=\"Kontaktieren Sie Beauvill\u00e9 f\u00fcr Anfragen zu Produkten, dem E-Shop oder unserem Service. Finden Sie unsere Kontaktdaten, \u00d6ffnungszeiten und mehr auf unserer Website.\" \/>\n<meta name=\"robots\" content=\"index, follow, max-snippet:-1, max-image-preview:large, max-video-preview:-1\" \/>\n<link rel=\"canonical\" href=\"https:\/\/www.beauville.com\/de\/kontakt\/\" \/>\n<meta property=\"og:locale\" content=\"de_DE\" \/>\n<meta property=\"og:type\" content=\"article\" \/>\n<meta property=\"og:title\" content=\"Kontakt\" \/>\n<meta property=\"og:description\" content=\"Kontaktieren Sie Beauvill\u00e9 f\u00fcr Anfragen zu Produkten, dem E-Shop oder unserem Service. Finden Sie unsere Kontaktdaten, \u00d6ffnungszeiten und mehr auf unserer Website.\" \/>\n<meta property=\"og:url\" content=\"https:\/\/www.beauville.com\/de\/kontakt\/\" \/>\n<meta property=\"og:site_name\" content=\"Beauvill\u00e9\" \/>\n<meta property=\"article:publisher\" content=\"https:\/\/www.facebook.com\/beauville.createur\" \/>\n<meta property=\"article:modified_time\" content=\"2026-04-01T07:28:59+00:00\" \/>\n<meta name=\"twitter:card\" content=\"summary_large_image\" \/>\n<script type=\"application\/ld+json\" class=\"yoast-schema-graph\">{\"@context\":\"https:\\\/\\\/schema.org\",\"@graph\":[{\"@type\":\"WebPage\",\"@id\":\"https:\\\/\\\/www.beauville.com\\\/de\\\/kontakt\\\/\",\"url\":\"https:\\\/\\\/www.beauville.com\\\/de\\\/kontakt\\\/\",\"name\":\"Kontakt\",\"isPartOf\":{\"@id\":\"https:\\\/\\\/www.beauville.com\\\/de\\\/#website\"},\"datePublished\":\"2016-05-23T13:22:23+00:00\",\"dateModified\":\"2026-04-01T07:28:59+00:00\",\"description\":\"Kontaktieren Sie Beauvill\u00e9 f\u00fcr Anfragen zu Produkten, dem E-Shop oder unserem Service. Finden Sie unsere Kontaktdaten, \u00d6ffnungszeiten und mehr auf unserer Website.\",\"breadcrumb\":{\"@id\":\"https:\\\/\\\/www.beauville.com\\\/de\\\/kontakt\\\/#breadcrumb\"},\"inLanguage\":\"de\",\"potentialAction\":[{\"@type\":\"ReadAction\",\"target\":[\"https:\\\/\\\/www.beauville.com\\\/de\\\/kontakt\\\/\"]}]},{\"@type\":\"BreadcrumbList\",\"@id\":\"https:\\\/\\\/www.beauville.com\\\/de\\\/kontakt\\\/#breadcrumb\",\"itemListElement\":[{\"@type\":\"ListItem\",\"position\":1,\"name\":\"Home\",\"item\":\"https:\\\/\\\/www.beauville.com\\\/de\\\/\"},{\"@type\":\"ListItem\",\"position\":2,\"name\":\"Kontakt\"}]},{\"@type\":\"WebSite\",\"@id\":\"https:\\\/\\\/www.beauville.com\\\/de\\\/#website\",\"url\":\"https:\\\/\\\/www.beauville.com\\\/de\\\/\",\"name\":\"Beauvill\u00e9\",\"description\":\"Creator by tradition\",\"publisher\":{\"@id\":\"https:\\\/\\\/www.beauville.com\\\/de\\\/#organization\"},\"potentialAction\":[{\"@type\":\"SearchAction\",\"target\":{\"@type\":\"EntryPoint\",\"urlTemplate\":\"https:\\\/\\\/www.beauville.com\\\/de\\\/?s={search_term_string}\"},\"query-input\":{\"@type\":\"PropertyValueSpecification\",\"valueRequired\":true,\"valueName\":\"search_term_string\"}}],\"inLanguage\":\"de\"},{\"@type\":\"Organization\",\"@id\":\"https:\\\/\\\/www.beauville.com\\\/de\\\/#organization\",\"name\":\"Beauvill\u00e9\",\"url\":\"https:\\\/\\\/www.beauville.com\\\/de\\\/\",\"logo\":{\"@type\":\"ImageObject\",\"inLanguage\":\"de\",\"@id\":\"https:\\\/\\\/www.beauville.com\\\/de\\\/#\\\/schema\\\/logo\\\/image\\\/\",\"url\":\"https:\\\/\\\/www.beauville.com\\\/wp-inside\\\/uploads\\\/2018\\\/10\\\/beauville-logo.png\",\"contentUrl\":\"https:\\\/\\\/www.beauville.com\\\/wp-inside\\\/uploads\\\/2018\\\/10\\\/beauville-logo.png\",\"width\":230,\"height\":90,\"caption\":\"Beauvill\u00e9\"},\"image\":{\"@id\":\"https:\\\/\\\/www.beauville.com\\\/de\\\/#\\\/schema\\\/logo\\\/image\\\/\"},\"sameAs\":[\"https:\\\/\\\/www.facebook.com\\\/beauville.createur\",\"https:\\\/\\\/www.instagram.com\\\/beauville.createur\\\/\",\"https:\\\/\\\/www.pinterest.fr\\\/beauvillecreateur\\\/_created\\\/\",\"https:\\\/\\\/www.youtube.com\\\/channel\\\/UCN1DiK6SUHdildYkanOBeeA\"]}]}<\/script>\n<!-- \/ Yoast SEO plugin. -->","yoast_head_json":{"title":"Kontakt","description":"Kontaktieren Sie Beauvill\u00e9 f\u00fcr Anfragen zu Produkten, dem E-Shop oder unserem Service. Finden Sie unsere Kontaktdaten, \u00d6ffnungszeiten und mehr auf unserer Website.","robots":{"index":"index","follow":"follow","max-snippet":"max-snippet:-1","max-image-preview":"max-image-preview:large","max-video-preview":"max-video-preview:-1"},"canonical":"https:\/\/www.beauville.com\/de\/kontakt\/","og_locale":"de_DE","og_type":"article","og_title":"Kontakt","og_description":"Kontaktieren Sie Beauvill\u00e9 f\u00fcr Anfragen zu Produkten, dem E-Shop oder unserem Service. Finden Sie unsere Kontaktdaten, \u00d6ffnungszeiten und mehr auf unserer Website.","og_url":"https:\/\/www.beauville.com\/de\/kontakt\/","og_site_name":"Beauvill\u00e9","article_publisher":"https:\/\/www.facebook.com\/beauville.createur","article_modified_time":"2026-04-01T07:28:59+00:00","twitter_card":"summary_large_image","schema":{"@context":"https:\/\/schema.org","@graph":[{"@type":"WebPage","@id":"https:\/\/www.beauville.com\/de\/kontakt\/","url":"https:\/\/www.beauville.com\/de\/kontakt\/","name":"Kontakt","isPartOf":{"@id":"https:\/\/www.beauville.com\/de\/#website"},"datePublished":"2016-05-23T13:22:23+00:00","dateModified":"2026-04-01T07:28:59+00:00","description":"Kontaktieren Sie Beauvill\u00e9 f\u00fcr Anfragen zu Produkten, dem E-Shop oder unserem Service. Finden Sie unsere Kontaktdaten, \u00d6ffnungszeiten und mehr auf unserer Website.","breadcrumb":{"@id":"https:\/\/www.beauville.com\/de\/kontakt\/#breadcrumb"},"inLanguage":"de","potentialAction":[{"@type":"ReadAction","target":["https:\/\/www.beauville.com\/de\/kontakt\/"]}]},{"@type":"BreadcrumbList","@id":"https:\/\/www.beauville.com\/de\/kontakt\/#breadcrumb","itemListElement":[{"@type":"ListItem","position":1,"name":"Home","item":"https:\/\/www.beauville.com\/de\/"},{"@type":"ListItem","position":2,"name":"Kontakt"}]},{"@type":"WebSite","@id":"https:\/\/www.beauville.com\/de\/#website","url":"https:\/\/www.beauville.com\/de\/","name":"Beauvill\u00e9","description":"Creator by tradition","publisher":{"@id":"https:\/\/www.beauville.com\/de\/#organization"},"potentialAction":[{"@type":"SearchAction","target":{"@type":"EntryPoint","urlTemplate":"https:\/\/www.beauville.com\/de\/?s={search_term_string}"},"query-input":{"@type":"PropertyValueSpecification","valueRequired":true,"valueName":"search_term_string"}}],"inLanguage":"de"},{"@type":"Organization","@id":"https:\/\/www.beauville.com\/de\/#organization","name":"Beauvill\u00e9","url":"https:\/\/www.beauville.com\/de\/","logo":{"@type":"ImageObject","inLanguage":"de","@id":"https:\/\/www.beauville.com\/de\/#\/schema\/logo\/image\/","url":"https:\/\/www.beauville.com\/wp-inside\/uploads\/2018\/10\/beauville-logo.png","contentUrl":"https:\/\/www.beauville.com\/wp-inside\/uploads\/2018\/10\/beauville-logo.png","width":230,"height":90,"caption":"Beauvill\u00e9"},"image":{"@id":"https:\/\/www.beauville.com\/de\/#\/schema\/logo\/image\/"},"sameAs":["https:\/\/www.facebook.com\/beauville.createur","https:\/\/www.instagram.com\/beauville.createur\/","https:\/\/www.pinterest.fr\/beauvillecreateur\/_created\/","https:\/\/www.youtube.com\/channel\/UCN1DiK6SUHdildYkanOBeeA"]}]}},"_links":{"self":[{"href":"https:\/\/www.beauville.com\/de\/wp-json\/wp\/v2\/pages\/27719","targetHints":{"allow":["GET"]}}],"collection":[{"href":"https:\/\/www.beauville.com\/de\/wp-json\/wp\/v2\/pages"}],"about":[{"href":"https:\/\/www.beauville.com\/de\/wp-json\/wp\/v2\/types\/page"}],"author":[{"embeddable":true,"href":"https:\/\/www.beauville.com\/de\/wp-json\/wp\/v2\/users\/4"}],"replies":[{"embeddable":true,"href":"https:\/\/www.beauville.com\/de\/wp-json\/wp\/v2\/comments?post=27719"}],"version-history":[{"count":23,"href":"https:\/\/www.beauville.com\/de\/wp-json\/wp\/v2\/pages\/27719\/revisions"}],"predecessor-version":[{"id":44078,"href":"https:\/\/www.beauville.com\/de\/wp-json\/wp\/v2\/pages\/27719\/revisions\/44078"}],"wp:attachment":[{"href":"https:\/\/www.beauville.com\/de\/wp-json\/wp\/v2\/media?parent=27719"}],"curies":[{"name":"wp","href":"https:\/\/api.w.org\/{rel}","templated":true}]}}