{"id":27744,"date":"2016-05-30T13:06:59","date_gmt":"2016-05-30T12:06:59","guid":{"rendered":"https:\/\/www.beauville.com\/site-map\/"},"modified":"2025-05-14T12:10:00","modified_gmt":"2025-05-14T10:10:00","slug":"website-uebersicht","status":"publish","type":"page","link":"https:\/\/www.beauville.com\/de\/website-uebersicht\/","title":{"rendered":"Website-\u00dcbersicht"},"content":{"rendered":"<div class=\"wsp-container\"><h2 class=\"wsp-pages-title\">Seiten<\/h2>\n<ul class=\"wsp-pages-list\">\n<li class=\"page_item page-item-31060\"><a href=\"https:\/\/www.beauville.com\/de\/das-museum\/\">Das Museum<\/a><\/li>\n<li class=\"page_item page-item-27724\"><a href=\"https:\/\/www.beauville.com\/de\/impressum\/\">Impressum<\/a><\/li>\n<li class=\"page_item page-item-27834\"><a href=\"https:\/\/www.beauville.com\/de\/katalog\/\">Katalog Fr\u00fchling \/ Sommer 2026<\/a><\/li>\n<li class=\"page_item page-item-27719\"><a href=\"https:\/\/www.beauville.com\/de\/kontakt\/\">Kontakt<\/a><\/li>\n<li class=\"page_item page-item-27845\"><a href=\"https:\/\/www.beauville.com\/de\/online-katalog\/\">Online Katalog &#8211; Beauvill\u00e9 Kollektion<\/a><\/li>\n<li class=\"page_item page-item-27641\"><a href=\"https:\/\/www.beauville.com\/de\/\">sch\u00f6nheitlich <br><strong>traditioneller sch\u00f6pfer<\/strong><\/a><\/li>\n<li class=\"page_item page-item-27669\"><a href=\"https:\/\/www.beauville.com\/de\/unsere-geschichte\/\">Unsere Geschichte<\/a><\/li>\n<li class=\"page_item page-item-30352\"><a href=\"https:\/\/www.beauville.com\/de\/unsere-werte\/\">Unsere Werte<\/a><\/li>\n<li class=\"page_item page-item-27646\"><a href=\"https:\/\/www.beauville.com\/de\/beauville\/\">BEAUVILL\u00c9<\/a><\/li>\n<li class=\"page_item page-item-27666\"><a href=\"https:\/\/www.beauville.com\/de\/mie\/\">MIE<\/a><\/li>\n<\/ul>\n<h2 class=\"wsp-posts-title\">Beitr\u00e4ge nach Kategorie<\/h2>\n<ul class=\"wsp-posts-list\">\n\t<li><strong class=\"wsp-category-title\">Kategorie: <a href=\"https:\/\/www.beauville.com\/de\/blog\/\">Blog<\/a><\/strong>\n<ul class=\"wsp-posts-list\">\t\t<li class=\"wsp-post\"><a href=\"https:\/\/www.beauville.com\/de\/blog\/der-hand-flachrahmendruck-die-handschrift-eines-seltenen-textilen-savoir-faire\/\">Der Hand-Flachrahmendruck: die Handschrift eines seltenen textilen Savoir-faire<\/a><\/li>\n\t\t<li class=\"wsp-post\"><a href=\"https:\/\/www.beauville.com\/de\/blog\/parfum-dorient-zeitlose-tischwaesche-fuer-jede-jahreszeit\/\">Parfum d\u2019Orient: Zeitlose Tischw\u00e4sche f\u00fcr jede Jahreszeit<\/a><\/li>\n\t\t<li class=\"wsp-post\"><a href=\"https:\/\/www.beauville.com\/de\/blog\/elegante-ostertisch-ideen-fuer-eine-stilvolle-fruehlingsdekoration\/\">Elegante Ostertisch Ideen f\u00fcr eine stilvolle Fr\u00fchlingsdekoration<\/a><\/li>\n\t\t<li class=\"wsp-post\"><a href=\"https:\/\/www.beauville.com\/de\/blog\/fruehjahr-sommer-2026-kollektion-hochwertige-tischdecken-von-beauville\/\">Fr\u00fchjahr-Sommer 2026 Kollektion | Hochwertige Tischdecken von Beauvill\u00e9<\/a><\/li>\n\t\t<li class=\"wsp-post\"><a href=\"https:\/\/www.beauville.com\/de\/blog\/der-weihnachtsmarkt-von-ribeauville\/\">Der Weihnachtsmarkt von Ribeauvill\u00e9<\/a><\/li>\n\t\t<li class=\"wsp-post\"><a href=\"https:\/\/www.beauville.com\/de\/blog\/perfekter-weihnachtstisch-pflege-falten-und-stilvolle-praesentation-mit-beauville\/\">Perfekter Weihnachtstisch: Pflege, Falten und stilvolle Pr\u00e4sentation mit Beauvill\u00e9<\/a><\/li>\n\t\t<li class=\"wsp-post\"><a href=\"https:\/\/www.beauville.com\/de\/blog\/beauvilles-5-ikonische-weihnachtstische\/\">Beauvill\u00e9\u2019s 5 ikonische Weihnachtstische<\/a><\/li>\n\t\t<li class=\"wsp-post\"><a href=\"https:\/\/www.beauville.com\/de\/blog\/weihnachtstische-die-verzaubern\/\">Weihnachtstische, die verzaubern<\/a><\/li>\n\t\t<li class=\"wsp-post\"><a href=\"https:\/\/www.beauville.com\/de\/blog\/beauville-servietten-falten-anleitung-fuer-tannenbaum-form\/\">Beauvill\u00e9 Servietten falten: Anleitung f\u00fcr Tannenbaum-Form<\/a><\/li>\n\t\t<li class=\"wsp-post\"><a href=\"https:\/\/www.beauville.com\/de\/blog\/beauville-auf-der-made-in-france-messe-2025\/\">Beauvill\u00e9 auf der Made in France Messe 2025<\/a><\/li>\n\t\t<li class=\"wsp-post\"><a href=\"https:\/\/www.beauville.com\/de\/blog\/wie-waehlen-sie-ihre-weihnachtstischdecke-aus\/\">Wie w\u00e4hlen Sie Ihre Weihnachtstischdecke aus?<\/a><\/li>\n\t\t<li class=\"wsp-post\"><a href=\"https:\/\/www.beauville.com\/de\/blog\/ein-tag-in-der-manufaktur\/\">Ein Tag in der Manufaktur<\/a><\/li>\n\t\t<li class=\"wsp-post\"><a href=\"https:\/\/www.beauville.com\/de\/blog\/beauville-stilvoll-ins-zuhause-integrieren-dekorationsideen-tischgestaltung\/\">Beauvill\u00e9 stilvoll ins Zuhause integrieren: Dekorationsideen &#038; Tischgestaltung<\/a><\/li>\n\t\t<li class=\"wsp-post\"><a href=\"https:\/\/www.beauville.com\/de\/blog\/beauville-praesentiert-die-herbst-winter-kollektion\/\">Beauvill\u00e9 pr\u00e4sentiert die Herbst-Winter-Kollektion: Franz\u00f6sische Eleganz im Herzen der Saison<\/a><\/li>\n\t\t<li class=\"wsp-post\"><a href=\"https:\/\/www.beauville.com\/de\/blog\/wie-pflegen-sie-ihr-beauville-linnen-und-bewahren-dessen-schoenheit\/\">Wie pflegen Sie Ihr Beauvill\u00e9-Linnen und bewahren dessen Sch\u00f6nheit?<\/a><\/li>\n\t\t<li class=\"wsp-post\"><a href=\"https:\/\/www.beauville.com\/de\/blog\/beauville-enthuellt-seine-kollektion-fruehjahr-sommer-2025-eine-explosion-von-farben-und-raffinesse\/\">Beauvill\u00e9 enth\u00fcllt seine Kollektion Fr\u00fchjahr\/Sommer 2025: Eine Explosion von Farben und Raffinesse<\/a><\/li>\n\t\t<li class=\"wsp-post\"><a href=\"https:\/\/www.beauville.com\/de\/blog\/die-magie-der-details-warum-in-hochwertige-tischwaesche-fuer-weihnachten-investieren\/\">Die Magie der Details: Warum in hochwertige Tischw\u00e4sche f\u00fcr Weihnachten investieren?<\/a><\/li>\n\t\t<li class=\"wsp-post\"><a href=\"https:\/\/www.beauville.com\/de\/blog\/der-beauville-weihnachtsgeschenkfuehrer-fuer-eine-elegante-tischdekoration\/\">Der Beauvill\u00e9 Weihnachtsgeschenkf\u00fchrer: F\u00fcr eine elegante Tischdekoration<\/a><\/li>\n\t\t<li class=\"wsp-post\"><a href=\"https:\/\/www.beauville.com\/de\/blog\/so-gestalten-sie-eine-elegante-weihnachtstafel-mit-den-kollektionen-von-beauville\/\">So gestalten Sie eine elegante Weihnachtstafel mit den Kollektionen von Beauvill\u00e9<\/a><\/li>\n\t\t<li class=\"wsp-post\"><a href=\"https:\/\/www.beauville.com\/de\/blog\/die-tischdekortrends-fuer-weihnachten-2024-inspirationen-und-tipps\/\">Die Tischdekortrends f\u00fcr Weihnachten 2024: Inspirationen und Tipps<\/a><\/li>\n\t\t<li class=\"wsp-post\"><a href=\"https:\/\/www.beauville.com\/de\/blog\/die-neue-visuelle-identitaet-von-beauville-modernitaet-auf-der-grundlage-von-tradition\/\">Die neue visuelle Identit\u00e4t von Beauvill\u00e9: Modernit\u00e4t auf der Grundlage von Tradition<\/a><\/li>\n\t\t<li class=\"wsp-post\"><a href=\"https:\/\/www.beauville.com\/de\/blog\/an-enchanted-season-with-the-new-beauville-collection\/\">Eine bezaubernde Saison mit der neuen Beauvill\u00e9-Kollektion<\/a><\/li>\n\t\t<li class=\"wsp-post\"><a href=\"https:\/\/www.beauville.com\/de\/blog\/sommer-mit-beauville\/\">Sommer mit Beauvill\u00e9<\/a><\/li>\n\t\t<li class=\"wsp-post\"><a href=\"https:\/\/www.beauville.com\/de\/blog\/nachrichten\/tischkultur-bei-den-olympischen-spielen-beauville-an-der-spitze\/\">Tischkultur bei den Olympischen Spielen: Beauvill\u00e9 an der Spitze<\/a><\/li>\n\t\t<li class=\"wsp-post\"><a href=\"https:\/\/www.beauville.com\/de\/blog\/verschoenern-sie-ihre-hochzeit-mit-eleganz\/\">Versch\u00f6nern Sie Ihre Hochzeit mit Eleganz<\/a><\/li>\n\t\t<li class=\"wsp-post\"><a href=\"https:\/\/www.beauville.com\/de\/blog\/eine-reise-durch-die-geschichte-von-beauville\/\">Eine Reise durch die Geschichte von Beauvill\u00e9<\/a><\/li>\n\t\t<li class=\"wsp-post\"><a href=\"https:\/\/www.beauville.com\/de\/blog\/das-arne-muster-eine-ewige-hommage-an-das-erbe-von-beauville\/\">Das Arn\u00e9-Muster: Eine ewige Hommage an das Erbe von Beauvill\u00e9<\/a><\/li>\n\t\t<li class=\"wsp-post\"><a href=\"https:\/\/www.beauville.com\/de\/blog\/video-tutorial-so-falten-sie-eine-serviette-in-herzform-fuer-den-muttertag\/\">Video-Tutorial: So falten Sie eine Serviette in Herzform f\u00fcr den Muttertag<\/a><\/li>\n\t\t<li class=\"wsp-post\"><a href=\"https:\/\/www.beauville.com\/de\/blog\/aussergewoehnliches-handwerk-hinter-jedem-beauville-produkt\/\">Au\u00dfergew\u00f6hnliches Handwerk hinter jedem Beauvill\u00e9-Produkt<\/a><\/li>\n\t\t<li class=\"wsp-post\"><a href=\"https:\/\/www.beauville.com\/de\/blog\/video-tutorial-serviette-zur-rose-falten-zum-muttertag\/\">Video-Tutorial: Serviette zur Rose falten \u2013 zum Muttertag<\/a><\/li>\n\t\t<li class=\"wsp-post\"><a href=\"https:\/\/www.beauville.com\/de\/blog\/selection-fete-des-meres\/\">Auswahl Muttertag<\/a><\/li>\n\t\t<li class=\"wsp-post\"><a href=\"https:\/\/www.beauville.com\/de\/blog\/ostern-im-elsass-mit-beauville-feiern-eine-verschmelzung-von-tradition-und-raffinesse\/\">Ostern im Elsass mit Beauvill\u00e9 feiern: Eine Verschmelzung von Tradition und Raffinesse<\/a><\/li>\n\t\t<li class=\"wsp-post\"><a href=\"https:\/\/www.beauville.com\/de\/blog\/decken-sie-den-tisch-fuer-zwei-zum-valentinstag-mit-beauville\/\">Decken Sie den Tisch f\u00fcr zwei zum Valentinstag mit Beauvill\u00e9<\/a><\/li>\n\t\t<li class=\"wsp-post\"><a href=\"https:\/\/www.beauville.com\/de\/blog\/massgeschneiderte-personalisierung-von-beauville-tischwaesche\/\">Ma\u00dfgeschneiderte Personalisierung von Beauvill\u00e9 Tischw\u00e4sche<\/a><\/li>\n\t\t<li class=\"wsp-post\"><a href=\"https:\/\/www.beauville.com\/de\/blog\/dekoration-des-chalets\/\">Dekoration des Chalets<\/a><\/li>\n\t\t<li class=\"wsp-post\"><a href=\"https:\/\/www.beauville.com\/de\/blog\/entfliehen-sie-in-die-freie-natur\/\">Entfliehen Sie in die freie Natur<\/a><\/li>\n\t\t<li class=\"wsp-post\"><a href=\"https:\/\/www.beauville.com\/de\/blog\/eine-raffinierte-epiphanie-mit-beauville\/\">Eine raffinierte Epiphanie mit Beauvill\u00e9<\/a><\/li>\n\t\t<li class=\"wsp-post\"><a href=\"https:\/\/www.beauville.com\/de\/blog\/wie-waehle-ich-die-perfekte-groesse-fuer-meine-beauville-tischdecke-aus\/\">Wie w\u00e4hle ich die perfekte Gr\u00f6\u00dfe f\u00fcr meine Beauvill\u00e9-Tischdecke aus?<\/a><\/li>\n\t\t<li class=\"wsp-post\"><a href=\"https:\/\/www.beauville.com\/de\/blog\/personalisieren-sie-ihre-zweifarbigen-beauville-handtuecher-fuer-einzigartige-geschenke\/\">Personalisieren Sie Ihre zweifarbigen Beauvill\u00e9-Handt\u00fccher f\u00fcr einzigartige Geschenke<\/a><\/li>\n\t\t<li class=\"wsp-post\"><a href=\"https:\/\/www.beauville.com\/de\/blog\/ein-strahlend-schoener-weihnachtstisch-mit-beauville\/\">Ein strahlend sch\u00f6ner Weihnachtstisch mit Beauvill\u00e9<\/a><\/li>\n\t\t<li class=\"wsp-post\"><a href=\"https:\/\/www.beauville.com\/de\/blog\/beauville-geschenksets-eleganz-und-nuetzlichkeit-fuer-unvergessliche-geschenke\/\">Beauvill\u00e9 Geschenksets: Eleganz und N\u00fctzlichkeit f\u00fcr unvergessliche Geschenke<\/a><\/li>\n\t\t<li class=\"wsp-post\"><a href=\"https:\/\/www.beauville.com\/de\/blog\/eine-elegante-weihnachtstafel-gestalten-mit-dem-perfekten-duo-einfarbige-tischdecken-und-accessoires-von-beauville\/\">Eine elegante Weihnachtstafel gestalten mit dem perfekten Duo: Einfarbige Tischdecken und Accessoires von Beauvill\u00e9<\/a><\/li>\n\t\t<li class=\"wsp-post\"><a href=\"https:\/\/www.beauville.com\/de\/blog\/inspiration-fuer-ihren-festtagstisch\/\">Inspiration f\u00fcr Ihren Festtagstisch<\/a><\/li>\n\t\t<li class=\"wsp-post\"><a href=\"https:\/\/www.beauville.com\/de\/blog\/fuer-einen-perfekten-festtagstisch\/\">F\u00fcr einen perfekten Festtagstisch<\/a><\/li>\n\t\t<li class=\"wsp-post\"><a href=\"https:\/\/www.beauville.com\/de\/blog\/elegante-festlichkeiten-mit-beauville-5-geschenkideen-zu-weihnachten\/\">Elegante Festlichkeiten mit Beauvill\u00e9: 5 Geschenkideen zu Weihnachten<\/a><\/li>\n\t\t<li class=\"wsp-post\"><a href=\"https:\/\/www.beauville.com\/de\/blog\/die-franzoesische-tischkultur-eleganz-und-tradition\/\">Die franz\u00f6sische Tischkultur: Eleganz und Tradition<\/a><\/li>\n\t\t<li class=\"wsp-post\"><a href=\"https:\/\/www.beauville.com\/de\/blog\/5-tipps-und-tricks-fuer-ein-gelungenes-weihnachtsfest-mit-beauville\/\">5 Tipps und Tricks f\u00fcr ein gelungenes Weihnachtsfest mit Beauvill\u00e9<\/a><\/li>\n\t\t<li class=\"wsp-post\"><a href=\"https:\/\/www.beauville.com\/de\/blog\/adventskalender-tradition-und-magie-zum-entdecken\/\">Adventskalender: Tradition und Magie zum Entdecken<\/a><\/li>\n\t\t<li class=\"wsp-post\"><a href=\"https:\/\/www.beauville.com\/de\/blog\/der-zauber-von-weihnachten-auf-ihrem-tisch\/\">Der Zauber von Weihnachten auf Ihrem Tisch<\/a><\/li>\n\t\t<li class=\"wsp-post\"><a href=\"https:\/\/www.beauville.com\/de\/blog\/hinter-den-kulissen-von-beauville-wenn-kunst-auf-tradition-trifft\/\">Hinter den Kulissen von Beauvill\u00e9: Wenn Kunst auf Tradition trifft!<\/a><\/li>\n\t\t<li class=\"wsp-post\"><a href=\"https:\/\/www.beauville.com\/de\/blog\/ein-museum-beauville\/\">Ein Museum Beauvill\u00e9<\/a><\/li>\n\t\t<li class=\"wsp-post\"><a href=\"https:\/\/www.beauville.com\/de\/blog\/neue-herbst-winter-kollektion-2023\/\">Neue Herbst\/Winter-Kollektion 2023<\/a><\/li>\n\t\t<li class=\"wsp-post\"><a href=\"https:\/\/www.beauville.com\/de\/blog\/tutorial-serviettenfalten-in-tannenbaumform\/\">Tutorial: Serviettenfalten in Tannenbaumform<\/a><\/li>\n\t\t<li class=\"wsp-post\"><a href=\"https:\/\/www.beauville.com\/de\/blog\/tutorial-serviettenfaltung-in-form-einer-sternschnuppe\/\">Tutorial: Serviettenfaltung in Form einer Sternschnuppe<\/a><\/li>\n\t\t<li class=\"wsp-post\"><a href=\"https:\/\/www.beauville.com\/de\/blog\/tutorial-serviettenfaltung-zur-bestecktasche\/\">Tutorial: Serviettenfaltung zur Bestecktasche<\/a><\/li>\n\t\t<li class=\"wsp-post\"><a href=\"https:\/\/www.beauville.com\/de\/blog\/weihnachten-10-tipps-fuer-eine-luxurioese-festtafel\/\">Weihnachten: 10 Tipps f\u00fcr eine luxuri\u00f6se Festtafel<\/a><\/li>\n\t\t<li class=\"wsp-post\"><a href=\"https:\/\/www.beauville.com\/de\/blog\/wie-waehlt-man-die-ideale-groesse-fuer-ihre-tischdecke-aus\/\">Wie w\u00e4hlt man die ideale Gr\u00f6\u00dfe f\u00fcr Ihre Tischdecke aus?<\/a><\/li>\n\t\t<li class=\"wsp-post\"><a href=\"https:\/\/www.beauville.com\/de\/blog\/neue-herbst-winter-kollektion-2022\/\">Neue Herbst\/Winter-Kollektion 2022<\/a><\/li>\n\t\t<li class=\"wsp-post\"><a href=\"https:\/\/www.beauville.com\/de\/blog\/das-geschaeft-von-beauville\/\">Das Gesch\u00e4ft von Beauvill\u00e9<\/a><\/li>\n\t\t<li class=\"wsp-post\"><a href=\"https:\/\/www.beauville.com\/de\/blog\/unsere-geschenkboxen-und-liebevollen-aufmerksamkeiten-um-ostern-stilvoll-zu-feiern\/\">Unsere Geschenkboxen und liebevollen Aufmerksamkeiten \u2013 um Ostern stilvoll zu feiern!<\/a><\/li>\n\t\t<li class=\"wsp-post\"><a href=\"https:\/\/www.beauville.com\/de\/blog\/reportage\/\">Reportage<\/a><\/li>\n\t\t<li class=\"wsp-post\"><a href=\"https:\/\/www.beauville.com\/de\/blog\/festliche-inspirationen-episode-3-warum-nicht-schwarz\/\">Festliche Inspirationen \u2013 Episode 3: Warum nicht Schwarz?<\/a><\/li>\n\t\t<li class=\"wsp-post\"><a href=\"https:\/\/www.beauville.com\/de\/blog\/festliche-inspirationen-folge-2-ein-traditioneller-weihnachtstisch\/\">Festliche Inspirationen \u2013 Folge 2: Ein traditioneller Weihnachtstisch<\/a><\/li>\n\t\t<li class=\"wsp-post\"><a href=\"https:\/\/www.beauville.com\/de\/blog\/festliche-inspirationen-episode-1-weihnachten-im-hohen-norden\/\">Festliche Inspirationen \u2013 Episode 1: Weihnachten im hohen Norden<\/a><\/li>\n\t\t<li class=\"wsp-post\"><a href=\"https:\/\/www.beauville.com\/de\/blog\/unsere-tipps-um-das-ganze-zuhause-auf-herbstzeit-einzustimmen\/\">Unsere Tipps, um das ganze Zuhause auf Herbstzeit einzustimmen!<\/a><\/li>\n\t\t<li class=\"wsp-post\"><a href=\"https:\/\/www.beauville.com\/de\/blog\/beauville-entdecken-sie-unsere-geschichte\/\">Beauvill\u00e9 : Entdecken Sie Unsere Geschichte<\/a><\/li>\n\t\t<li class=\"wsp-post\"><a href=\"https:\/\/www.beauville.com\/de\/blog\/unsere-neue-herbst-winter-2021-kollektion\/\">Unsere neue Herbst\/Winter 2021 Kollektion<\/a><\/li>\n\t\t<li class=\"wsp-post\"><a href=\"https:\/\/www.beauville.com\/de\/blog\/eine-ausstellung-die-einen-groben-eindruck-hinterlaesst-carrefour-europeen-du-patchwork\/\">Eine Ausstellung die einen groBen Eindruck hinterl\u00e4sst : Carrefour Europ\u00e9en du Patchwork<\/a><\/li>\n\t\t<li class=\"wsp-post\"><a href=\"https:\/\/www.beauville.com\/de\/blog\/gewinnspiel-zum-muttertag-vom-10-bis-13-mai-2021\/\">Gewinnspiel zum Muttertag (vom 10. bis 13. Mai 2021)<\/a><\/li>\n\t\t<li class=\"wsp-post\"><a href=\"https:\/\/www.beauville.com\/de\/blog\/die-schoensten-gesten-zum-muttertag\/\">Die sch\u00f6nsten Gesten zum Muttertag!<\/a><\/li>\n\t\t<li class=\"wsp-post\"><a href=\"https:\/\/www.beauville.com\/de\/blog\/deko-trends-2021-holen-sie-sich-die-sonne-ins-haus\/\">Deko-Trends 2021: Holen Sie sich die Sonne ins Haus!<\/a><\/li>\n\t\t<li class=\"wsp-post\"><a href=\"https:\/\/www.beauville.com\/de\/blog\/diesen-sommer-feiert-die-beschichtete-tischdecke-ihr-comeback-fuer-eine-besonders-trendige-dekoration\/\">Diesen Sommer feiert die beschichtete Tischdecke ihr Comeback \u2013 f\u00fcr eine besonders trendige Dekoration!<\/a><\/li>\n\t\t<li class=\"wsp-post\"><a href=\"https:\/\/www.beauville.com\/de\/blog\/die-jadefarbe-zieht-in-die-heimtextilien-ein-so-kombinieren-sie-sie-fuer-eine-supertrendige-dekoration\/\">Die Jadefarbe zieht in die Heimtextilien ein: So kombinieren Sie sie f\u00fcr eine supertrendige Dekoration<\/a><\/li>\n\t\t<li class=\"wsp-post\"><a href=\"https:\/\/www.beauville.com\/de\/blog\/alle-rottoene-um-ihre-weihnachtsdekoration-zu-verschoenern\/\">Alle rott\u00f6ne, um ihre weihnachtsdekoration zu versch\u00f6nern.<\/a><\/li>\n\t<li><strong class=\"wsp-category-title\">Kategorie: <a href=\"https:\/\/www.beauville.com\/de\/blog\/geschichte\/\">Geschichte<\/a><\/strong>\n<\/li>\n\t<li><strong class=\"wsp-category-title\">Kategorie: <a href=\"https:\/\/www.beauville.com\/de\/blog\/muttertag-de\/\">Muttertag<\/a><\/strong>\n<\/li>\n\t<li><strong class=\"wsp-category-title\">Kategorie: <a href=\"https:\/\/www.beauville.com\/de\/blog\/nachrichten\/\">Nachrichten<\/a><\/strong>\n<ul class=\"wsp-posts-list\">\t\t<li class=\"wsp-post\"><a href=\"https:\/\/www.beauville.com\/de\/blog\/nachrichten\/beauville-begleitet-sie-bei-ihren-mahlzeiten-in-der-sonne-mit-unseren-beschichteten-tischtuechern\/\">Entdecken Sie beschichtete Tischdecken, um Ihre Sommertafel zu sublimieren<\/a><\/li>\n<\/ul><\/li>\n\t<li><strong class=\"wsp-category-title\">Kategorie: <a href=\"https:\/\/www.beauville.com\/de\/blog\/ostern\/\">Ostern<\/a><\/strong>\n<\/li>\n\t<li><strong class=\"wsp-category-title\">Kategorie: <a href=\"https:\/\/www.beauville.com\/de\/blog\/tipps-und-tricks\/\">Tipps und Tricks<\/a><\/strong>\n<\/li>\n\t<li><strong class=\"wsp-category-title\">Kategorie: <a href=\"https:\/\/www.beauville.com\/de\/blog\/trends-dekoration-und-wohnkunst\/\">Trends, Dekoration und Wohnkunst<\/a><\/strong>\n<\/li>\n\t<li><strong class=\"wsp-category-title\">Kategorie: <a href=\"https:\/\/www.beauville.com\/de\/blog\/weihnachten-neujahr\/\">Weihnachten &amp; Neujahr<\/a><\/strong>\n<\/li>\n<\/ul><\/li>\n<\/ul>\n<\/div>\n","protected":false},"excerpt":{"rendered":"","protected":false},"author":4,"featured_media":0,"parent":0,"menu_order":0,"comment_status":"closed","ping_status":"closed","template":"","meta":{"_acf_changed":false,"footnotes":""},"class_list":["post-27744","page","type-page","status-publish","hentry","wp-sticky"],"acf":[],"yoast_head":"<!-- This site is optimized with the Yoast SEO plugin v27.4 - https:\/\/yoast.com\/product\/yoast-seo-wordpress\/ -->\n<title>Website-\u00dcbersicht<\/title>\n<meta name=\"robots\" content=\"index, follow, max-snippet:-1, max-image-preview:large, max-video-preview:-1\" \/>\n<link rel=\"canonical\" href=\"https:\/\/www.beauville.com\/de\/website-uebersicht\/\" \/>\n<meta property=\"og:locale\" content=\"de_DE\" \/>\n<meta property=\"og:type\" content=\"article\" \/>\n<meta property=\"og:title\" content=\"Website-\u00dcbersicht\" \/>\n<meta property=\"og:url\" content=\"https:\/\/www.beauville.com\/de\/website-uebersicht\/\" \/>\n<meta property=\"og:site_name\" content=\"Beauvill\u00e9\" \/>\n<meta property=\"article:publisher\" content=\"https:\/\/www.facebook.com\/beauville.createur\" \/>\n<meta property=\"article:modified_time\" content=\"2025-05-14T10:10:00+00:00\" \/>\n<meta name=\"twitter:card\" content=\"summary_large_image\" \/>\n<script type=\"application\/ld+json\" class=\"yoast-schema-graph\">{\"@context\":\"https:\\\/\\\/schema.org\",\"@graph\":[{\"@type\":\"WebPage\",\"@id\":\"https:\\\/\\\/www.beauville.com\\\/de\\\/website-uebersicht\\\/\",\"url\":\"https:\\\/\\\/www.beauville.com\\\/de\\\/website-uebersicht\\\/\",\"name\":\"Website-\u00dcbersicht\",\"isPartOf\":{\"@id\":\"https:\\\/\\\/www.beauville.com\\\/de\\\/#website\"},\"datePublished\":\"2016-05-30T12:06:59+00:00\",\"dateModified\":\"2025-05-14T10:10:00+00:00\",\"breadcrumb\":{\"@id\":\"https:\\\/\\\/www.beauville.com\\\/de\\\/website-uebersicht\\\/#breadcrumb\"},\"inLanguage\":\"de\",\"potentialAction\":[{\"@type\":\"ReadAction\",\"target\":[\"https:\\\/\\\/www.beauville.com\\\/de\\\/website-uebersicht\\\/\"]}]},{\"@type\":\"BreadcrumbList\",\"@id\":\"https:\\\/\\\/www.beauville.com\\\/de\\\/website-uebersicht\\\/#breadcrumb\",\"itemListElement\":[{\"@type\":\"ListItem\",\"position\":1,\"name\":\"Home\",\"item\":\"https:\\\/\\\/www.beauville.com\\\/de\\\/\"},{\"@type\":\"ListItem\",\"position\":2,\"name\":\"Website-\u00dcbersicht\"}]},{\"@type\":\"WebSite\",\"@id\":\"https:\\\/\\\/www.beauville.com\\\/de\\\/#website\",\"url\":\"https:\\\/\\\/www.beauville.com\\\/de\\\/\",\"name\":\"Beauvill\u00e9\",\"description\":\"Creator by tradition\",\"publisher\":{\"@id\":\"https:\\\/\\\/www.beauville.com\\\/de\\\/#organization\"},\"potentialAction\":[{\"@type\":\"SearchAction\",\"target\":{\"@type\":\"EntryPoint\",\"urlTemplate\":\"https:\\\/\\\/www.beauville.com\\\/de\\\/?s={search_term_string}\"},\"query-input\":{\"@type\":\"PropertyValueSpecification\",\"valueRequired\":true,\"valueName\":\"search_term_string\"}}],\"inLanguage\":\"de\"},{\"@type\":\"Organization\",\"@id\":\"https:\\\/\\\/www.beauville.com\\\/de\\\/#organization\",\"name\":\"Beauvill\u00e9\",\"url\":\"https:\\\/\\\/www.beauville.com\\\/de\\\/\",\"logo\":{\"@type\":\"ImageObject\",\"inLanguage\":\"de\",\"@id\":\"https:\\\/\\\/www.beauville.com\\\/de\\\/#\\\/schema\\\/logo\\\/image\\\/\",\"url\":\"https:\\\/\\\/www.beauville.com\\\/wp-inside\\\/uploads\\\/2018\\\/10\\\/beauville-logo.png\",\"contentUrl\":\"https:\\\/\\\/www.beauville.com\\\/wp-inside\\\/uploads\\\/2018\\\/10\\\/beauville-logo.png\",\"width\":230,\"height\":90,\"caption\":\"Beauvill\u00e9\"},\"image\":{\"@id\":\"https:\\\/\\\/www.beauville.com\\\/de\\\/#\\\/schema\\\/logo\\\/image\\\/\"},\"sameAs\":[\"https:\\\/\\\/www.facebook.com\\\/beauville.createur\",\"https:\\\/\\\/www.instagram.com\\\/beauville.createur\\\/\",\"https:\\\/\\\/www.pinterest.fr\\\/beauvillecreateur\\\/_created\\\/\",\"https:\\\/\\\/www.youtube.com\\\/channel\\\/UCN1DiK6SUHdildYkanOBeeA\"]}]}<\/script>\n<!-- \/ Yoast SEO plugin. -->","yoast_head_json":{"title":"Website-\u00dcbersicht","robots":{"index":"index","follow":"follow","max-snippet":"max-snippet:-1","max-image-preview":"max-image-preview:large","max-video-preview":"max-video-preview:-1"},"canonical":"https:\/\/www.beauville.com\/de\/website-uebersicht\/","og_locale":"de_DE","og_type":"article","og_title":"Website-\u00dcbersicht","og_url":"https:\/\/www.beauville.com\/de\/website-uebersicht\/","og_site_name":"Beauvill\u00e9","article_publisher":"https:\/\/www.facebook.com\/beauville.createur","article_modified_time":"2025-05-14T10:10:00+00:00","twitter_card":"summary_large_image","schema":{"@context":"https:\/\/schema.org","@graph":[{"@type":"WebPage","@id":"https:\/\/www.beauville.com\/de\/website-uebersicht\/","url":"https:\/\/www.beauville.com\/de\/website-uebersicht\/","name":"Website-\u00dcbersicht","isPartOf":{"@id":"https:\/\/www.beauville.com\/de\/#website"},"datePublished":"2016-05-30T12:06:59+00:00","dateModified":"2025-05-14T10:10:00+00:00","breadcrumb":{"@id":"https:\/\/www.beauville.com\/de\/website-uebersicht\/#breadcrumb"},"inLanguage":"de","potentialAction":[{"@type":"ReadAction","target":["https:\/\/www.beauville.com\/de\/website-uebersicht\/"]}]},{"@type":"BreadcrumbList","@id":"https:\/\/www.beauville.com\/de\/website-uebersicht\/#breadcrumb","itemListElement":[{"@type":"ListItem","position":1,"name":"Home","item":"https:\/\/www.beauville.com\/de\/"},{"@type":"ListItem","position":2,"name":"Website-\u00dcbersicht"}]},{"@type":"WebSite","@id":"https:\/\/www.beauville.com\/de\/#website","url":"https:\/\/www.beauville.com\/de\/","name":"Beauvill\u00e9","description":"Creator by tradition","publisher":{"@id":"https:\/\/www.beauville.com\/de\/#organization"},"potentialAction":[{"@type":"SearchAction","target":{"@type":"EntryPoint","urlTemplate":"https:\/\/www.beauville.com\/de\/?s={search_term_string}"},"query-input":{"@type":"PropertyValueSpecification","valueRequired":true,"valueName":"search_term_string"}}],"inLanguage":"de"},{"@type":"Organization","@id":"https:\/\/www.beauville.com\/de\/#organization","name":"Beauvill\u00e9","url":"https:\/\/www.beauville.com\/de\/","logo":{"@type":"ImageObject","inLanguage":"de","@id":"https:\/\/www.beauville.com\/de\/#\/schema\/logo\/image\/","url":"https:\/\/www.beauville.com\/wp-inside\/uploads\/2018\/10\/beauville-logo.png","contentUrl":"https:\/\/www.beauville.com\/wp-inside\/uploads\/2018\/10\/beauville-logo.png","width":230,"height":90,"caption":"Beauvill\u00e9"},"image":{"@id":"https:\/\/www.beauville.com\/de\/#\/schema\/logo\/image\/"},"sameAs":["https:\/\/www.facebook.com\/beauville.createur","https:\/\/www.instagram.com\/beauville.createur\/","https:\/\/www.pinterest.fr\/beauvillecreateur\/_created\/","https:\/\/www.youtube.com\/channel\/UCN1DiK6SUHdildYkanOBeeA"]}]}},"_links":{"self":[{"href":"https:\/\/www.beauville.com\/de\/wp-json\/wp\/v2\/pages\/27744","targetHints":{"allow":["GET"]}}],"collection":[{"href":"https:\/\/www.beauville.com\/de\/wp-json\/wp\/v2\/pages"}],"about":[{"href":"https:\/\/www.beauville.com\/de\/wp-json\/wp\/v2\/types\/page"}],"author":[{"embeddable":true,"href":"https:\/\/www.beauville.com\/de\/wp-json\/wp\/v2\/users\/4"}],"replies":[{"embeddable":true,"href":"https:\/\/www.beauville.com\/de\/wp-json\/wp\/v2\/comments?post=27744"}],"version-history":[{"count":3,"href":"https:\/\/www.beauville.com\/de\/wp-json\/wp\/v2\/pages\/27744\/revisions"}],"predecessor-version":[{"id":33327,"href":"https:\/\/www.beauville.com\/de\/wp-json\/wp\/v2\/pages\/27744\/revisions\/33327"}],"wp:attachment":[{"href":"https:\/\/www.beauville.com\/de\/wp-json\/wp\/v2\/media?parent=27744"}],"curies":[{"name":"wp","href":"https:\/\/api.w.org\/{rel}","templated":true}]}}