{"id":27845,"date":"2020-11-03T12:54:23","date_gmt":"2020-11-03T11:54:23","guid":{"rendered":"https:\/\/www.beauville.com\/catalogue-virtuel-beauville\/"},"modified":"2026-04-20T16:57:04","modified_gmt":"2026-04-20T14:57:04","slug":"online-katalog","status":"publish","type":"page","link":"https:\/\/www.beauville.com\/de\/online-katalog\/","title":{"rendered":"Online Katalog &#8211; Beauvill\u00e9 Kollektion"},"content":{"rendered":"<h2><img decoding=\"async\" src=\"https:\/\/www.beauville.com\/wp-inside\/uploads\/2026\/03\/banniere-facebook-780x439.jpg\" class=\"alignnone size-w780\" \/><\/h2>\n<h2>Laden Sie Ihren digitalen Katalog herunter, um alle unsere Sammlungen zu entdecken :<\/h2>\n<p><a href=\"https:\/\/www.flipsnack.com\/87EAEAFF8D6\/catalogue-de-collection-beauvill-2026-flipsnack\">Catalogue collection 2026 Beauvill\u00e9 by &#8211; Flipsnack<\/a><\/p>\n<p>Sie k\u00f6nnen unseren Katalog auch im PDF-Format herunterladen<\/p>\n<p>Seien Sie freundlich zu unserem Planeten : drucken Sie bitte dieses Dokument nur bei Bedarf aus.<\/p>\n<p><a href=\"https:\/\/www.beauville.com\/wp-inside\/uploads\/2026\/04\/catalogue-collection-beauville-2026-web.pdf\">Kollektionskatalog Beauvill\u00e9 2026<\/a><\/p>\n","protected":false},"excerpt":{"rendered":"<p>Laden Sie Ihren digitalen Katalog herunter, um alle unsere Sammlungen zu entdecken : Catalogue collection 2026 Beauvill\u00e9 by &#8211; Flipsnack Sie k\u00f6nnen unseren Katalog auch im PDF-Format herunterladen Seien Sie [&hellip;]<\/p>\n","protected":false},"author":2,"featured_media":0,"parent":0,"menu_order":0,"comment_status":"closed","ping_status":"closed","template":"","meta":{"_acf_changed":false,"footnotes":""},"class_list":["post-27845","page","type-page","status-publish","hentry","wp-sticky"],"acf":[],"yoast_head":"<!-- This site is optimized with the Yoast SEO plugin v27.6 - https:\/\/yoast.com\/product\/yoast-seo-wordpress\/ -->\n<title>Online Katalog - Beauvill\u00e9 Kollektion<\/title>\n<meta name=\"description\" content=\"Entdecken Sie den digitalen Katalog von Beauvill\u00e9. Konsultieren Sie bequem online unsere Kollektionen, Ma\u00dfe und Farben und handeln Sie umweltbewusst.\" \/>\n<meta name=\"robots\" content=\"index, follow, max-snippet:-1, max-image-preview:large, max-video-preview:-1\" \/>\n<link rel=\"canonical\" href=\"https:\/\/www.beauville.com\/de\/online-katalog\/\" \/>\n<meta property=\"og:locale\" content=\"de_DE\" \/>\n<meta property=\"og:type\" content=\"article\" \/>\n<meta property=\"og:title\" content=\"Online Katalog - Beauvill\u00e9 Kollektion\" \/>\n<meta property=\"og:description\" content=\"Entdecken Sie den digitalen Katalog von Beauvill\u00e9. Konsultieren Sie bequem online unsere Kollektionen, Ma\u00dfe und Farben und handeln Sie umweltbewusst.\" \/>\n<meta property=\"og:url\" content=\"https:\/\/www.beauville.com\/de\/online-katalog\/\" \/>\n<meta property=\"og:site_name\" content=\"Beauvill\u00e9\" \/>\n<meta property=\"article:publisher\" content=\"https:\/\/www.facebook.com\/beauville.createur\" \/>\n<meta property=\"article:modified_time\" content=\"2026-04-20T14:57:04+00:00\" \/>\n<meta property=\"og:image\" content=\"https:\/\/www.beauville.com\/wp-inside\/uploads\/2026\/03\/banniere-facebook-780x439.jpg\" \/>\n<meta name=\"twitter:card\" content=\"summary_large_image\" \/>\n<meta name=\"twitter:label1\" content=\"Gesch\u00e4tzte Lesezeit\" \/>\n\t<meta name=\"twitter:data1\" content=\"1\u00a0Minute\" \/>\n<script type=\"application\/ld+json\" class=\"yoast-schema-graph\">{\"@context\":\"https:\\\/\\\/schema.org\",\"@graph\":[{\"@type\":\"WebPage\",\"@id\":\"https:\\\/\\\/www.beauville.com\\\/de\\\/online-katalog\\\/\",\"url\":\"https:\\\/\\\/www.beauville.com\\\/de\\\/online-katalog\\\/\",\"name\":\"Online Katalog - Beauvill\u00e9 Kollektion\",\"isPartOf\":{\"@id\":\"https:\\\/\\\/www.beauville.com\\\/de\\\/#website\"},\"primaryImageOfPage\":{\"@id\":\"https:\\\/\\\/www.beauville.com\\\/de\\\/online-katalog\\\/#primaryimage\"},\"image\":{\"@id\":\"https:\\\/\\\/www.beauville.com\\\/de\\\/online-katalog\\\/#primaryimage\"},\"thumbnailUrl\":\"https:\\\/\\\/www.beauville.com\\\/wp-inside\\\/uploads\\\/2026\\\/03\\\/banniere-facebook-780x439.jpg\",\"datePublished\":\"2020-11-03T11:54:23+00:00\",\"dateModified\":\"2026-04-20T14:57:04+00:00\",\"description\":\"Entdecken Sie den digitalen Katalog von Beauvill\u00e9. Konsultieren Sie bequem online unsere Kollektionen, Ma\u00dfe und Farben und handeln Sie umweltbewusst.\",\"breadcrumb\":{\"@id\":\"https:\\\/\\\/www.beauville.com\\\/de\\\/online-katalog\\\/#breadcrumb\"},\"inLanguage\":\"de\",\"potentialAction\":[{\"@type\":\"ReadAction\",\"target\":[\"https:\\\/\\\/www.beauville.com\\\/de\\\/online-katalog\\\/\"]}]},{\"@type\":\"ImageObject\",\"inLanguage\":\"de\",\"@id\":\"https:\\\/\\\/www.beauville.com\\\/de\\\/online-katalog\\\/#primaryimage\",\"url\":\"https:\\\/\\\/www.beauville.com\\\/wp-inside\\\/uploads\\\/2026\\\/03\\\/banniere-facebook-780x439.jpg\",\"contentUrl\":\"https:\\\/\\\/www.beauville.com\\\/wp-inside\\\/uploads\\\/2026\\\/03\\\/banniere-facebook-780x439.jpg\"},{\"@type\":\"BreadcrumbList\",\"@id\":\"https:\\\/\\\/www.beauville.com\\\/de\\\/online-katalog\\\/#breadcrumb\",\"itemListElement\":[{\"@type\":\"ListItem\",\"position\":1,\"name\":\"Home\",\"item\":\"https:\\\/\\\/www.beauville.com\\\/de\\\/\"},{\"@type\":\"ListItem\",\"position\":2,\"name\":\"Catalogue num\u00e9rique\"}]},{\"@type\":\"WebSite\",\"@id\":\"https:\\\/\\\/www.beauville.com\\\/de\\\/#website\",\"url\":\"https:\\\/\\\/www.beauville.com\\\/de\\\/\",\"name\":\"Beauvill\u00e9\",\"description\":\"Creator by tradition\",\"publisher\":{\"@id\":\"https:\\\/\\\/www.beauville.com\\\/de\\\/#organization\"},\"potentialAction\":[{\"@type\":\"SearchAction\",\"target\":{\"@type\":\"EntryPoint\",\"urlTemplate\":\"https:\\\/\\\/www.beauville.com\\\/de\\\/?s={search_term_string}\"},\"query-input\":{\"@type\":\"PropertyValueSpecification\",\"valueRequired\":true,\"valueName\":\"search_term_string\"}}],\"inLanguage\":\"de\"},{\"@type\":\"Organization\",\"@id\":\"https:\\\/\\\/www.beauville.com\\\/de\\\/#organization\",\"name\":\"Beauvill\u00e9\",\"url\":\"https:\\\/\\\/www.beauville.com\\\/de\\\/\",\"logo\":{\"@type\":\"ImageObject\",\"inLanguage\":\"de\",\"@id\":\"https:\\\/\\\/www.beauville.com\\\/de\\\/#\\\/schema\\\/logo\\\/image\\\/\",\"url\":\"https:\\\/\\\/www.beauville.com\\\/wp-inside\\\/uploads\\\/2018\\\/10\\\/beauville-logo.png\",\"contentUrl\":\"https:\\\/\\\/www.beauville.com\\\/wp-inside\\\/uploads\\\/2018\\\/10\\\/beauville-logo.png\",\"width\":230,\"height\":90,\"caption\":\"Beauvill\u00e9\"},\"image\":{\"@id\":\"https:\\\/\\\/www.beauville.com\\\/de\\\/#\\\/schema\\\/logo\\\/image\\\/\"},\"sameAs\":[\"https:\\\/\\\/www.facebook.com\\\/beauville.createur\",\"https:\\\/\\\/www.instagram.com\\\/beauville.createur\\\/\",\"https:\\\/\\\/www.pinterest.fr\\\/beauvillecreateur\\\/_created\\\/\",\"https:\\\/\\\/www.youtube.com\\\/channel\\\/UCN1DiK6SUHdildYkanOBeeA\"]}]}<\/script>\n<!-- \/ Yoast SEO plugin. -->","yoast_head_json":{"title":"Online Katalog - Beauvill\u00e9 Kollektion","description":"Entdecken Sie den digitalen Katalog von Beauvill\u00e9. Konsultieren Sie bequem online unsere Kollektionen, Ma\u00dfe und Farben und handeln Sie umweltbewusst.","robots":{"index":"index","follow":"follow","max-snippet":"max-snippet:-1","max-image-preview":"max-image-preview:large","max-video-preview":"max-video-preview:-1"},"canonical":"https:\/\/www.beauville.com\/de\/online-katalog\/","og_locale":"de_DE","og_type":"article","og_title":"Online Katalog - Beauvill\u00e9 Kollektion","og_description":"Entdecken Sie den digitalen Katalog von Beauvill\u00e9. Konsultieren Sie bequem online unsere Kollektionen, Ma\u00dfe und Farben und handeln Sie umweltbewusst.","og_url":"https:\/\/www.beauville.com\/de\/online-katalog\/","og_site_name":"Beauvill\u00e9","article_publisher":"https:\/\/www.facebook.com\/beauville.createur","article_modified_time":"2026-04-20T14:57:04+00:00","og_image":[{"url":"https:\/\/www.beauville.com\/wp-inside\/uploads\/2026\/03\/banniere-facebook-780x439.jpg","type":"","width":"","height":""}],"twitter_card":"summary_large_image","twitter_misc":{"Gesch\u00e4tzte Lesezeit":"1\u00a0Minute"},"schema":{"@context":"https:\/\/schema.org","@graph":[{"@type":"WebPage","@id":"https:\/\/www.beauville.com\/de\/online-katalog\/","url":"https:\/\/www.beauville.com\/de\/online-katalog\/","name":"Online Katalog - Beauvill\u00e9 Kollektion","isPartOf":{"@id":"https:\/\/www.beauville.com\/de\/#website"},"primaryImageOfPage":{"@id":"https:\/\/www.beauville.com\/de\/online-katalog\/#primaryimage"},"image":{"@id":"https:\/\/www.beauville.com\/de\/online-katalog\/#primaryimage"},"thumbnailUrl":"https:\/\/www.beauville.com\/wp-inside\/uploads\/2026\/03\/banniere-facebook-780x439.jpg","datePublished":"2020-11-03T11:54:23+00:00","dateModified":"2026-04-20T14:57:04+00:00","description":"Entdecken Sie den digitalen Katalog von Beauvill\u00e9. Konsultieren Sie bequem online unsere Kollektionen, Ma\u00dfe und Farben und handeln Sie umweltbewusst.","breadcrumb":{"@id":"https:\/\/www.beauville.com\/de\/online-katalog\/#breadcrumb"},"inLanguage":"de","potentialAction":[{"@type":"ReadAction","target":["https:\/\/www.beauville.com\/de\/online-katalog\/"]}]},{"@type":"ImageObject","inLanguage":"de","@id":"https:\/\/www.beauville.com\/de\/online-katalog\/#primaryimage","url":"https:\/\/www.beauville.com\/wp-inside\/uploads\/2026\/03\/banniere-facebook-780x439.jpg","contentUrl":"https:\/\/www.beauville.com\/wp-inside\/uploads\/2026\/03\/banniere-facebook-780x439.jpg"},{"@type":"BreadcrumbList","@id":"https:\/\/www.beauville.com\/de\/online-katalog\/#breadcrumb","itemListElement":[{"@type":"ListItem","position":1,"name":"Home","item":"https:\/\/www.beauville.com\/de\/"},{"@type":"ListItem","position":2,"name":"Catalogue num\u00e9rique"}]},{"@type":"WebSite","@id":"https:\/\/www.beauville.com\/de\/#website","url":"https:\/\/www.beauville.com\/de\/","name":"Beauvill\u00e9","description":"Creator by tradition","publisher":{"@id":"https:\/\/www.beauville.com\/de\/#organization"},"potentialAction":[{"@type":"SearchAction","target":{"@type":"EntryPoint","urlTemplate":"https:\/\/www.beauville.com\/de\/?s={search_term_string}"},"query-input":{"@type":"PropertyValueSpecification","valueRequired":true,"valueName":"search_term_string"}}],"inLanguage":"de"},{"@type":"Organization","@id":"https:\/\/www.beauville.com\/de\/#organization","name":"Beauvill\u00e9","url":"https:\/\/www.beauville.com\/de\/","logo":{"@type":"ImageObject","inLanguage":"de","@id":"https:\/\/www.beauville.com\/de\/#\/schema\/logo\/image\/","url":"https:\/\/www.beauville.com\/wp-inside\/uploads\/2018\/10\/beauville-logo.png","contentUrl":"https:\/\/www.beauville.com\/wp-inside\/uploads\/2018\/10\/beauville-logo.png","width":230,"height":90,"caption":"Beauvill\u00e9"},"image":{"@id":"https:\/\/www.beauville.com\/de\/#\/schema\/logo\/image\/"},"sameAs":["https:\/\/www.facebook.com\/beauville.createur","https:\/\/www.instagram.com\/beauville.createur\/","https:\/\/www.pinterest.fr\/beauvillecreateur\/_created\/","https:\/\/www.youtube.com\/channel\/UCN1DiK6SUHdildYkanOBeeA"]}]}},"_links":{"self":[{"href":"https:\/\/www.beauville.com\/de\/wp-json\/wp\/v2\/pages\/27845","targetHints":{"allow":["GET"]}}],"collection":[{"href":"https:\/\/www.beauville.com\/de\/wp-json\/wp\/v2\/pages"}],"about":[{"href":"https:\/\/www.beauville.com\/de\/wp-json\/wp\/v2\/types\/page"}],"author":[{"embeddable":true,"href":"https:\/\/www.beauville.com\/de\/wp-json\/wp\/v2\/users\/2"}],"replies":[{"embeddable":true,"href":"https:\/\/www.beauville.com\/de\/wp-json\/wp\/v2\/comments?post=27845"}],"version-history":[{"count":35,"href":"https:\/\/www.beauville.com\/de\/wp-json\/wp\/v2\/pages\/27845\/revisions"}],"predecessor-version":[{"id":44185,"href":"https:\/\/www.beauville.com\/de\/wp-json\/wp\/v2\/pages\/27845\/revisions\/44185"}],"wp:attachment":[{"href":"https:\/\/www.beauville.com\/de\/wp-json\/wp\/v2\/media?parent=27845"}],"curies":[{"name":"wp","href":"https:\/\/api.w.org\/{rel}","templated":true}]}}