{"id":30352,"date":"2023-07-18T15:09:14","date_gmt":"2023-07-18T13:09:14","guid":{"rendered":"https:\/\/www.beauville.com\/page-de-test-2\/"},"modified":"2025-10-20T10:58:44","modified_gmt":"2025-10-20T08:58:44","slug":"unsere-werte","status":"publish","type":"page","link":"https:\/\/www.beauville.com\/de\/unsere-werte\/","title":{"rendered":"Unsere Werte"},"content":{"rendered":"<p style=\"text-align: center;\">Seit 1839 kreiert das Haus Beauvill\u00e9 au\u00dfergew\u00f6hnliche Stoffe. Die Manufacture d&#8217;Impression sur Etoffes gibt \u00fcber Generationen hinweg ein von Leidenschaft und Exzellenz gepr\u00e4gtes Erbe weiter. Das Unternehmen hat es verstanden, sich an die technischen Entwicklungen anzupassen und dabei sein einzigartiges Know-how zu bewahren, indem es Tradition und Eleganz miteinander verbindet.<\/p>\n<p>Daher ist es den Teams von Beauville seit fast zwei Jahrhunderten ein Anliegen, unver\u00e4nderliche Werte weiterzugeben&#8230;<\/p>\n<p><strong>TRADITION UND ERBE :<\/strong><\/p>\n<p><img decoding=\"async\" src=\"https:\/\/www.beauville.com\/wp-inside\/uploads\/2024\/06\/36.jpg\" class=\"alignnone size-full\" \/><\/p>\n<p>Beauvill\u00e9 steht f\u00fcr das Symbol der Weitergabe einer Geschichte \u00fcber Generationen hinweg. Mit seinem einzigartigen handwerklichen Know-how, das auf eine zweihundertj\u00e4hrige Geschichte zur\u00fcckgeht, verk\u00f6rpert das Haus Exzellenz und Qualit\u00e4t. Im Laufe der Zeit hat Beauvill\u00e9 sein Erbe bewahrt und weitergegeben und bietet zeitlose Produkte, in denen die Farbe ihre ganze Pracht entfaltet. Jedes von Beauvill\u00e9 kreierte St\u00fcck ist ein Bindeglied zwischen der Gegenwart und der Vergangenheit, das Verbindungen zwischen Menschen und Kulturen kn\u00fcpft. In gro\u00dfen Schl\u00f6ssern, in Museen wie auch in Privathaushalten veredeln die Stoffe von Beauvill\u00e9 Ihre Innenr\u00e4ume.<\/p>\n<p>&nbsp;<\/p>\n<p style=\"text-align: right;\"><strong>MADE IN FRANCE :<\/strong><\/p>\n<p><img decoding=\"async\" src=\"https:\/\/www.beauville.com\/wp-inside\/uploads\/2024\/06\/37.jpg\" class=\"alignnone size-full\" \/><\/p>\n<p style=\"text-align: right;\">In Frankreich herzustellen ist mehr als eine Verpflichtung, es ist eine Philosophie.Das Haus Beauvill\u00e9 arbeitet seit jeher mit franz\u00f6sischen Lieferanten zusammen, um sich f\u00fcr den Erhalt des Wissens und der Kompetenzen im Land einzusetzen. Die Entscheidung f\u00fcr Frankreich steht auch f\u00fcr Qualit\u00e4t, Kontrolle und den Aufbau eines vertrauensvollen \u00d6kosystems.Seit 1839 bedrucken die Teams von Beauvill\u00e9 in Ribeauvill\u00e9 im Elsass Stoffe von au\u00dfergew\u00f6hnlicher Qualit\u00e4t. Es liegt ihnen am Herzen, dieses zu 100 % franz\u00f6sische Know-how zu bewahren und weiterzuentwickeln. Die Beauvill\u00e9-Philosophie vereint leidenschaftliche Teams um ein Ideal: die Herstellung au\u00dfergew\u00f6hnlicher und nachhaltiger Stoffe in Frankreich durch die F\u00f6rderung kurzer Wege. Das 2009 verliehene Label Entreprise du Patrimoine Vivant (Unternehmen des lebendigen Kulturerbes) symbolisiert die Anerkennung unseres einzigartigen Know-hows.<\/p>\n<p><strong>PASSION :<\/strong><\/p>\n<p><img decoding=\"async\" src=\"https:\/\/www.beauville.com\/wp-inside\/uploads\/2024\/06\/38.jpg\" class=\"alignnone size-full\" \/><\/p>\n<p>Die Beauvill\u00e9-Teams werden t\u00e4glich von derselben Leidenschaft angetrieben, der Leidenschaft f\u00fcr Spitzenleistungen. Das Sch\u00f6ne (von Beauvill\u00e9) ist ein Ideal, das zu erreichen jedem Mitarbeiter am Herzen liegt. Das Engagement der M\u00e4nner und Frauen, die bei Beauvill\u00e9 arbeiten, zeigt sich in einzigartigen Stoffen mit grenzenloser Kreativit\u00e4t. Die Leidenschaft liegt auch in dem Wunsch, Ihre Dekoration durch die Kraft der Farbe und die Qualit\u00e4t des Stoffes zu versch\u00f6nern. Stoffe zu kreieren, zu bedrucken und zu sublimieren sind alles Etappen, bei denen die Leidenschaft f\u00fcr den Beruf und die Farbe die einzigen Leitf\u00e4den sind. Das Haus Beauvill\u00e9 arbeitet jeden Tag an der Kreation von St\u00fccken, die Sie viele Jahre lang begleiten und im Mittelpunkt unvergesslicher Momente der Geselligkeit stehen werden. So wird bei Beauvill\u00e9 die Leidenschaft weitergegeben und ist sogar ansteckend&#8230;<\/p>\n<p>&nbsp;<\/p>\n<p style=\"text-align: right;\"><strong>EXCELLENCE :<\/strong><\/p>\n<p><img decoding=\"async\" src=\"https:\/\/www.beauville.com\/wp-inside\/uploads\/2024\/06\/39.jpg\" class=\"alignnone size-full\" \/><\/p>\n<p style=\"text-align: right;\">Beauvill\u00e9 verk\u00f6rpert die Essenz von Strenge und Exzellenz. Das Haus ist bekannt f\u00fcr seine au\u00dfergew\u00f6hnlichen Produkte, die un\u00fcbertroffene Haltbarkeit und Qualit\u00e4t vereinen. Jede Kreation von Beauvill\u00e9 ist ein wahres Meisterwerk, das die zeitlose Eleganz und die franz\u00f6sische Lebensart einf\u00e4ngt. Sein Engagement f\u00fcr Sch\u00f6nheit spiegelt sich in jedem Stoff und jedem Muster wider und schafft so eine magische Atmosph\u00e4re, in der Eleganz auf Innovation trifft. Als Symbol f\u00fcr Exzellenz inspiriert und zelebriert Beauvill\u00e9 die perfekte Verbindung von Tradition und Moderne und bewahrt dabei das handwerkliche Erbe, das seine einzigartige Identit\u00e4t kennzeichnet.<\/p>\n","protected":false},"excerpt":{"rendered":"<p>Seit 1839 kreiert das Haus Beauvill\u00e9 au\u00dfergew\u00f6hnliche Stoffe. Die Manufacture d&#8217;Impression sur Etoffes gibt \u00fcber Generationen hinweg ein von Leidenschaft und Exzellenz gepr\u00e4gtes Erbe weiter. Das Unternehmen hat es verstanden, [&hellip;]<\/p>\n","protected":false},"author":4,"featured_media":0,"parent":0,"menu_order":0,"comment_status":"closed","ping_status":"closed","template":"","meta":{"_acf_changed":false,"footnotes":""},"class_list":["post-30352","page","type-page","status-publish","hentry","wp-sticky"],"acf":[],"yoast_head":"<!-- This site is optimized with the Yoast SEO plugin v27.4 - https:\/\/yoast.com\/product\/yoast-seo-wordpress\/ -->\n<title>Unsere Werte<\/title>\n<meta name=\"description\" content=\"Seit 1839 verbindet Beauvill\u00e9 franz\u00f6sisches Know-how, Tradition und Exzellenz in zeitlosen, handgefertigten Stoffen f\u00fcr Innenr\u00e4ume und Dekoration.\" \/>\n<meta name=\"robots\" content=\"index, follow, max-snippet:-1, max-image-preview:large, max-video-preview:-1\" \/>\n<link rel=\"canonical\" href=\"https:\/\/www.beauville.com\/de\/unsere-werte\/\" \/>\n<meta property=\"og:locale\" content=\"de_DE\" \/>\n<meta property=\"og:type\" content=\"article\" \/>\n<meta property=\"og:title\" content=\"Unsere Werte\" \/>\n<meta property=\"og:description\" content=\"Seit 1839 verbindet Beauvill\u00e9 franz\u00f6sisches Know-how, Tradition und Exzellenz in zeitlosen, handgefertigten Stoffen f\u00fcr Innenr\u00e4ume und Dekoration.\" \/>\n<meta property=\"og:url\" content=\"https:\/\/www.beauville.com\/de\/unsere-werte\/\" \/>\n<meta property=\"og:site_name\" content=\"Beauvill\u00e9\" \/>\n<meta property=\"article:publisher\" content=\"https:\/\/www.facebook.com\/beauville.createur\" \/>\n<meta property=\"article:modified_time\" content=\"2025-10-20T08:58:44+00:00\" \/>\n<meta property=\"og:image\" content=\"https:\/\/www.beauville.com\/wp-inside\/uploads\/2024\/06\/36.jpg\" \/>\n<meta name=\"twitter:card\" content=\"summary_large_image\" \/>\n<meta name=\"twitter:label1\" content=\"Gesch\u00e4tzte Lesezeit\" \/>\n\t<meta name=\"twitter:data1\" content=\"3\u00a0Minuten\" \/>\n<script type=\"application\/ld+json\" class=\"yoast-schema-graph\">{\"@context\":\"https:\\\/\\\/schema.org\",\"@graph\":[{\"@type\":\"WebPage\",\"@id\":\"https:\\\/\\\/www.beauville.com\\\/de\\\/unsere-werte\\\/\",\"url\":\"https:\\\/\\\/www.beauville.com\\\/de\\\/unsere-werte\\\/\",\"name\":\"Unsere Werte\",\"isPartOf\":{\"@id\":\"https:\\\/\\\/www.beauville.com\\\/de\\\/#website\"},\"primaryImageOfPage\":{\"@id\":\"https:\\\/\\\/www.beauville.com\\\/de\\\/unsere-werte\\\/#primaryimage\"},\"image\":{\"@id\":\"https:\\\/\\\/www.beauville.com\\\/de\\\/unsere-werte\\\/#primaryimage\"},\"thumbnailUrl\":\"https:\\\/\\\/www.beauville.com\\\/wp-inside\\\/uploads\\\/2024\\\/06\\\/36.jpg\",\"datePublished\":\"2023-07-18T13:09:14+00:00\",\"dateModified\":\"2025-10-20T08:58:44+00:00\",\"description\":\"Seit 1839 verbindet Beauvill\u00e9 franz\u00f6sisches Know-how, Tradition und Exzellenz in zeitlosen, handgefertigten Stoffen f\u00fcr Innenr\u00e4ume und Dekoration.\",\"breadcrumb\":{\"@id\":\"https:\\\/\\\/www.beauville.com\\\/de\\\/unsere-werte\\\/#breadcrumb\"},\"inLanguage\":\"de\",\"potentialAction\":[{\"@type\":\"ReadAction\",\"target\":[\"https:\\\/\\\/www.beauville.com\\\/de\\\/unsere-werte\\\/\"]}]},{\"@type\":\"ImageObject\",\"inLanguage\":\"de\",\"@id\":\"https:\\\/\\\/www.beauville.com\\\/de\\\/unsere-werte\\\/#primaryimage\",\"url\":\"https:\\\/\\\/www.beauville.com\\\/wp-inside\\\/uploads\\\/2024\\\/06\\\/36.jpg\",\"contentUrl\":\"https:\\\/\\\/www.beauville.com\\\/wp-inside\\\/uploads\\\/2024\\\/06\\\/36.jpg\"},{\"@type\":\"BreadcrumbList\",\"@id\":\"https:\\\/\\\/www.beauville.com\\\/de\\\/unsere-werte\\\/#breadcrumb\",\"itemListElement\":[{\"@type\":\"ListItem\",\"position\":1,\"name\":\"Home\",\"item\":\"https:\\\/\\\/www.beauville.com\\\/de\\\/\"},{\"@type\":\"ListItem\",\"position\":2,\"name\":\"Unsere Werte\"}]},{\"@type\":\"WebSite\",\"@id\":\"https:\\\/\\\/www.beauville.com\\\/de\\\/#website\",\"url\":\"https:\\\/\\\/www.beauville.com\\\/de\\\/\",\"name\":\"Beauvill\u00e9\",\"description\":\"Creator by tradition\",\"publisher\":{\"@id\":\"https:\\\/\\\/www.beauville.com\\\/de\\\/#organization\"},\"potentialAction\":[{\"@type\":\"SearchAction\",\"target\":{\"@type\":\"EntryPoint\",\"urlTemplate\":\"https:\\\/\\\/www.beauville.com\\\/de\\\/?s={search_term_string}\"},\"query-input\":{\"@type\":\"PropertyValueSpecification\",\"valueRequired\":true,\"valueName\":\"search_term_string\"}}],\"inLanguage\":\"de\"},{\"@type\":\"Organization\",\"@id\":\"https:\\\/\\\/www.beauville.com\\\/de\\\/#organization\",\"name\":\"Beauvill\u00e9\",\"url\":\"https:\\\/\\\/www.beauville.com\\\/de\\\/\",\"logo\":{\"@type\":\"ImageObject\",\"inLanguage\":\"de\",\"@id\":\"https:\\\/\\\/www.beauville.com\\\/de\\\/#\\\/schema\\\/logo\\\/image\\\/\",\"url\":\"https:\\\/\\\/www.beauville.com\\\/wp-inside\\\/uploads\\\/2018\\\/10\\\/beauville-logo.png\",\"contentUrl\":\"https:\\\/\\\/www.beauville.com\\\/wp-inside\\\/uploads\\\/2018\\\/10\\\/beauville-logo.png\",\"width\":230,\"height\":90,\"caption\":\"Beauvill\u00e9\"},\"image\":{\"@id\":\"https:\\\/\\\/www.beauville.com\\\/de\\\/#\\\/schema\\\/logo\\\/image\\\/\"},\"sameAs\":[\"https:\\\/\\\/www.facebook.com\\\/beauville.createur\",\"https:\\\/\\\/www.instagram.com\\\/beauville.createur\\\/\",\"https:\\\/\\\/www.pinterest.fr\\\/beauvillecreateur\\\/_created\\\/\",\"https:\\\/\\\/www.youtube.com\\\/channel\\\/UCN1DiK6SUHdildYkanOBeeA\"]}]}<\/script>\n<!-- \/ Yoast SEO plugin. -->","yoast_head_json":{"title":"Unsere Werte","description":"Seit 1839 verbindet Beauvill\u00e9 franz\u00f6sisches Know-how, Tradition und Exzellenz in zeitlosen, handgefertigten Stoffen f\u00fcr Innenr\u00e4ume und Dekoration.","robots":{"index":"index","follow":"follow","max-snippet":"max-snippet:-1","max-image-preview":"max-image-preview:large","max-video-preview":"max-video-preview:-1"},"canonical":"https:\/\/www.beauville.com\/de\/unsere-werte\/","og_locale":"de_DE","og_type":"article","og_title":"Unsere Werte","og_description":"Seit 1839 verbindet Beauvill\u00e9 franz\u00f6sisches Know-how, Tradition und Exzellenz in zeitlosen, handgefertigten Stoffen f\u00fcr Innenr\u00e4ume und Dekoration.","og_url":"https:\/\/www.beauville.com\/de\/unsere-werte\/","og_site_name":"Beauvill\u00e9","article_publisher":"https:\/\/www.facebook.com\/beauville.createur","article_modified_time":"2025-10-20T08:58:44+00:00","og_image":[{"url":"https:\/\/www.beauville.com\/wp-inside\/uploads\/2024\/06\/36.jpg","type":"","width":"","height":""}],"twitter_card":"summary_large_image","twitter_misc":{"Gesch\u00e4tzte Lesezeit":"3\u00a0Minuten"},"schema":{"@context":"https:\/\/schema.org","@graph":[{"@type":"WebPage","@id":"https:\/\/www.beauville.com\/de\/unsere-werte\/","url":"https:\/\/www.beauville.com\/de\/unsere-werte\/","name":"Unsere Werte","isPartOf":{"@id":"https:\/\/www.beauville.com\/de\/#website"},"primaryImageOfPage":{"@id":"https:\/\/www.beauville.com\/de\/unsere-werte\/#primaryimage"},"image":{"@id":"https:\/\/www.beauville.com\/de\/unsere-werte\/#primaryimage"},"thumbnailUrl":"https:\/\/www.beauville.com\/wp-inside\/uploads\/2024\/06\/36.jpg","datePublished":"2023-07-18T13:09:14+00:00","dateModified":"2025-10-20T08:58:44+00:00","description":"Seit 1839 verbindet Beauvill\u00e9 franz\u00f6sisches Know-how, Tradition und Exzellenz in zeitlosen, handgefertigten Stoffen f\u00fcr Innenr\u00e4ume und Dekoration.","breadcrumb":{"@id":"https:\/\/www.beauville.com\/de\/unsere-werte\/#breadcrumb"},"inLanguage":"de","potentialAction":[{"@type":"ReadAction","target":["https:\/\/www.beauville.com\/de\/unsere-werte\/"]}]},{"@type":"ImageObject","inLanguage":"de","@id":"https:\/\/www.beauville.com\/de\/unsere-werte\/#primaryimage","url":"https:\/\/www.beauville.com\/wp-inside\/uploads\/2024\/06\/36.jpg","contentUrl":"https:\/\/www.beauville.com\/wp-inside\/uploads\/2024\/06\/36.jpg"},{"@type":"BreadcrumbList","@id":"https:\/\/www.beauville.com\/de\/unsere-werte\/#breadcrumb","itemListElement":[{"@type":"ListItem","position":1,"name":"Home","item":"https:\/\/www.beauville.com\/de\/"},{"@type":"ListItem","position":2,"name":"Unsere Werte"}]},{"@type":"WebSite","@id":"https:\/\/www.beauville.com\/de\/#website","url":"https:\/\/www.beauville.com\/de\/","name":"Beauvill\u00e9","description":"Creator by tradition","publisher":{"@id":"https:\/\/www.beauville.com\/de\/#organization"},"potentialAction":[{"@type":"SearchAction","target":{"@type":"EntryPoint","urlTemplate":"https:\/\/www.beauville.com\/de\/?s={search_term_string}"},"query-input":{"@type":"PropertyValueSpecification","valueRequired":true,"valueName":"search_term_string"}}],"inLanguage":"de"},{"@type":"Organization","@id":"https:\/\/www.beauville.com\/de\/#organization","name":"Beauvill\u00e9","url":"https:\/\/www.beauville.com\/de\/","logo":{"@type":"ImageObject","inLanguage":"de","@id":"https:\/\/www.beauville.com\/de\/#\/schema\/logo\/image\/","url":"https:\/\/www.beauville.com\/wp-inside\/uploads\/2018\/10\/beauville-logo.png","contentUrl":"https:\/\/www.beauville.com\/wp-inside\/uploads\/2018\/10\/beauville-logo.png","width":230,"height":90,"caption":"Beauvill\u00e9"},"image":{"@id":"https:\/\/www.beauville.com\/de\/#\/schema\/logo\/image\/"},"sameAs":["https:\/\/www.facebook.com\/beauville.createur","https:\/\/www.instagram.com\/beauville.createur\/","https:\/\/www.pinterest.fr\/beauvillecreateur\/_created\/","https:\/\/www.youtube.com\/channel\/UCN1DiK6SUHdildYkanOBeeA"]}]}},"_links":{"self":[{"href":"https:\/\/www.beauville.com\/de\/wp-json\/wp\/v2\/pages\/30352","targetHints":{"allow":["GET"]}}],"collection":[{"href":"https:\/\/www.beauville.com\/de\/wp-json\/wp\/v2\/pages"}],"about":[{"href":"https:\/\/www.beauville.com\/de\/wp-json\/wp\/v2\/types\/page"}],"author":[{"embeddable":true,"href":"https:\/\/www.beauville.com\/de\/wp-json\/wp\/v2\/users\/4"}],"replies":[{"embeddable":true,"href":"https:\/\/www.beauville.com\/de\/wp-json\/wp\/v2\/comments?post=30352"}],"version-history":[{"count":13,"href":"https:\/\/www.beauville.com\/de\/wp-json\/wp\/v2\/pages\/30352\/revisions"}],"predecessor-version":[{"id":37732,"href":"https:\/\/www.beauville.com\/de\/wp-json\/wp\/v2\/pages\/30352\/revisions\/37732"}],"wp:attachment":[{"href":"https:\/\/www.beauville.com\/de\/wp-json\/wp\/v2\/media?parent=30352"}],"curies":[{"name":"wp","href":"https:\/\/api.w.org\/{rel}","templated":true}]}}