{"id":31060,"date":"2024-02-29T10:32:51","date_gmt":"2024-02-29T09:32:51","guid":{"rendered":"https:\/\/www.beauville.com\/?page_id=31060"},"modified":"2024-02-29T10:32:51","modified_gmt":"2024-02-29T09:32:51","slug":"das-museum","status":"publish","type":"page","link":"https:\/\/www.beauville.com\/de\/das-museum\/","title":{"rendered":"Das Museum"},"content":{"rendered":"<p><img decoding=\"async\" src=\"https:\/\/www.beauville.com\/wp-inside\/uploads\/2024\/02\/img_1521.jpg\" class=\"alignnone size-full\" \/>Entdecken Sie das Beauvill\u00e9-Museum direkt in unserem Gesch\u00e4ft, wo jeder Besuch ein Eintauchen in Geschichte, Kunst und Tradition ist. Das Beauvill\u00e9-Museum ist der richtige Ort f\u00fcr Kunstliebhaber, Textilsammler und alle, die einfach nur neugierig auf die Kunst des Tisches sind.<\/p>\n<p>Entdecken Sie, wie Sch\u00f6nheit, Eleganz und Funktionalit\u00e4t harmonisch ineinander greifen und das Wesen der franz\u00f6sischen Kultur ausmachen. Folgen Sie uns durch die Jahrhunderte, von den Urspr\u00fcngen der Tischkunst bis hin zu den zeitgen\u00f6ssischen Entwicklungen und den symboltr\u00e4chtigen Ereignissen, die seine Geschichte gepr\u00e4gt haben.<\/p>\n<p>F\u00fcr ein noch umfassenderes Erlebnis bieten wir auch private F\u00fchrungen an. Lassen Sie sich f\u00fchren, lernen Sie die Geheimnisse der Produktion kennen und sprechen Sie mit unserem Team, um unser Handwerk besser zu verstehen.<\/p>\n<p>Das Beauvill\u00e9-Museum ist zu den \u00d6ffnungszeiten der Gesch\u00e4fte ge\u00f6ffnet:<\/p>\n<p>Montag bis Freitag<br \/>\n9:30-12:15, 14:00-17:45<\/p>\n<p>Ob allein, mit der Familie oder mit Freunden, wir freuen uns auf Ihren Besuch und darauf, mit Ihnen diese einzigartige, lehrreiche und inspirierende Erfahrung zu teilen.<\/p>\n<p>Kommen Sie zu uns und entdecken Sie die Kunst der Tafel, wie Sie sie noch nie gesehen haben.<\/p>\n<p>Reservieren Sie jetzt unter der Telefonnummer +33 (0)3 89 73 74 74<\/p>\n","protected":false},"excerpt":{"rendered":"<p>Entdecken Sie das Beauvill\u00e9-Museum direkt in unserem Gesch\u00e4ft, wo jeder Besuch ein Eintauchen in Geschichte, Kunst und Tradition ist. Das Beauvill\u00e9-Museum ist der richtige Ort f\u00fcr Kunstliebhaber, Textilsammler und alle, [&hellip;]<\/p>\n","protected":false},"author":2,"featured_media":0,"parent":0,"menu_order":0,"comment_status":"closed","ping_status":"closed","template":"","meta":{"_acf_changed":false,"footnotes":""},"class_list":["post-31060","page","type-page","status-publish","hentry","wp-sticky"],"acf":[],"yoast_head":"<!-- This site is optimized with the Yoast SEO plugin v27.5 - https:\/\/yoast.com\/product\/yoast-seo-wordpress\/ -->\n<title>Das Museum<\/title>\n<meta name=\"description\" content=\"Entdecken Sie das Beauvill\u00e9-Museum direkt in unserem Gesch\u00e4ft, wo jeder Besuch ein Eintauchen in Geschichte, Kunst und Tradition ist. Das Beauvill\u00e9-Museum ist der richtige Ort f\u00fcr Kunstliebhaber, Textilsammler und alle, die einfach nur neugierig auf die Kunst des Tisches sind.\" \/>\n<meta name=\"robots\" content=\"index, follow, max-snippet:-1, max-image-preview:large, max-video-preview:-1\" \/>\n<link rel=\"canonical\" href=\"https:\/\/www.beauville.com\/de\/das-museum\/\" \/>\n<meta property=\"og:locale\" content=\"de_DE\" \/>\n<meta property=\"og:type\" content=\"article\" \/>\n<meta property=\"og:title\" content=\"Das Museum\" \/>\n<meta property=\"og:description\" content=\"Entdecken Sie das Beauvill\u00e9-Museum direkt in unserem Gesch\u00e4ft, wo jeder Besuch ein Eintauchen in Geschichte, Kunst und Tradition ist. Das Beauvill\u00e9-Museum ist der richtige Ort f\u00fcr Kunstliebhaber, Textilsammler und alle, die einfach nur neugierig auf die Kunst des Tisches sind.\" \/>\n<meta property=\"og:url\" content=\"https:\/\/www.beauville.com\/de\/das-museum\/\" \/>\n<meta property=\"og:site_name\" content=\"Beauvill\u00e9\" \/>\n<meta property=\"article:publisher\" content=\"https:\/\/www.facebook.com\/beauville.createur\" \/>\n<meta property=\"og:image\" content=\"https:\/\/www.beauville.com\/wp-inside\/uploads\/2024\/02\/img_1521.jpg\" \/>\n<meta name=\"twitter:card\" content=\"summary_large_image\" \/>\n<meta name=\"twitter:label1\" content=\"Gesch\u00e4tzte Lesezeit\" \/>\n\t<meta name=\"twitter:data1\" content=\"1\u00a0Minute\" \/>\n<script type=\"application\/ld+json\" class=\"yoast-schema-graph\">{\"@context\":\"https:\\\/\\\/schema.org\",\"@graph\":[{\"@type\":\"WebPage\",\"@id\":\"https:\\\/\\\/www.beauville.com\\\/de\\\/das-museum\\\/\",\"url\":\"https:\\\/\\\/www.beauville.com\\\/de\\\/das-museum\\\/\",\"name\":\"Das Museum\",\"isPartOf\":{\"@id\":\"https:\\\/\\\/www.beauville.com\\\/de\\\/#website\"},\"primaryImageOfPage\":{\"@id\":\"https:\\\/\\\/www.beauville.com\\\/de\\\/das-museum\\\/#primaryimage\"},\"image\":{\"@id\":\"https:\\\/\\\/www.beauville.com\\\/de\\\/das-museum\\\/#primaryimage\"},\"thumbnailUrl\":\"https:\\\/\\\/www.beauville.com\\\/wp-inside\\\/uploads\\\/2024\\\/02\\\/img_1521.jpg\",\"datePublished\":\"2024-02-29T09:32:51+00:00\",\"description\":\"Entdecken Sie das Beauvill\u00e9-Museum direkt in unserem Gesch\u00e4ft, wo jeder Besuch ein Eintauchen in Geschichte, Kunst und Tradition ist. Das Beauvill\u00e9-Museum ist der richtige Ort f\u00fcr Kunstliebhaber, Textilsammler und alle, die einfach nur neugierig auf die Kunst des Tisches sind.\",\"breadcrumb\":{\"@id\":\"https:\\\/\\\/www.beauville.com\\\/de\\\/das-museum\\\/#breadcrumb\"},\"inLanguage\":\"de\",\"potentialAction\":[{\"@type\":\"ReadAction\",\"target\":[\"https:\\\/\\\/www.beauville.com\\\/de\\\/das-museum\\\/\"]}]},{\"@type\":\"ImageObject\",\"inLanguage\":\"de\",\"@id\":\"https:\\\/\\\/www.beauville.com\\\/de\\\/das-museum\\\/#primaryimage\",\"url\":\"https:\\\/\\\/www.beauville.com\\\/wp-inside\\\/uploads\\\/2024\\\/02\\\/img_1521.jpg\",\"contentUrl\":\"https:\\\/\\\/www.beauville.com\\\/wp-inside\\\/uploads\\\/2024\\\/02\\\/img_1521.jpg\"},{\"@type\":\"BreadcrumbList\",\"@id\":\"https:\\\/\\\/www.beauville.com\\\/de\\\/das-museum\\\/#breadcrumb\",\"itemListElement\":[{\"@type\":\"ListItem\",\"position\":1,\"name\":\"Home\",\"item\":\"https:\\\/\\\/www.beauville.com\\\/de\\\/\"},{\"@type\":\"ListItem\",\"position\":2,\"name\":\"Das Museum\"}]},{\"@type\":\"WebSite\",\"@id\":\"https:\\\/\\\/www.beauville.com\\\/de\\\/#website\",\"url\":\"https:\\\/\\\/www.beauville.com\\\/de\\\/\",\"name\":\"Beauvill\u00e9\",\"description\":\"Creator by tradition\",\"publisher\":{\"@id\":\"https:\\\/\\\/www.beauville.com\\\/de\\\/#organization\"},\"potentialAction\":[{\"@type\":\"SearchAction\",\"target\":{\"@type\":\"EntryPoint\",\"urlTemplate\":\"https:\\\/\\\/www.beauville.com\\\/de\\\/?s={search_term_string}\"},\"query-input\":{\"@type\":\"PropertyValueSpecification\",\"valueRequired\":true,\"valueName\":\"search_term_string\"}}],\"inLanguage\":\"de\"},{\"@type\":\"Organization\",\"@id\":\"https:\\\/\\\/www.beauville.com\\\/de\\\/#organization\",\"name\":\"Beauvill\u00e9\",\"url\":\"https:\\\/\\\/www.beauville.com\\\/de\\\/\",\"logo\":{\"@type\":\"ImageObject\",\"inLanguage\":\"de\",\"@id\":\"https:\\\/\\\/www.beauville.com\\\/de\\\/#\\\/schema\\\/logo\\\/image\\\/\",\"url\":\"https:\\\/\\\/www.beauville.com\\\/wp-inside\\\/uploads\\\/2018\\\/10\\\/beauville-logo.png\",\"contentUrl\":\"https:\\\/\\\/www.beauville.com\\\/wp-inside\\\/uploads\\\/2018\\\/10\\\/beauville-logo.png\",\"width\":230,\"height\":90,\"caption\":\"Beauvill\u00e9\"},\"image\":{\"@id\":\"https:\\\/\\\/www.beauville.com\\\/de\\\/#\\\/schema\\\/logo\\\/image\\\/\"},\"sameAs\":[\"https:\\\/\\\/www.facebook.com\\\/beauville.createur\",\"https:\\\/\\\/www.instagram.com\\\/beauville.createur\\\/\",\"https:\\\/\\\/www.pinterest.fr\\\/beauvillecreateur\\\/_created\\\/\",\"https:\\\/\\\/www.youtube.com\\\/channel\\\/UCN1DiK6SUHdildYkanOBeeA\"]}]}<\/script>\n<!-- \/ Yoast SEO plugin. -->","yoast_head_json":{"title":"Das Museum","description":"Entdecken Sie das Beauvill\u00e9-Museum direkt in unserem Gesch\u00e4ft, wo jeder Besuch ein Eintauchen in Geschichte, Kunst und Tradition ist. Das Beauvill\u00e9-Museum ist der richtige Ort f\u00fcr Kunstliebhaber, Textilsammler und alle, die einfach nur neugierig auf die Kunst des Tisches sind.","robots":{"index":"index","follow":"follow","max-snippet":"max-snippet:-1","max-image-preview":"max-image-preview:large","max-video-preview":"max-video-preview:-1"},"canonical":"https:\/\/www.beauville.com\/de\/das-museum\/","og_locale":"de_DE","og_type":"article","og_title":"Das Museum","og_description":"Entdecken Sie das Beauvill\u00e9-Museum direkt in unserem Gesch\u00e4ft, wo jeder Besuch ein Eintauchen in Geschichte, Kunst und Tradition ist. Das Beauvill\u00e9-Museum ist der richtige Ort f\u00fcr Kunstliebhaber, Textilsammler und alle, die einfach nur neugierig auf die Kunst des Tisches sind.","og_url":"https:\/\/www.beauville.com\/de\/das-museum\/","og_site_name":"Beauvill\u00e9","article_publisher":"https:\/\/www.facebook.com\/beauville.createur","og_image":[{"url":"https:\/\/www.beauville.com\/wp-inside\/uploads\/2024\/02\/img_1521.jpg","type":"","width":"","height":""}],"twitter_card":"summary_large_image","twitter_misc":{"Gesch\u00e4tzte Lesezeit":"1\u00a0Minute"},"schema":{"@context":"https:\/\/schema.org","@graph":[{"@type":"WebPage","@id":"https:\/\/www.beauville.com\/de\/das-museum\/","url":"https:\/\/www.beauville.com\/de\/das-museum\/","name":"Das Museum","isPartOf":{"@id":"https:\/\/www.beauville.com\/de\/#website"},"primaryImageOfPage":{"@id":"https:\/\/www.beauville.com\/de\/das-museum\/#primaryimage"},"image":{"@id":"https:\/\/www.beauville.com\/de\/das-museum\/#primaryimage"},"thumbnailUrl":"https:\/\/www.beauville.com\/wp-inside\/uploads\/2024\/02\/img_1521.jpg","datePublished":"2024-02-29T09:32:51+00:00","description":"Entdecken Sie das Beauvill\u00e9-Museum direkt in unserem Gesch\u00e4ft, wo jeder Besuch ein Eintauchen in Geschichte, Kunst und Tradition ist. Das Beauvill\u00e9-Museum ist der richtige Ort f\u00fcr Kunstliebhaber, Textilsammler und alle, die einfach nur neugierig auf die Kunst des Tisches sind.","breadcrumb":{"@id":"https:\/\/www.beauville.com\/de\/das-museum\/#breadcrumb"},"inLanguage":"de","potentialAction":[{"@type":"ReadAction","target":["https:\/\/www.beauville.com\/de\/das-museum\/"]}]},{"@type":"ImageObject","inLanguage":"de","@id":"https:\/\/www.beauville.com\/de\/das-museum\/#primaryimage","url":"https:\/\/www.beauville.com\/wp-inside\/uploads\/2024\/02\/img_1521.jpg","contentUrl":"https:\/\/www.beauville.com\/wp-inside\/uploads\/2024\/02\/img_1521.jpg"},{"@type":"BreadcrumbList","@id":"https:\/\/www.beauville.com\/de\/das-museum\/#breadcrumb","itemListElement":[{"@type":"ListItem","position":1,"name":"Home","item":"https:\/\/www.beauville.com\/de\/"},{"@type":"ListItem","position":2,"name":"Das Museum"}]},{"@type":"WebSite","@id":"https:\/\/www.beauville.com\/de\/#website","url":"https:\/\/www.beauville.com\/de\/","name":"Beauvill\u00e9","description":"Creator by tradition","publisher":{"@id":"https:\/\/www.beauville.com\/de\/#organization"},"potentialAction":[{"@type":"SearchAction","target":{"@type":"EntryPoint","urlTemplate":"https:\/\/www.beauville.com\/de\/?s={search_term_string}"},"query-input":{"@type":"PropertyValueSpecification","valueRequired":true,"valueName":"search_term_string"}}],"inLanguage":"de"},{"@type":"Organization","@id":"https:\/\/www.beauville.com\/de\/#organization","name":"Beauvill\u00e9","url":"https:\/\/www.beauville.com\/de\/","logo":{"@type":"ImageObject","inLanguage":"de","@id":"https:\/\/www.beauville.com\/de\/#\/schema\/logo\/image\/","url":"https:\/\/www.beauville.com\/wp-inside\/uploads\/2018\/10\/beauville-logo.png","contentUrl":"https:\/\/www.beauville.com\/wp-inside\/uploads\/2018\/10\/beauville-logo.png","width":230,"height":90,"caption":"Beauvill\u00e9"},"image":{"@id":"https:\/\/www.beauville.com\/de\/#\/schema\/logo\/image\/"},"sameAs":["https:\/\/www.facebook.com\/beauville.createur","https:\/\/www.instagram.com\/beauville.createur\/","https:\/\/www.pinterest.fr\/beauvillecreateur\/_created\/","https:\/\/www.youtube.com\/channel\/UCN1DiK6SUHdildYkanOBeeA"]}]}},"_links":{"self":[{"href":"https:\/\/www.beauville.com\/de\/wp-json\/wp\/v2\/pages\/31060","targetHints":{"allow":["GET"]}}],"collection":[{"href":"https:\/\/www.beauville.com\/de\/wp-json\/wp\/v2\/pages"}],"about":[{"href":"https:\/\/www.beauville.com\/de\/wp-json\/wp\/v2\/types\/page"}],"author":[{"embeddable":true,"href":"https:\/\/www.beauville.com\/de\/wp-json\/wp\/v2\/users\/2"}],"replies":[{"embeddable":true,"href":"https:\/\/www.beauville.com\/de\/wp-json\/wp\/v2\/comments?post=31060"}],"version-history":[{"count":1,"href":"https:\/\/www.beauville.com\/de\/wp-json\/wp\/v2\/pages\/31060\/revisions"}],"predecessor-version":[{"id":31061,"href":"https:\/\/www.beauville.com\/de\/wp-json\/wp\/v2\/pages\/31060\/revisions\/31061"}],"wp:attachment":[{"href":"https:\/\/www.beauville.com\/de\/wp-json\/wp\/v2\/media?parent=31060"}],"curies":[{"name":"wp","href":"https:\/\/api.w.org\/{rel}","templated":true}]}}