{"id":30351,"date":"2023-07-18T15:09:14","date_gmt":"2023-07-18T13:09:14","guid":{"rendered":"https:\/\/www.beauville.com\/page-de-test-2\/"},"modified":"2024-06-26T15:32:28","modified_gmt":"2024-06-26T13:32:28","slug":"our-values","status":"publish","type":"page","link":"https:\/\/www.beauville.com\/en\/our-values\/","title":{"rendered":"Our values"},"content":{"rendered":"<p style=\"text-align: center;\">Beauvill\u00e9 has been creating exceptional textiles since 1839. Over the generations, the Manufacture d&#8217;Impression sur Etoffes has handed down a heritage of passion and excellence. Beauvill\u00e9 has been able to adapt to technical developments without losing its unique expertise, combining tradition and elegance.<\/p>\n<p style=\"text-align: center;\">For almost two centuries, Beauville teams have been committed to passing on unchanging values&#8230;<\/p>\n<p><strong>TRADITION AND HERITAGE :<\/strong><\/p>\n<p><img decoding=\"async\" src=\"https:\/\/www.beauville.com\/wp-inside\/uploads\/2024\/06\/36.jpg\" class=\"alignnone size-full\" \/><\/p>\n<p>Beauvill\u00e9 is the symbol of a history passed down through the generations. Over the years, Beauvill\u00e9 has preserved and passed on its heritage, offering timeless products revealing colour in its full splendour. Beauvill\u00e9&#8217;s creations are a link between the present and the past, creating bonds between people and cultures.<\/p>\n<p style=\"text-align: right;\"><strong>MADE IN FRANCE :<\/strong><\/p>\n<p style=\"text-align: right;\"><img decoding=\"async\" src=\"https:\/\/www.beauville.com\/wp-inside\/uploads\/2024\/06\/37.jpg\" class=\"alignnone size-full\" \/>Manufacturing in France is more than a commitment, it&#8217;s a philosophy: Maison Beauvill\u00e9 has always worked with French suppliers in order to maintain knowledge and skills in France. Opting for France is also a guarantee of quality, control and the creation of an ecosystem based on trust. Since 1839, Beauvill\u00e9 teams have been producing fabrics of exceptional quality, entirely in Ribeauvill\u00e9 in Alsace. They are determined to maintain and develop this 100% French know-how. The philosophy of Beauvill\u00e9 unites passionate teams around an ideal: to produce exceptional, sustainable fabrics, in France, by promoting a short distribution chain. The Entreprise du Patrimoine Vivant (Living Heritage Company) label awarded in 2009 is recognition of our unique expertise.<\/p>\n<p>&nbsp;<\/p>\n<p><strong>PASSION :<\/strong><\/p>\n<p><img decoding=\"async\" src=\"https:\/\/www.beauville.com\/wp-inside\/uploads\/2024\/06\/38.jpg\" class=\"alignnone size-full\" \/><\/p>\n<p>Beauvill\u00e9 teams are driven every day by the same passion: excellence. Le Beau (de Beauvill\u00e9) is an achievement that every employee strives to reach. The passion of the men and women who work at Beauvill\u00e9 is reflected in the unique fabrics and unlimited creativity. Passion also lies in the desire to enhance your decor through the power of colour and the high quality of the fabric. Designing, printing and enhancing fabrics are all stages in which passion for the craft and colour are the only guides. Each day, Beauvill\u00e9 works to create pieces that will stay with you for many years to come and that will be at the heart of memorable moments of conviviality. At Beauvill\u00e9, passion is transmitted and even contagious&#8230;<\/p>\n<p style=\"text-align: right;\"><strong>EXCELLENCE :<\/strong><\/p>\n<p style=\"text-align: right;\"><img decoding=\"async\" src=\"https:\/\/www.beauville.com\/wp-inside\/uploads\/2024\/06\/39.jpg\" class=\"alignnone size-full\" \/>Beauvill\u00e9 embodies the essence of discipline and excellence. The company is known for its exceptional products, offering unrivalled quality and durability. Each Beauvill\u00e9 creation is a true masterpiece, capturing timeless elegance and the French way of life. The commitment to beauty is reflected in every fabric, every pattern, creating a magical atmosphere where elegance meets innovation. A symbol of excellence, Beauvill\u00e9 is a source of inspiration and a celebration of of tradition and modernity, while preserving the heritage of artisan craftsmanship that is the signature of its unique identity.<\/p>\n","protected":false},"excerpt":{"rendered":"<p>Beauvill\u00e9 has been creating exceptional textiles since 1839. Over the generations, the Manufacture d&#8217;Impression sur Etoffes has handed down a heritage of passion and excellence. Beauvill\u00e9 has been able to [&hellip;]<\/p>\n","protected":false},"author":4,"featured_media":0,"parent":0,"menu_order":0,"comment_status":"closed","ping_status":"closed","template":"","meta":{"_acf_changed":false,"footnotes":""},"class_list":["post-30351","page","type-page","status-publish","hentry","wp-sticky"],"acf":[],"yoast_head":"<!-- This site is optimized with the Yoast SEO plugin v27.5 - https:\/\/yoast.com\/product\/yoast-seo-wordpress\/ -->\n<title>Our values<\/title>\n<meta name=\"robots\" content=\"index, follow, max-snippet:-1, max-image-preview:large, max-video-preview:-1\" \/>\n<link rel=\"canonical\" href=\"https:\/\/www.beauville.com\/en\/our-values\/\" \/>\n<meta property=\"og:locale\" content=\"en_US\" \/>\n<meta property=\"og:type\" content=\"article\" \/>\n<meta property=\"og:title\" content=\"Our values\" \/>\n<meta property=\"og:description\" content=\"Beauvill\u00e9 has been creating exceptional textiles since 1839. Over the generations, the Manufacture d&#8217;Impression sur Etoffes has handed down a heritage of passion and excellence. Beauvill\u00e9 has been able to [&hellip;]\" \/>\n<meta property=\"og:url\" content=\"https:\/\/www.beauville.com\/en\/our-values\/\" \/>\n<meta property=\"og:site_name\" content=\"Beauvill\u00e9\" \/>\n<meta property=\"article:publisher\" content=\"https:\/\/www.facebook.com\/beauville.createur\" \/>\n<meta property=\"article:modified_time\" content=\"2024-06-26T13:32:28+00:00\" \/>\n<meta property=\"og:image\" content=\"https:\/\/www.beauville.com\/wp-inside\/uploads\/2024\/06\/36.jpg\" \/>\n<meta name=\"twitter:card\" content=\"summary_large_image\" \/>\n<meta name=\"twitter:label1\" content=\"Est. reading time\" \/>\n\t<meta name=\"twitter:data1\" content=\"2 minutes\" \/>\n<script type=\"application\/ld+json\" class=\"yoast-schema-graph\">{\"@context\":\"https:\\\/\\\/schema.org\",\"@graph\":[{\"@type\":\"WebPage\",\"@id\":\"https:\\\/\\\/www.beauville.com\\\/en\\\/our-values\\\/\",\"url\":\"https:\\\/\\\/www.beauville.com\\\/en\\\/our-values\\\/\",\"name\":\"Our values\",\"isPartOf\":{\"@id\":\"https:\\\/\\\/www.beauville.com\\\/en\\\/#website\"},\"primaryImageOfPage\":{\"@id\":\"https:\\\/\\\/www.beauville.com\\\/en\\\/our-values\\\/#primaryimage\"},\"image\":{\"@id\":\"https:\\\/\\\/www.beauville.com\\\/en\\\/our-values\\\/#primaryimage\"},\"thumbnailUrl\":\"https:\\\/\\\/www.beauville.com\\\/wp-inside\\\/uploads\\\/2024\\\/06\\\/36.jpg\",\"datePublished\":\"2023-07-18T13:09:14+00:00\",\"dateModified\":\"2024-06-26T13:32:28+00:00\",\"breadcrumb\":{\"@id\":\"https:\\\/\\\/www.beauville.com\\\/en\\\/our-values\\\/#breadcrumb\"},\"inLanguage\":\"en-US\",\"potentialAction\":[{\"@type\":\"ReadAction\",\"target\":[\"https:\\\/\\\/www.beauville.com\\\/en\\\/our-values\\\/\"]}]},{\"@type\":\"ImageObject\",\"inLanguage\":\"en-US\",\"@id\":\"https:\\\/\\\/www.beauville.com\\\/en\\\/our-values\\\/#primaryimage\",\"url\":\"https:\\\/\\\/www.beauville.com\\\/wp-inside\\\/uploads\\\/2024\\\/06\\\/36.jpg\",\"contentUrl\":\"https:\\\/\\\/www.beauville.com\\\/wp-inside\\\/uploads\\\/2024\\\/06\\\/36.jpg\"},{\"@type\":\"BreadcrumbList\",\"@id\":\"https:\\\/\\\/www.beauville.com\\\/en\\\/our-values\\\/#breadcrumb\",\"itemListElement\":[{\"@type\":\"ListItem\",\"position\":1,\"name\":\"Home\",\"item\":\"https:\\\/\\\/www.beauville.com\\\/en\\\/\"},{\"@type\":\"ListItem\",\"position\":2,\"name\":\"Our values\"}]},{\"@type\":\"WebSite\",\"@id\":\"https:\\\/\\\/www.beauville.com\\\/en\\\/#website\",\"url\":\"https:\\\/\\\/www.beauville.com\\\/en\\\/\",\"name\":\"Beauvill\u00e9\",\"description\":\"Creator by tradition\",\"publisher\":{\"@id\":\"https:\\\/\\\/www.beauville.com\\\/en\\\/#organization\"},\"potentialAction\":[{\"@type\":\"SearchAction\",\"target\":{\"@type\":\"EntryPoint\",\"urlTemplate\":\"https:\\\/\\\/www.beauville.com\\\/en\\\/?s={search_term_string}\"},\"query-input\":{\"@type\":\"PropertyValueSpecification\",\"valueRequired\":true,\"valueName\":\"search_term_string\"}}],\"inLanguage\":\"en-US\"},{\"@type\":\"Organization\",\"@id\":\"https:\\\/\\\/www.beauville.com\\\/en\\\/#organization\",\"name\":\"Beauvill\u00e9\",\"url\":\"https:\\\/\\\/www.beauville.com\\\/en\\\/\",\"logo\":{\"@type\":\"ImageObject\",\"inLanguage\":\"en-US\",\"@id\":\"https:\\\/\\\/www.beauville.com\\\/en\\\/#\\\/schema\\\/logo\\\/image\\\/\",\"url\":\"https:\\\/\\\/www.beauville.com\\\/wp-inside\\\/uploads\\\/2018\\\/10\\\/beauville-logo.png\",\"contentUrl\":\"https:\\\/\\\/www.beauville.com\\\/wp-inside\\\/uploads\\\/2018\\\/10\\\/beauville-logo.png\",\"width\":230,\"height\":90,\"caption\":\"Beauvill\u00e9\"},\"image\":{\"@id\":\"https:\\\/\\\/www.beauville.com\\\/en\\\/#\\\/schema\\\/logo\\\/image\\\/\"},\"sameAs\":[\"https:\\\/\\\/www.facebook.com\\\/beauville.createur\",\"https:\\\/\\\/www.instagram.com\\\/beauville.createur\\\/\",\"https:\\\/\\\/www.pinterest.fr\\\/beauvillecreateur\\\/_created\\\/\",\"https:\\\/\\\/www.youtube.com\\\/channel\\\/UCN1DiK6SUHdildYkanOBeeA\"]}]}<\/script>\n<!-- \/ Yoast SEO plugin. -->","yoast_head_json":{"title":"Our values","robots":{"index":"index","follow":"follow","max-snippet":"max-snippet:-1","max-image-preview":"max-image-preview:large","max-video-preview":"max-video-preview:-1"},"canonical":"https:\/\/www.beauville.com\/en\/our-values\/","og_locale":"en_US","og_type":"article","og_title":"Our values","og_description":"Beauvill\u00e9 has been creating exceptional textiles since 1839. Over the generations, the Manufacture d&#8217;Impression sur Etoffes has handed down a heritage of passion and excellence. Beauvill\u00e9 has been able to [&hellip;]","og_url":"https:\/\/www.beauville.com\/en\/our-values\/","og_site_name":"Beauvill\u00e9","article_publisher":"https:\/\/www.facebook.com\/beauville.createur","article_modified_time":"2024-06-26T13:32:28+00:00","og_image":[{"url":"https:\/\/www.beauville.com\/wp-inside\/uploads\/2024\/06\/36.jpg","type":"","width":"","height":""}],"twitter_card":"summary_large_image","twitter_misc":{"Est. reading time":"2 minutes"},"schema":{"@context":"https:\/\/schema.org","@graph":[{"@type":"WebPage","@id":"https:\/\/www.beauville.com\/en\/our-values\/","url":"https:\/\/www.beauville.com\/en\/our-values\/","name":"Our values","isPartOf":{"@id":"https:\/\/www.beauville.com\/en\/#website"},"primaryImageOfPage":{"@id":"https:\/\/www.beauville.com\/en\/our-values\/#primaryimage"},"image":{"@id":"https:\/\/www.beauville.com\/en\/our-values\/#primaryimage"},"thumbnailUrl":"https:\/\/www.beauville.com\/wp-inside\/uploads\/2024\/06\/36.jpg","datePublished":"2023-07-18T13:09:14+00:00","dateModified":"2024-06-26T13:32:28+00:00","breadcrumb":{"@id":"https:\/\/www.beauville.com\/en\/our-values\/#breadcrumb"},"inLanguage":"en-US","potentialAction":[{"@type":"ReadAction","target":["https:\/\/www.beauville.com\/en\/our-values\/"]}]},{"@type":"ImageObject","inLanguage":"en-US","@id":"https:\/\/www.beauville.com\/en\/our-values\/#primaryimage","url":"https:\/\/www.beauville.com\/wp-inside\/uploads\/2024\/06\/36.jpg","contentUrl":"https:\/\/www.beauville.com\/wp-inside\/uploads\/2024\/06\/36.jpg"},{"@type":"BreadcrumbList","@id":"https:\/\/www.beauville.com\/en\/our-values\/#breadcrumb","itemListElement":[{"@type":"ListItem","position":1,"name":"Home","item":"https:\/\/www.beauville.com\/en\/"},{"@type":"ListItem","position":2,"name":"Our values"}]},{"@type":"WebSite","@id":"https:\/\/www.beauville.com\/en\/#website","url":"https:\/\/www.beauville.com\/en\/","name":"Beauvill\u00e9","description":"Creator by tradition","publisher":{"@id":"https:\/\/www.beauville.com\/en\/#organization"},"potentialAction":[{"@type":"SearchAction","target":{"@type":"EntryPoint","urlTemplate":"https:\/\/www.beauville.com\/en\/?s={search_term_string}"},"query-input":{"@type":"PropertyValueSpecification","valueRequired":true,"valueName":"search_term_string"}}],"inLanguage":"en-US"},{"@type":"Organization","@id":"https:\/\/www.beauville.com\/en\/#organization","name":"Beauvill\u00e9","url":"https:\/\/www.beauville.com\/en\/","logo":{"@type":"ImageObject","inLanguage":"en-US","@id":"https:\/\/www.beauville.com\/en\/#\/schema\/logo\/image\/","url":"https:\/\/www.beauville.com\/wp-inside\/uploads\/2018\/10\/beauville-logo.png","contentUrl":"https:\/\/www.beauville.com\/wp-inside\/uploads\/2018\/10\/beauville-logo.png","width":230,"height":90,"caption":"Beauvill\u00e9"},"image":{"@id":"https:\/\/www.beauville.com\/en\/#\/schema\/logo\/image\/"},"sameAs":["https:\/\/www.facebook.com\/beauville.createur","https:\/\/www.instagram.com\/beauville.createur\/","https:\/\/www.pinterest.fr\/beauvillecreateur\/_created\/","https:\/\/www.youtube.com\/channel\/UCN1DiK6SUHdildYkanOBeeA"]}]}},"_links":{"self":[{"href":"https:\/\/www.beauville.com\/en\/wp-json\/wp\/v2\/pages\/30351","targetHints":{"allow":["GET"]}}],"collection":[{"href":"https:\/\/www.beauville.com\/en\/wp-json\/wp\/v2\/pages"}],"about":[{"href":"https:\/\/www.beauville.com\/en\/wp-json\/wp\/v2\/types\/page"}],"author":[{"embeddable":true,"href":"https:\/\/www.beauville.com\/en\/wp-json\/wp\/v2\/users\/4"}],"replies":[{"embeddable":true,"href":"https:\/\/www.beauville.com\/en\/wp-json\/wp\/v2\/comments?post=30351"}],"version-history":[{"count":12,"href":"https:\/\/www.beauville.com\/en\/wp-json\/wp\/v2\/pages\/30351\/revisions"}],"predecessor-version":[{"id":31508,"href":"https:\/\/www.beauville.com\/en\/wp-json\/wp\/v2\/pages\/30351\/revisions\/31508"}],"wp:attachment":[{"href":"https:\/\/www.beauville.com\/en\/wp-json\/wp\/v2\/media?parent=30351"}],"curies":[{"name":"wp","href":"https:\/\/api.w.org\/{rel}","templated":true}]}}