{"id":33276,"date":"2023-07-18T15:09:14","date_gmt":"2023-07-18T13:09:14","guid":{"rendered":"https:\/\/www.beauville.com\/nos-valeurs\/"},"modified":"2025-05-14T11:18:14","modified_gmt":"2025-05-14T09:18:14","slug":"le-nostre-valori","status":"publish","type":"page","link":"https:\/\/www.beauville.com\/it\/le-nostre-valori\/","title":{"rendered":"Le nostre valori"},"content":{"rendered":"<p style=\"text-align: center;\" data-start=\"68\" data-end=\"400\">Dal 1839, la Maison Beauvill\u00e9 crea tessuti eccezionali. La Manifattura di Stampa su Tessuti trasmette, di generazione in generazione, un patrimonio carico di passione ed eccellenza. L\u2019azienda \u00e8 riuscita ad adattarsi alle evoluzioni tecniche mantenendo il suo savoir-faire unico, unendo tradizione ed eleganza.<\/p>\n<p style=\"text-align: center;\" data-start=\"402\" data-end=\"496\">Cos\u00ec, da quasi due secoli, i team di Beauvill\u00e9 si impegnano a trasmettere valori immutabili&#8230;<\/p>\n<p><strong>TRADIZIONE E PATRIMONIO :<\/strong><\/p>\n<p><span style=\"font-weight: 400;\"><span style=\"font-size: inherit;\"><img decoding=\"async\" src=\"https:\/\/www.beauville.com\/wp-inside\/uploads\/2024\/06\/36.jpg\" class=\"alignnone size-full\" \/>Beauvill\u00e9 rappresenta il simbolo della trasmissione di una storia attraverso le generazioni. Forte di un savoir-faire artigianale unico, ereditato da due secoli di storia, la maison incarna l\u2019eccellenza e la qualit\u00e0. Nel corso del tempo, Beauvill\u00e9 \u00e8 riuscita a preservare e trasmettere il suo patrimonio, offrendo prodotti senza tempo dove il colore si rivela in tutta la sua splendore. Ogni pezzo creato da Beauvill\u00e9 \u00e8 un legame tra il presente e il passato, tessendo connessioni tra persone e culture. Nei grandi castelli, nei musei cos\u00ec come nelle case private, i tessuti Beauvill\u00e9 impreziosiscono gli ambienti.<br \/>\n<\/span><\/span><\/p>\n<p>&nbsp;<\/p>\n<p style=\"text-align: right;\"><span style=\"font-weight: 400;\"><strong><span style=\"font-weight: 400;\"><strong><strong style=\"font-size: inherit;\">MADE IN FRANCE :<\/strong><\/strong><\/span><\/strong><\/span><\/p>\n<p style=\"text-align: right;\"><span style=\"font-weight: 400;\"><strong><span style=\"font-weight: 400;\"><strong><strong style=\"font-size: inherit;\"><img decoding=\"async\" src=\"https:\/\/www.beauville.com\/wp-inside\/uploads\/2024\/06\/37.jpg\" class=\"alignnone size-full\" \/><\/strong><\/strong><\/span><\/strong><\/span>Produrre in Francia \u00e8 pi\u00f9 di un impegno, \u00e8 una filosofia. La Maison Beauvill\u00e9 collabora da sempre con fornitori francesi per contribuire al mantenimento delle competenze e delle conoscenze nel territorio nazionale. Scegliere la Francia significa anche qualit\u00e0, controllo e la creazione di un ecosistema di fiducia. Dal 1839, i team di Beauvill\u00e9 stampano tessuti di qualit\u00e0 eccezionale, interamente a Ribeauvill\u00e9, in Alsazia. Si impegnano a preservare e sviluppare questo savoir-faire 100% francese. La filosofia Beauvill\u00e9 unisce team appassionati intorno a un ideale: produrre tessuti eccezionali e durevoli in Francia, promuovendo una filiera corta. Il marchio <em data-start=\"1831\" data-end=\"1864\">Entreprise du Patrimoine Vivant<\/em>, conferito nel 2009, simboleggia il riconoscimento del nostro savoir-faire unico.<\/p>\n<p>&nbsp;<\/p>\n<p><strong>PASSIONE\u00a0:<\/strong><\/p>\n<p><img decoding=\"async\" src=\"https:\/\/www.beauville.com\/wp-inside\/uploads\/2024\/06\/38.jpg\" class=\"alignnone size-full\" \/><br \/>\n<span style=\"font-weight: 400;\">I team di Beauvill\u00e9 sono animati ogni giorno dalla stessa passione: quella dell\u2019eccellenza. Il Belle (di Beauvill\u00e9) \u00e8 un ideale che ogni dipendente si impegna a raggiungere. L\u2019impegno degli uomini e delle donne che lavorano in Beauvill\u00e9 si traduce in tessuti unici dalla creativit\u00e0 illimitata. La passione risiede anche nel desiderio di arricchire la vostra decorazione con la forza del colore e la qualit\u00e0 del tessuto. Creare, stampare e sublimare tessuti sono passaggi in cui la passione per il mestiere e il colore sono le uniche guide. La Maison Beauvill\u00e9 lavora ogni giorno alla creazione di pezzi che vi accompagneranno per molti anni e che saranno al centro di momenti di convivialit\u00e0 indimenticabili. Cos\u00ec, in Beauvill\u00e9, la passione si trasmette e diventa contagiosa\u2026<\/span><\/p>\n<p>&nbsp;<\/p>\n<p style=\"text-align: right;\"><strong>ECCELLENZA\u00a0:<\/strong><\/p>\n<p style=\"text-align: right;\"><img decoding=\"async\" src=\"https:\/\/www.beauville.com\/wp-inside\/uploads\/2024\/06\/39.jpg\" class=\"alignnone size-full\" \/><br \/>\n<span style=\"font-weight: 400;\">Beauvill\u00e9 incarna l\u2019essenza stessa della rigore e dell\u2019eccellenza. La maison \u00e8 rinomata per i suoi prodotti eccezionali, che combinano durata e qualit\u00e0 senza pari. Ogni creazione di Beauvill\u00e9 \u00e8 un autentico capolavoro, che cattura l\u2019eleganza senza tempo e l\u2019arte di vivere alla francese. Il suo impegno per la bellezza si riflette in ogni tessuto, ogni motivo, creando un\u2019atmosfera magica dove eleganza e innovazione si incontrano. Simbolo di eccellenza, Beauvill\u00e9 ispira e celebra il matrimonio perfetto tra tradizione e modernit\u00e0, preservando il patrimonio artigianale che segna la sua identit\u00e0 unica.<\/span><\/p>\n","protected":false},"excerpt":{"rendered":"<p>Dal 1839, la Maison Beauvill\u00e9 crea tessuti eccezionali. La Manifattura di Stampa su Tessuti trasmette, di generazione in generazione, un patrimonio carico di passione ed eccellenza. L\u2019azienda \u00e8 riuscita ad [&hellip;]<\/p>\n","protected":false},"author":4,"featured_media":0,"parent":0,"menu_order":0,"comment_status":"closed","ping_status":"closed","template":"","meta":{"_acf_changed":false,"footnotes":""},"class_list":["post-33276","page","type-page","status-publish","hentry","wp-sticky"],"acf":[],"yoast_head":"<!-- This site is optimized with the Yoast SEO plugin v27.5 - https:\/\/yoast.com\/product\/yoast-seo-wordpress\/ -->\n<title>Le nostre valori<\/title>\n<meta name=\"description\" content=\"Scopri i valori di Beauvill\u00e9: tradizione, passione, eccellenza e il nostro impegno per la qualit\u00e0 del Made in France. Tessuti eccezionali dal 1839, creati con savoir-faire unico e eleganza senza tempo.\" \/>\n<meta name=\"robots\" content=\"index, follow, max-snippet:-1, max-image-preview:large, max-video-preview:-1\" \/>\n<link rel=\"canonical\" href=\"https:\/\/www.beauville.com\/it\/le-nostre-valori\/\" \/>\n<meta property=\"og:locale\" content=\"it_IT\" \/>\n<meta property=\"og:type\" content=\"article\" \/>\n<meta property=\"og:title\" content=\"Le nostre valori\" \/>\n<meta property=\"og:description\" content=\"Scopri i valori di Beauvill\u00e9: tradizione, passione, eccellenza e il nostro impegno per la qualit\u00e0 del Made in France. Tessuti eccezionali dal 1839, creati con savoir-faire unico e eleganza senza tempo.\" \/>\n<meta property=\"og:url\" content=\"https:\/\/www.beauville.com\/it\/le-nostre-valori\/\" \/>\n<meta property=\"og:site_name\" content=\"Beauvill\u00e9\" \/>\n<meta property=\"article:publisher\" content=\"https:\/\/www.facebook.com\/beauville.createur\" \/>\n<meta property=\"article:modified_time\" content=\"2025-05-14T09:18:14+00:00\" \/>\n<meta property=\"og:image\" content=\"https:\/\/www.beauville.com\/wp-inside\/uploads\/2024\/06\/36.jpg\" \/>\n<meta name=\"twitter:card\" content=\"summary_large_image\" \/>\n<meta name=\"twitter:label1\" content=\"Tempo di lettura stimato\" \/>\n\t<meta name=\"twitter:data1\" content=\"2 minuti\" \/>\n<script type=\"application\/ld+json\" class=\"yoast-schema-graph\">{\"@context\":\"https:\\\/\\\/schema.org\",\"@graph\":[{\"@type\":\"WebPage\",\"@id\":\"https:\\\/\\\/www.beauville.com\\\/it\\\/le-nostre-valori\\\/\",\"url\":\"https:\\\/\\\/www.beauville.com\\\/it\\\/le-nostre-valori\\\/\",\"name\":\"Le nostre valori\",\"isPartOf\":{\"@id\":\"https:\\\/\\\/www.beauville.com\\\/it\\\/#website\"},\"primaryImageOfPage\":{\"@id\":\"https:\\\/\\\/www.beauville.com\\\/it\\\/le-nostre-valori\\\/#primaryimage\"},\"image\":{\"@id\":\"https:\\\/\\\/www.beauville.com\\\/it\\\/le-nostre-valori\\\/#primaryimage\"},\"thumbnailUrl\":\"https:\\\/\\\/www.beauville.com\\\/wp-inside\\\/uploads\\\/2024\\\/06\\\/36.jpg\",\"datePublished\":\"2023-07-18T13:09:14+00:00\",\"dateModified\":\"2025-05-14T09:18:14+00:00\",\"description\":\"Scopri i valori di Beauvill\u00e9: tradizione, passione, eccellenza e il nostro impegno per la qualit\u00e0 del Made in France. Tessuti eccezionali dal 1839, creati con savoir-faire unico e eleganza senza tempo.\",\"breadcrumb\":{\"@id\":\"https:\\\/\\\/www.beauville.com\\\/it\\\/le-nostre-valori\\\/#breadcrumb\"},\"inLanguage\":\"it-IT\",\"potentialAction\":[{\"@type\":\"ReadAction\",\"target\":[\"https:\\\/\\\/www.beauville.com\\\/it\\\/le-nostre-valori\\\/\"]}]},{\"@type\":\"ImageObject\",\"inLanguage\":\"it-IT\",\"@id\":\"https:\\\/\\\/www.beauville.com\\\/it\\\/le-nostre-valori\\\/#primaryimage\",\"url\":\"https:\\\/\\\/www.beauville.com\\\/wp-inside\\\/uploads\\\/2024\\\/06\\\/36.jpg\",\"contentUrl\":\"https:\\\/\\\/www.beauville.com\\\/wp-inside\\\/uploads\\\/2024\\\/06\\\/36.jpg\"},{\"@type\":\"BreadcrumbList\",\"@id\":\"https:\\\/\\\/www.beauville.com\\\/it\\\/le-nostre-valori\\\/#breadcrumb\",\"itemListElement\":[{\"@type\":\"ListItem\",\"position\":1,\"name\":\"Home\",\"item\":\"https:\\\/\\\/www.beauville.com\\\/it\\\/\"},{\"@type\":\"ListItem\",\"position\":2,\"name\":\"Le nostre valori\"}]},{\"@type\":\"WebSite\",\"@id\":\"https:\\\/\\\/www.beauville.com\\\/it\\\/#website\",\"url\":\"https:\\\/\\\/www.beauville.com\\\/it\\\/\",\"name\":\"Beauvill\u00e9\",\"description\":\"Creator by tradition\",\"publisher\":{\"@id\":\"https:\\\/\\\/www.beauville.com\\\/it\\\/#organization\"},\"potentialAction\":[{\"@type\":\"SearchAction\",\"target\":{\"@type\":\"EntryPoint\",\"urlTemplate\":\"https:\\\/\\\/www.beauville.com\\\/it\\\/?s={search_term_string}\"},\"query-input\":{\"@type\":\"PropertyValueSpecification\",\"valueRequired\":true,\"valueName\":\"search_term_string\"}}],\"inLanguage\":\"it-IT\"},{\"@type\":\"Organization\",\"@id\":\"https:\\\/\\\/www.beauville.com\\\/it\\\/#organization\",\"name\":\"Beauvill\u00e9\",\"url\":\"https:\\\/\\\/www.beauville.com\\\/it\\\/\",\"logo\":{\"@type\":\"ImageObject\",\"inLanguage\":\"it-IT\",\"@id\":\"https:\\\/\\\/www.beauville.com\\\/it\\\/#\\\/schema\\\/logo\\\/image\\\/\",\"url\":\"https:\\\/\\\/www.beauville.com\\\/wp-inside\\\/uploads\\\/2018\\\/10\\\/beauville-logo.png\",\"contentUrl\":\"https:\\\/\\\/www.beauville.com\\\/wp-inside\\\/uploads\\\/2018\\\/10\\\/beauville-logo.png\",\"width\":230,\"height\":90,\"caption\":\"Beauvill\u00e9\"},\"image\":{\"@id\":\"https:\\\/\\\/www.beauville.com\\\/it\\\/#\\\/schema\\\/logo\\\/image\\\/\"},\"sameAs\":[\"https:\\\/\\\/www.facebook.com\\\/beauville.createur\",\"https:\\\/\\\/www.instagram.com\\\/beauville.createur\\\/\",\"https:\\\/\\\/www.pinterest.fr\\\/beauvillecreateur\\\/_created\\\/\",\"https:\\\/\\\/www.youtube.com\\\/channel\\\/UCN1DiK6SUHdildYkanOBeeA\"]}]}<\/script>\n<!-- \/ Yoast SEO plugin. -->","yoast_head_json":{"title":"Le nostre valori","description":"Scopri i valori di Beauvill\u00e9: tradizione, passione, eccellenza e il nostro impegno per la qualit\u00e0 del Made in France. Tessuti eccezionali dal 1839, creati con savoir-faire unico e eleganza senza tempo.","robots":{"index":"index","follow":"follow","max-snippet":"max-snippet:-1","max-image-preview":"max-image-preview:large","max-video-preview":"max-video-preview:-1"},"canonical":"https:\/\/www.beauville.com\/it\/le-nostre-valori\/","og_locale":"it_IT","og_type":"article","og_title":"Le nostre valori","og_description":"Scopri i valori di Beauvill\u00e9: tradizione, passione, eccellenza e il nostro impegno per la qualit\u00e0 del Made in France. Tessuti eccezionali dal 1839, creati con savoir-faire unico e eleganza senza tempo.","og_url":"https:\/\/www.beauville.com\/it\/le-nostre-valori\/","og_site_name":"Beauvill\u00e9","article_publisher":"https:\/\/www.facebook.com\/beauville.createur","article_modified_time":"2025-05-14T09:18:14+00:00","og_image":[{"url":"https:\/\/www.beauville.com\/wp-inside\/uploads\/2024\/06\/36.jpg","type":"","width":"","height":""}],"twitter_card":"summary_large_image","twitter_misc":{"Tempo di lettura stimato":"2 minuti"},"schema":{"@context":"https:\/\/schema.org","@graph":[{"@type":"WebPage","@id":"https:\/\/www.beauville.com\/it\/le-nostre-valori\/","url":"https:\/\/www.beauville.com\/it\/le-nostre-valori\/","name":"Le nostre valori","isPartOf":{"@id":"https:\/\/www.beauville.com\/it\/#website"},"primaryImageOfPage":{"@id":"https:\/\/www.beauville.com\/it\/le-nostre-valori\/#primaryimage"},"image":{"@id":"https:\/\/www.beauville.com\/it\/le-nostre-valori\/#primaryimage"},"thumbnailUrl":"https:\/\/www.beauville.com\/wp-inside\/uploads\/2024\/06\/36.jpg","datePublished":"2023-07-18T13:09:14+00:00","dateModified":"2025-05-14T09:18:14+00:00","description":"Scopri i valori di Beauvill\u00e9: tradizione, passione, eccellenza e il nostro impegno per la qualit\u00e0 del Made in France. Tessuti eccezionali dal 1839, creati con savoir-faire unico e eleganza senza tempo.","breadcrumb":{"@id":"https:\/\/www.beauville.com\/it\/le-nostre-valori\/#breadcrumb"},"inLanguage":"it-IT","potentialAction":[{"@type":"ReadAction","target":["https:\/\/www.beauville.com\/it\/le-nostre-valori\/"]}]},{"@type":"ImageObject","inLanguage":"it-IT","@id":"https:\/\/www.beauville.com\/it\/le-nostre-valori\/#primaryimage","url":"https:\/\/www.beauville.com\/wp-inside\/uploads\/2024\/06\/36.jpg","contentUrl":"https:\/\/www.beauville.com\/wp-inside\/uploads\/2024\/06\/36.jpg"},{"@type":"BreadcrumbList","@id":"https:\/\/www.beauville.com\/it\/le-nostre-valori\/#breadcrumb","itemListElement":[{"@type":"ListItem","position":1,"name":"Home","item":"https:\/\/www.beauville.com\/it\/"},{"@type":"ListItem","position":2,"name":"Le nostre valori"}]},{"@type":"WebSite","@id":"https:\/\/www.beauville.com\/it\/#website","url":"https:\/\/www.beauville.com\/it\/","name":"Beauvill\u00e9","description":"Creator by tradition","publisher":{"@id":"https:\/\/www.beauville.com\/it\/#organization"},"potentialAction":[{"@type":"SearchAction","target":{"@type":"EntryPoint","urlTemplate":"https:\/\/www.beauville.com\/it\/?s={search_term_string}"},"query-input":{"@type":"PropertyValueSpecification","valueRequired":true,"valueName":"search_term_string"}}],"inLanguage":"it-IT"},{"@type":"Organization","@id":"https:\/\/www.beauville.com\/it\/#organization","name":"Beauvill\u00e9","url":"https:\/\/www.beauville.com\/it\/","logo":{"@type":"ImageObject","inLanguage":"it-IT","@id":"https:\/\/www.beauville.com\/it\/#\/schema\/logo\/image\/","url":"https:\/\/www.beauville.com\/wp-inside\/uploads\/2018\/10\/beauville-logo.png","contentUrl":"https:\/\/www.beauville.com\/wp-inside\/uploads\/2018\/10\/beauville-logo.png","width":230,"height":90,"caption":"Beauvill\u00e9"},"image":{"@id":"https:\/\/www.beauville.com\/it\/#\/schema\/logo\/image\/"},"sameAs":["https:\/\/www.facebook.com\/beauville.createur","https:\/\/www.instagram.com\/beauville.createur\/","https:\/\/www.pinterest.fr\/beauvillecreateur\/_created\/","https:\/\/www.youtube.com\/channel\/UCN1DiK6SUHdildYkanOBeeA"]}]}},"_links":{"self":[{"href":"https:\/\/www.beauville.com\/it\/wp-json\/wp\/v2\/pages\/33276","targetHints":{"allow":["GET"]}}],"collection":[{"href":"https:\/\/www.beauville.com\/it\/wp-json\/wp\/v2\/pages"}],"about":[{"href":"https:\/\/www.beauville.com\/it\/wp-json\/wp\/v2\/types\/page"}],"author":[{"embeddable":true,"href":"https:\/\/www.beauville.com\/it\/wp-json\/wp\/v2\/users\/4"}],"replies":[{"embeddable":true,"href":"https:\/\/www.beauville.com\/it\/wp-json\/wp\/v2\/comments?post=33276"}],"version-history":[{"count":2,"href":"https:\/\/www.beauville.com\/it\/wp-json\/wp\/v2\/pages\/33276\/revisions"}],"predecessor-version":[{"id":33278,"href":"https:\/\/www.beauville.com\/it\/wp-json\/wp\/v2\/pages\/33276\/revisions\/33278"}],"wp:attachment":[{"href":"https:\/\/www.beauville.com\/it\/wp-json\/wp\/v2\/media?parent=33276"}],"curies":[{"name":"wp","href":"https:\/\/api.w.org\/{rel}","templated":true}]}}