{"id":33280,"date":"2016-05-23T13:02:07","date_gmt":"2016-05-23T13:02:07","guid":{"rendered":"https:\/\/www.beauville.com\/createur-par-tradition\/"},"modified":"2026-03-09T10:45:03","modified_gmt":"2026-03-09T09:45:03","slug":"createur-par-tradition","status":"publish","type":"page","link":"https:\/\/www.beauville.com\/it\/","title":{"rendered":"Beauvill\u00e9 <br><strong>Creator per tradizione<\/strong>"},"content":{"rendered":"<h2>Beauvill\u00e9, una firma unica per la biancheria da casa di alta gamma<\/h2>\n<p><strong>A Ribeauvill\u00e9, in Alsazia, la Manufacture d&#8217;Impression sur Etoffes (MIE) sviluppa da pi\u00f9 di due secoli un savoir-faire unico. Oggi, la sua biancheria da casa di alta gamma, firmata Beauvill\u00e9, \u00e8 sinonimo di lusso, alta qualit\u00e0 e tradizione. <\/strong>L&#8217;eccellenza dei suoi tessuti stampati le \u00e8 valsa l&#8217;ottenimento del marchio <em data-start=\"497\" data-end=\"530\">Entreprise du Patrimoine Vivant<\/em> nel 2009.<\/p>\n<p><strong>Le due collezioni annuali sono presentate e vendute in tutto il mondo.<\/strong><\/p>\n<h3>Biancheria da tavola Made in France<\/h3>\n<p>Biancheria da tavola, biancheria per ufficio e accessori sono noti e riconosciuti per la loro qualit\u00e0 impeccabile. Beauvill\u00e9 dispone nelle sue fabbriche di un savoir-faire unico che unisce la scelta dei materiali, la creativit\u00e0, una produzione completamente integrata e il rispetto per l&#8217;ambiente.<\/p>\n<h3>Attenzione ai dettagli per tessuti di qualit\u00e0<\/h3>\n<p data-start=\"1005\" data-end=\"1294\">Per soddisfare le legittime esigenze dei suoi clienti, Beauvill\u00e9 presta particolare attenzione ad ogni fase del processo di produzione. Pertanto, ogni produzione implica la scelta di materiali pregiati a base di fibre naturali, stampati con coloranti a bagno, i pi\u00f9 resistenti sul mercato.<\/p>\n<p data-start=\"1296\" data-end=\"1451\">La finezza dei motivi, la creativit\u00e0, la scelta dei tessuti e il rispetto per le tradizioni contribuiscono alla reputazione della casa da quasi due secoli.<\/p>\n","protected":false},"excerpt":{"rendered":"<p>Beauvill\u00e9, una firma unica per la biancheria da casa di alta gamma A Ribeauvill\u00e9, in Alsazia, la Manufacture d&#8217;Impression sur Etoffes (MIE) sviluppa da pi\u00f9 di due secoli un savoir-faire [&hellip;]<\/p>\n","protected":false},"author":4,"featured_media":0,"parent":0,"menu_order":0,"comment_status":"closed","ping_status":"closed","template":"","meta":{"_acf_changed":false,"footnotes":""},"class_list":["post-33280","page","type-page","status-publish","hentry","wp-sticky"],"acf":[],"yoast_head":"<!-- This site is optimized with the Yoast SEO plugin v27.4 - https:\/\/yoast.com\/product\/yoast-seo-wordpress\/ -->\n<title>Biancheria da tavola e per la casa di alta gamma | Beauvill\u00e9<\/title>\n<meta name=\"description\" content=\"Scopri la biancheria da tavola e per la casa di alta gamma firmata Beauvill\u00e9: eleganza, artigianalit\u00e0 francese e design raffinato per ogni ambiente.\" \/>\n<meta name=\"robots\" content=\"index, follow, max-snippet:-1, max-image-preview:large, max-video-preview:-1\" \/>\n<link rel=\"canonical\" href=\"https:\/\/www.beauville.com\/it\/\" \/>\n<meta property=\"og:locale\" content=\"it_IT\" \/>\n<meta property=\"og:type\" content=\"article\" \/>\n<meta property=\"og:title\" content=\"Biancheria da tavola e per la casa di alta gamma | Beauvill\u00e9\" \/>\n<meta property=\"og:description\" content=\"Scopri la biancheria da tavola e per la casa di alta gamma firmata Beauvill\u00e9: eleganza, artigianalit\u00e0 francese e design raffinato per ogni ambiente.\" \/>\n<meta property=\"og:url\" content=\"https:\/\/www.beauville.com\/it\/\" \/>\n<meta property=\"og:site_name\" content=\"Beauvill\u00e9\" \/>\n<meta property=\"article:publisher\" content=\"https:\/\/www.facebook.com\/beauville.createur\" \/>\n<meta property=\"article:modified_time\" content=\"2026-03-09T09:45:03+00:00\" \/>\n<meta name=\"twitter:card\" content=\"summary_large_image\" \/>\n<meta name=\"twitter:label1\" content=\"Tempo di lettura stimato\" \/>\n\t<meta name=\"twitter:data1\" content=\"2 minuti\" \/>\n<script type=\"application\/ld+json\" class=\"yoast-schema-graph\">{\"@context\":\"https:\\\/\\\/schema.org\",\"@graph\":[{\"@type\":\"WebPage\",\"@id\":\"https:\\\/\\\/www.beauville.com\\\/it\\\/\",\"url\":\"https:\\\/\\\/www.beauville.com\\\/it\\\/\",\"name\":\"Biancheria da tavola e per la casa di alta gamma | Beauvill\u00e9\",\"isPartOf\":{\"@id\":\"https:\\\/\\\/www.beauville.com\\\/it\\\/#website\"},\"datePublished\":\"2016-05-23T13:02:07+00:00\",\"dateModified\":\"2026-03-09T09:45:03+00:00\",\"description\":\"Scopri la biancheria da tavola e per la casa di alta gamma firmata Beauvill\u00e9: eleganza, artigianalit\u00e0 francese e design raffinato per ogni ambiente.\",\"breadcrumb\":{\"@id\":\"https:\\\/\\\/www.beauville.com\\\/it\\\/#breadcrumb\"},\"inLanguage\":\"it-IT\",\"potentialAction\":[{\"@type\":\"ReadAction\",\"target\":[\"https:\\\/\\\/www.beauville.com\\\/it\\\/\"]}]},{\"@type\":\"BreadcrumbList\",\"@id\":\"https:\\\/\\\/www.beauville.com\\\/it\\\/#breadcrumb\",\"itemListElement\":[{\"@type\":\"ListItem\",\"position\":1,\"name\":\"Home\",\"item\":\"https:\\\/\\\/www.beauville.com\\\/it\\\/\"},{\"@type\":\"ListItem\",\"position\":2,\"name\":\"Beauvill\u00e9 Creator per tradizione\"}]},{\"@type\":\"WebSite\",\"@id\":\"https:\\\/\\\/www.beauville.com\\\/it\\\/#website\",\"url\":\"https:\\\/\\\/www.beauville.com\\\/it\\\/\",\"name\":\"Beauvill\u00e9\",\"description\":\"Creator by tradition\",\"publisher\":{\"@id\":\"https:\\\/\\\/www.beauville.com\\\/it\\\/#organization\"},\"potentialAction\":[{\"@type\":\"SearchAction\",\"target\":{\"@type\":\"EntryPoint\",\"urlTemplate\":\"https:\\\/\\\/www.beauville.com\\\/it\\\/?s={search_term_string}\"},\"query-input\":{\"@type\":\"PropertyValueSpecification\",\"valueRequired\":true,\"valueName\":\"search_term_string\"}}],\"inLanguage\":\"it-IT\"},{\"@type\":\"Organization\",\"@id\":\"https:\\\/\\\/www.beauville.com\\\/it\\\/#organization\",\"name\":\"Beauvill\u00e9\",\"url\":\"https:\\\/\\\/www.beauville.com\\\/it\\\/\",\"logo\":{\"@type\":\"ImageObject\",\"inLanguage\":\"it-IT\",\"@id\":\"https:\\\/\\\/www.beauville.com\\\/it\\\/#\\\/schema\\\/logo\\\/image\\\/\",\"url\":\"https:\\\/\\\/www.beauville.com\\\/wp-inside\\\/uploads\\\/2018\\\/10\\\/beauville-logo.png\",\"contentUrl\":\"https:\\\/\\\/www.beauville.com\\\/wp-inside\\\/uploads\\\/2018\\\/10\\\/beauville-logo.png\",\"width\":230,\"height\":90,\"caption\":\"Beauvill\u00e9\"},\"image\":{\"@id\":\"https:\\\/\\\/www.beauville.com\\\/it\\\/#\\\/schema\\\/logo\\\/image\\\/\"},\"sameAs\":[\"https:\\\/\\\/www.facebook.com\\\/beauville.createur\",\"https:\\\/\\\/www.instagram.com\\\/beauville.createur\\\/\",\"https:\\\/\\\/www.pinterest.fr\\\/beauvillecreateur\\\/_created\\\/\",\"https:\\\/\\\/www.youtube.com\\\/channel\\\/UCN1DiK6SUHdildYkanOBeeA\"]}]}<\/script>\n<!-- \/ Yoast SEO plugin. -->","yoast_head_json":{"title":"Biancheria da tavola e per la casa di alta gamma | Beauvill\u00e9","description":"Scopri la biancheria da tavola e per la casa di alta gamma firmata Beauvill\u00e9: eleganza, artigianalit\u00e0 francese e design raffinato per ogni ambiente.","robots":{"index":"index","follow":"follow","max-snippet":"max-snippet:-1","max-image-preview":"max-image-preview:large","max-video-preview":"max-video-preview:-1"},"canonical":"https:\/\/www.beauville.com\/it\/","og_locale":"it_IT","og_type":"article","og_title":"Biancheria da tavola e per la casa di alta gamma | Beauvill\u00e9","og_description":"Scopri la biancheria da tavola e per la casa di alta gamma firmata Beauvill\u00e9: eleganza, artigianalit\u00e0 francese e design raffinato per ogni ambiente.","og_url":"https:\/\/www.beauville.com\/it\/","og_site_name":"Beauvill\u00e9","article_publisher":"https:\/\/www.facebook.com\/beauville.createur","article_modified_time":"2026-03-09T09:45:03+00:00","twitter_card":"summary_large_image","twitter_misc":{"Tempo di lettura stimato":"2 minuti"},"schema":{"@context":"https:\/\/schema.org","@graph":[{"@type":"WebPage","@id":"https:\/\/www.beauville.com\/it\/","url":"https:\/\/www.beauville.com\/it\/","name":"Biancheria da tavola e per la casa di alta gamma | Beauvill\u00e9","isPartOf":{"@id":"https:\/\/www.beauville.com\/it\/#website"},"datePublished":"2016-05-23T13:02:07+00:00","dateModified":"2026-03-09T09:45:03+00:00","description":"Scopri la biancheria da tavola e per la casa di alta gamma firmata Beauvill\u00e9: eleganza, artigianalit\u00e0 francese e design raffinato per ogni ambiente.","breadcrumb":{"@id":"https:\/\/www.beauville.com\/it\/#breadcrumb"},"inLanguage":"it-IT","potentialAction":[{"@type":"ReadAction","target":["https:\/\/www.beauville.com\/it\/"]}]},{"@type":"BreadcrumbList","@id":"https:\/\/www.beauville.com\/it\/#breadcrumb","itemListElement":[{"@type":"ListItem","position":1,"name":"Home","item":"https:\/\/www.beauville.com\/it\/"},{"@type":"ListItem","position":2,"name":"Beauvill\u00e9 Creator per tradizione"}]},{"@type":"WebSite","@id":"https:\/\/www.beauville.com\/it\/#website","url":"https:\/\/www.beauville.com\/it\/","name":"Beauvill\u00e9","description":"Creator by tradition","publisher":{"@id":"https:\/\/www.beauville.com\/it\/#organization"},"potentialAction":[{"@type":"SearchAction","target":{"@type":"EntryPoint","urlTemplate":"https:\/\/www.beauville.com\/it\/?s={search_term_string}"},"query-input":{"@type":"PropertyValueSpecification","valueRequired":true,"valueName":"search_term_string"}}],"inLanguage":"it-IT"},{"@type":"Organization","@id":"https:\/\/www.beauville.com\/it\/#organization","name":"Beauvill\u00e9","url":"https:\/\/www.beauville.com\/it\/","logo":{"@type":"ImageObject","inLanguage":"it-IT","@id":"https:\/\/www.beauville.com\/it\/#\/schema\/logo\/image\/","url":"https:\/\/www.beauville.com\/wp-inside\/uploads\/2018\/10\/beauville-logo.png","contentUrl":"https:\/\/www.beauville.com\/wp-inside\/uploads\/2018\/10\/beauville-logo.png","width":230,"height":90,"caption":"Beauvill\u00e9"},"image":{"@id":"https:\/\/www.beauville.com\/it\/#\/schema\/logo\/image\/"},"sameAs":["https:\/\/www.facebook.com\/beauville.createur","https:\/\/www.instagram.com\/beauville.createur\/","https:\/\/www.pinterest.fr\/beauvillecreateur\/_created\/","https:\/\/www.youtube.com\/channel\/UCN1DiK6SUHdildYkanOBeeA"]}]}},"_links":{"self":[{"href":"https:\/\/www.beauville.com\/it\/wp-json\/wp\/v2\/pages\/33280","targetHints":{"allow":["GET"]}}],"collection":[{"href":"https:\/\/www.beauville.com\/it\/wp-json\/wp\/v2\/pages"}],"about":[{"href":"https:\/\/www.beauville.com\/it\/wp-json\/wp\/v2\/types\/page"}],"author":[{"embeddable":true,"href":"https:\/\/www.beauville.com\/it\/wp-json\/wp\/v2\/users\/4"}],"replies":[{"embeddable":true,"href":"https:\/\/www.beauville.com\/it\/wp-json\/wp\/v2\/comments?post=33280"}],"version-history":[{"count":8,"href":"https:\/\/www.beauville.com\/it\/wp-json\/wp\/v2\/pages\/33280\/revisions"}],"predecessor-version":[{"id":43812,"href":"https:\/\/www.beauville.com\/it\/wp-json\/wp\/v2\/pages\/33280\/revisions\/43812"}],"wp:attachment":[{"href":"https:\/\/www.beauville.com\/it\/wp-json\/wp\/v2\/media?parent=33280"}],"curies":[{"name":"wp","href":"https:\/\/api.w.org\/{rel}","templated":true}]}}