{"id":33303,"date":"2016-05-23T13:23:08","date_gmt":"2016-05-23T13:23:08","guid":{"rendered":"https:\/\/www.beauville.com\/mentions-legales\/"},"modified":"2025-05-14T11:54:06","modified_gmt":"2025-05-14T09:54:06","slug":"note-legali","status":"publish","type":"page","link":"https:\/\/www.beauville.com\/it\/note-legali\/","title":{"rendered":"Note legali"},"content":{"rendered":"<div class=\"flex basis-auto flex-col -mb-(--composer-overlap-px) [--composer-overlap-px:24px] grow overflow-hidden\">\n<div class=\"relative h-full\">\n<div class=\"flex h-full flex-col overflow-y-auto [scrollbar-gutter:stable_both-edges] @[84rem]\/thread:pt-(--header-height)\">\n<div class=\"@thread-xl\/thread:pt-header-height mt-1.5 flex flex-col text-sm\">\n<article class=\"text-token-text-primary w-full\" dir=\"auto\" data-testid=\"conversation-turn-20\" data-scroll-anchor=\"true\">\n<div class=\"text-base my-auto mx-auto py-5 [--thread-content-margin:--spacing(4)] @[37rem]:[--thread-content-margin:--spacing(6)] @[72rem]:[--thread-content-margin:--spacing(16)] px-(--thread-content-margin)\">\n<div class=\"[--thread-content-max-width:32rem] @[34rem]:[--thread-content-max-width:40rem] @[64rem]:[--thread-content-max-width:48rem] mx-auto flex max-w-(--thread-content-max-width) flex-1 text-base gap-4 md:gap-5 lg:gap-6 group\/turn-messages focus-visible:outline-hidden\" tabindex=\"-1\">\n<div class=\"group\/conversation-turn relative flex w-full min-w-0 flex-col agent-turn\">\n<div class=\"relative flex-col gap-1 md:gap-3\">\n<div class=\"flex max-w-full flex-col grow\">\n<div class=\"min-h-8 text-message relative flex w-full flex-col items-end gap-2 text-start break-words whitespace-normal [.text-message+&amp;]:mt-5\" dir=\"auto\" data-message-author-role=\"assistant\" data-message-id=\"ad08f4f3-c1d7-4153-afb5-2e6485a28630\" data-message-model-slug=\"gpt-4o-mini\">\n<div class=\"flex w-full flex-col gap-1 empty:hidden first:pt-[3px]\">\n<div class=\"markdown prose dark:prose-invert w-full break-words light\">\n<h2 data-start=\"109\" data-end=\"134\"><strong data-start=\"109\" data-end=\"134\">Informazioni sul sito<\/strong><\/h2>\n<p data-start=\"136\" data-end=\"419\">Attualmente sei connesso al sito di Beauvill\u00e9.<br data-start=\"182\" data-end=\"185\" \/>Tutti i dati e le informazioni presenti sul sito <a class=\"\" href=\"http:\/\/www.beauville.com\" target=\"_new\" rel=\"noopener\" data-start=\"234\" data-end=\"251\">www.beauville.com<\/a> sono messi a disposizione del pubblico da Beauvill\u00e9.<br data-start=\"304\" data-end=\"307\" \/>Consultando il nostro sito <a class=\"\" href=\"http:\/\/www.beauville.com\" target=\"_new\" rel=\"noopener\" data-start=\"334\" data-end=\"351\">www.beauville.com<\/a>, accetti i termini e le condizioni contenute in questa informativa.<\/p>\n<h2 data-start=\"421\" data-end=\"432\"><strong data-start=\"421\" data-end=\"432\">Editore<\/strong><\/h2>\n<p data-start=\"434\" data-end=\"620\">Beauvill\u00e9<br data-start=\"443\" data-end=\"446\" \/>Sede legale: 19, route de Sainte-Marie-aux-Mines &#8211; BP 60038 &#8211; 68152 Ribeauvill\u00e9 Cedex (Francia)<br data-start=\"541\" data-end=\"544\" \/>R.C.S. B 318 083 656 00013<br data-start=\"570\" data-end=\"573\" \/>Partita IVA intracomunitaria: FR 94 318 083 656<\/p>\n<p data-start=\"622\" data-end=\"681\">Tel: +33 (0)3 89 73 74 74<br data-start=\"647\" data-end=\"650\" \/>E-mail: <a class=\"cursor-pointer\" rel=\"noopener\" data-start=\"658\" data-end=\"681\">beauville@beauville.com<\/a><\/p>\n<p data-start=\"683\" data-end=\"734\">Direttore della pubblicazione: M. Jean-Michel Borin<\/p>\n<h2 data-start=\"736\" data-end=\"747\"><strong data-start=\"736\" data-end=\"747\">Hosting<\/strong><\/h2>\n<p data-start=\"749\" data-end=\"902\">OVH<br data-start=\"752\" data-end=\"755\" \/>RCS Lille M\u00e9tropole 424 761 419 00045<br data-start=\"792\" data-end=\"795\" \/>Codice APE 2620Z<br data-start=\"811\" data-end=\"814\" \/>Partita IVA: FR 22 424 761 419<br data-start=\"844\" data-end=\"847\" \/>Sede legale: 2 rue Kellermann \u2013 59100 Roubaix \u2013 Francia<\/p>\n<h2 data-start=\"904\" data-end=\"947\"><strong data-start=\"904\" data-end=\"947\">Progettazione e ottimizzazione del sito<\/strong><\/h2>\n<p data-start=\"949\" data-end=\"1197\">Premi\u00e8re Place<br data-start=\"963\" data-end=\"966\" \/>SAS con capitale di 4.860,00 \u20ac<br data-start=\"996\" data-end=\"999\" \/>Sede legale: 30 rue Fran\u00e7ois Spoerry \u2013 68100 Mulhouse \u2013 Francia<br data-start=\"1062\" data-end=\"1065\" \/>Tel: +33 (0) 3 89 60 71 61<br data-start=\"1091\" data-end=\"1094\" \/><a class=\"cursor-pointer\" rel=\"noopener\" data-start=\"1094\" data-end=\"1116\">contact@premiere.place<\/a><br data-start=\"1116\" data-end=\"1119\" \/>RCS Mulhouse 489 995 985<br data-start=\"1143\" data-end=\"1146\" \/>Partita IVA: FR 12 489 995 985<br data-start=\"1176\" data-end=\"1179\" \/><a class=\"\" href=\"http:\/\/www.premiere.place\" target=\"_new\" rel=\"noopener\" data-start=\"1179\" data-end=\"1197\">www.premiere.place<\/a><\/p>\n<h2 data-start=\"1199\" data-end=\"1232\"><strong data-start=\"1199\" data-end=\"1232\">Protezione dei dati personali<\/strong><\/h2>\n<p data-start=\"1234\" data-end=\"1531\">Beauvill\u00e9 attribuisce particolare importanza al diritto alla privacy degli utenti e si impegna a proteggere i loro dati personali secondo la legislazione francese ed europea in vigore. Nessun dato personale viene richiesto ai visitatori per consentire loro di consultare il sito <a class=\"\" href=\"http:\/\/www.beauville.com\" target=\"_new\" rel=\"noopener\" data-start=\"1513\" data-end=\"1530\">www.beauville.com<\/a>.<\/p>\n<p data-start=\"1533\" data-end=\"1649\">Ogni modulo presente sul sito limita al minimo necessario la raccolta di dati personali e indica sistematicamente:<\/p>\n<ul data-start=\"1650\" data-end=\"1907\">\n<li data-start=\"1650\" data-end=\"1699\">\n<p data-start=\"1652\" data-end=\"1699\">le finalit\u00e0 della raccolta dei dati personali<\/p>\n<\/li>\n<li data-start=\"1700\" data-end=\"1744\">\n<p data-start=\"1702\" data-end=\"1744\">se i dati sono obbligatori o facoltativi<\/p>\n<\/li>\n<li data-start=\"1745\" data-end=\"1785\">\n<p data-start=\"1747\" data-end=\"1785\">il o i destinatari dei dati raccolti<\/p>\n<\/li>\n<li data-start=\"1786\" data-end=\"1837\">\n<p data-start=\"1788\" data-end=\"1837\">la durata della conservazione dei dati raccolti<\/p>\n<\/li>\n<li data-start=\"1838\" data-end=\"1907\">\n<p data-start=\"1840\" data-end=\"1907\">i tuoi diritti in materia di protezione dei dati e come esercitarli<\/p>\n<\/li>\n<\/ul>\n<p data-start=\"1909\" data-end=\"2449\">Ogni modulo presente su <a class=\"\" href=\"http:\/\/www.beauville.com\" target=\"_new\" rel=\"noopener\" data-start=\"1933\" data-end=\"1950\">www.beauville.com<\/a> include una o pi\u00f9 caselle da spuntare che permettono di esprimere esplicitamente il proprio consenso alla raccolta e al trattamento dei dati personali richiesti. Questo permette a Beauvill\u00e9 di garantire che i dati personali inviati possano essere utilizzati esclusivamente per la finalit\u00e0 o le finalit\u00e0 esplicitamente indicate nel modulo e accettate dall&#8217;utente. Ogni casella spuntata corrisponde a una specifica finalit\u00e0 di trattamento dei dati e costituisce prova legale del consenso dell&#8217;utente.<\/p>\n<p data-start=\"2451\" data-end=\"2719\">In nessun caso Beauvill\u00e9 utilizzer\u00e0 questi dati personali per scopi diversi da quelli espressamente dichiarati nel modulo e accettati dall&#8217;utente. Allo stesso modo, tali dati personali non saranno ceduti a terzi senza una specifica indicazione in tal senso nel modulo.<\/p>\n<p data-start=\"2721\" data-end=\"3024\">In conformit\u00e0 con la legge &#8220;Informatica e Libert\u00e0&#8221; del 6 gennaio 1978 (art. 34), hai il diritto di accesso, modifica, rettifica e cancellazione dei dati che ti riguardano. Per esercitare questo diritto, puoi contattare Beauvill\u00e9 tramite il modulo di contatto del sito o per posta all&#8217;indirizzo seguente:<\/p>\n<p data-start=\"3026\" data-end=\"3106\">Beauvill\u00e9<br data-start=\"3035\" data-end=\"3038\" \/>19-21, route de Sainte-Marie-aux-Mines<br data-start=\"3076\" data-end=\"3079\" \/>68150 Ribeauvill\u00e9 (Francia)<\/p>\n<p data-start=\"3108\" data-end=\"3475\">I dati personali raccolti su <a class=\"\" href=\"http:\/\/www.beauville.com\" target=\"_new\" rel=\"noopener\" data-start=\"3137\" data-end=\"3154\">www.beauville.com<\/a> sono trattati secondo protocolli sicuri che riducono significativamente i rischi di intercettazione o recupero da parte di terzi. Tuttavia, ti invitiamo a non divulgare informazioni personali inutili o sensibili quando utilizzi i nostri moduli. Se desideri fornirci tali informazioni, ti invitiamo a farlo tramite posta.<\/p>\n<h2 data-start=\"3477\" data-end=\"3487\"><strong data-start=\"3477\" data-end=\"3487\">Cookie<\/strong><\/h2>\n<p data-start=\"3489\" data-end=\"3933\">Il sito <a class=\"\" href=\"http:\/\/www.beauville.com\" target=\"_new\" rel=\"noopener\" data-start=\"3497\" data-end=\"3514\">www.beauville.com<\/a> utilizza dei cookie. Si tratta di piccoli file che vengono scaricati sul tuo computer per consentire al sito di funzionare in modo fluido e sicuro (cookie di sessione e di sicurezza) e per registrare informazioni su come i nostri visitatori consultano il sito (cookie di tracciamento). Questo ci consente, ad esempio, di sapere quali sono le pagine pi\u00f9 visitate e quanto tempo i visitatori trascorrono sul nostro sito.<\/p>\n<p data-start=\"3935\" data-end=\"4356\">Puoi configurare il tuo browser per disabilitare i cookie o essere avvisato quando i cookie stanno per essere scaricati sul tuo computer. Tuttavia, la disattivazione di tutti i cookie potrebbe impedirti di utilizzare correttamente tutte le funzionalit\u00e0 del sito. Ti diamo quindi la possibilit\u00e0 di disabilitare solo i cookie di tracciamento, senza influire sulla tua navigazione (vedi &#8220;Impostazioni dei cookie&#8221; qui sotto).<\/p>\n<h2 data-start=\"4358\" data-end=\"4378\"><strong data-start=\"4358\" data-end=\"4378\">Google Analytics<\/strong><\/h2>\n<p data-start=\"4380\" data-end=\"4746\">Questo sito utilizza il servizio di analisi web Google Analytics. Questo ci consente di analizzare come gli utenti utilizzano il nostro sito per offrire loro un&#8217;esperienza di navigazione migliore. A tal fine, Google Analytics utilizza cookie di tracciamento per monitorare il percorso dell&#8217;utente sul sito. Questi cookie vengono conservati per una durata di 13 mesi.<\/p>\n<p data-start=\"4748\" data-end=\"5328\">Abbiamo attivato l&#8217;anonimizzazione degli indirizzi IP per questo sito. Ci\u00f2 significa che gli indirizzi IP raccolti da Google Analytics sono sistematicamente abbreviati per rendere impossibile l&#8217;identificazione degli utenti. In alcuni casi eccezionali, l&#8217;indirizzo IP completo pu\u00f2 essere trasferito a un server di Google situato negli Stati Uniti e successivamente abbreviato su di esso. Google utilizza le informazioni raccolte tramite i cookie per conto di Beauvill\u00e9, con l&#8217;obiettivo di analizzare le abitudini di navigazione degli utenti e fornire report sull&#8217;attivit\u00e0 del sito.<\/p>\n<p data-start=\"5330\" data-end=\"5598\">Google mette a disposizione degli utenti un plug-in per il loro browser che consente di impedire la raccolta dei dati relativi alla navigazione sui siti web che utilizzano Google Analytics.<br data-start=\"5519\" data-end=\"5522\" \/>Questo plug-in \u00e8 disponibile all&#8217;indirizzo: tools.google.com\/dlpage\/gaoptout<\/p>\n<h2 data-start=\"5600\" data-end=\"5622\"><strong data-start=\"5600\" data-end=\"5622\">Google Remarketing<\/strong><\/h2>\n<p data-start=\"5624\" data-end=\"6090\">Questo sito pu\u00f2 utilizzare il servizio Google Remarketing, che consente di proporre agli utenti annunci pubblicitari mirati in base ai siti consultati all&#8217;interno della rete pubblicitaria di Google. Questo ci consente, ad esempio, di utilizzare i tuoi dati di navigazione su questo sito per proporti annunci mirati quando visiti altri siti della rete Google. Hai la possibilit\u00e0 di disattivare questa funzionalit\u00e0 tramite il seguente link: <a class=\"\" href=\"http:\/\/www.google.com\/settings\/ads\" target=\"_new\" rel=\"noopener\" data-start=\"6063\" data-end=\"6090\">www.google.com\/settings\/ads<\/a><\/p>\n<p data-start=\"6092\" data-end=\"6702\">Se possiedi un account Google e sei connesso ad esso mentre visiti il nostro sito, e se hai autorizzato Google a collegare la tua cronologia di navigazione al tuo account Google per personalizzare gli annunci, Google collegher\u00e0 i dati di navigazione raccolti tramite Google Analytics al tuo account Google. Se utilizzi il tuo account Google su pi\u00f9 dispositivi, i nostri annunci potranno essere visualizzati anche su questi dispositivi. Sebbene Google raccolga dati sull&#8217;utilizzo dei siti web tramite account Google, Beauvill\u00e9 non potr\u00e0 in nessun caso determinare l&#8217;identit\u00e0 degli utenti che consultano il sito.<\/p>\n<p data-start=\"6704\" data-end=\"6866\">Per ulteriori informazioni su come Google raccoglie e utilizza questi dati, ti invitiamo a consultare la privacy policy di Google: <a class=\"\" href=\"http:\/\/www.google.com\/policies\/privacy\" target=\"_new\" rel=\"noopener\" data-start=\"6835\" data-end=\"6866\">www.google.com\/policies\/privacy<\/a><\/p>\n<h2 data-start=\"6868\" data-end=\"6895\"><strong data-start=\"6868\" data-end=\"6895\">Impostazioni dei cookie<\/strong><\/h2>\n<p data-start=\"6897\" data-end=\"6964\">Puoi modificare qui le tue impostazioni sui cookie per questo sito:<\/p>\n<p data-start=\"6966\" data-end=\"7010\"><a class=\"skpcc-open-settings skpcc-link button\" href=\"#\" title=\"\" data-cc=\"show-preferencesModal\">R\u00e9glage des cookies<\/a><\/p>\n<p data-start=\"7012\" data-end=\"7222\">Per ulteriori informazioni sui cookie e su come gestirli, ti consigliamo di consultare il sito <a class=\"\" href=\"http:\/\/www.youronlinechoices.com\" target=\"_new\" rel=\"noopener\" data-start=\"7107\" data-end=\"7132\">www.youronlinechoices.com<\/a>, sviluppato dall&#8217;organizzazione EDAA (European Interactive Digital Advertising Alliance).<\/p>\n<h2 data-start=\"7224\" data-end=\"7251\"><strong data-start=\"7224\" data-end=\"7251\">Propriet\u00e0 intellettuale<\/strong><\/h2>\n<p data-start=\"7253\" data-end=\"7557\">Tutto il contenuto di questo sito \u00e8 protetto dalla legislazione francese e internazionale sui diritti d&#8217;autore e sulla propriet\u00e0 intellettuale. Tutti i diritti di riproduzione sono riservati, compresi i documenti scaricabili e le rappresentazioni iconografiche e fotografiche, nonch\u00e9 le sequenze animate.<\/p>\n<p data-start=\"7559\" data-end=\"7791\">Qualsiasi riproduzione o rappresentazione integrale o parziale, con qualsiasi mezzo, del contenuto del sito <a class=\"\" href=\"http:\/\/www.beauville.com\" target=\"_new\" rel=\"noopener\" data-start=\"7667\" data-end=\"7684\">www.beauville.com<\/a> senza l&#8217;autorizzazione espressa di Beauvill\u00e9 \u00e8 illecita e costituisce una violazione dei diritti d&#8217;autore.<\/p>\n<p data-start=\"7793\" data-end=\"8010\">Qualsiasi utilizzo delle informazioni provenienti dal sito <a class=\"\" href=\"http:\/\/www.beauville.com\" target=\"_new\" rel=\"noopener\" data-start=\"7852\" data-end=\"7869\">www.beauville.com<\/a> deve obbligatoriamente menzionare la fonte delle informazioni. L&#8217;indirizzo Internet del sito Beauvill\u00e9 deve essere indicato nella citazione.<\/p>\n<p data-start=\"8012\" data-end=\"8086\">I marchi citati su questo sito sono registrati dalle aziende proprietarie.<\/p>\n<h2 data-start=\"8088\" data-end=\"8106\"><strong data-start=\"8088\" data-end=\"8106\">Responsabilit\u00e0<\/strong><\/h2>\n<p data-start=\"8108\" data-end=\"8285\">Il contenuto e l&#8217;ambiente dei siti esterni a cui il sito <a class=\"\" href=\"http:\/\/www.beauville.com\" target=\"_new\" rel=\"noopener\" data-start=\"8165\" data-end=\"8182\">www.beauville.com<\/a> pu\u00f2 rimandare (in particolare tramite link ipertestuali) non impegnano la responsabilit\u00e0 di Beauvill\u00e9.<\/p>\n<p data-start=\"8287\" data-end=\"8569\">L&#8217;inserimento di link ipertestuali da parte di terzi verso le pagine o i documenti del sito di Beauvill\u00e9 \u00e8 autorizzato a condizione che i link non vadano contro gli interessi di Beauvill\u00e9 e garantiscano la possibilit\u00e0 per l&#8217;utente di identificare l&#8217;origine e l&#8217;autore del documento.<\/p>\n<p data-start=\"8571\" data-end=\"8619\" data-is-last-node=\"\" data-is-only-node=\"\">La responsabilit\u00e0 di Beauvill\u00e9 non pu\u00f2 in nessun<\/p>\n<\/div>\n<\/div>\n<\/div>\n<\/div>\n<\/div>\n<\/div>\n<\/div>\n<\/div>\n<\/article>\n<\/div>\n<\/div>\n<\/div>\n<\/div>\n","protected":false},"excerpt":{"rendered":"<p>Informazioni sul sito Attualmente sei connesso al sito di Beauvill\u00e9.Tutti i dati e le informazioni presenti sul sito www.beauville.com sono messi a disposizione del pubblico da Beauvill\u00e9.Consultando il nostro sito [&hellip;]<\/p>\n","protected":false},"author":4,"featured_media":0,"parent":0,"menu_order":0,"comment_status":"closed","ping_status":"closed","template":"","meta":{"_acf_changed":false,"footnotes":""},"class_list":["post-33303","page","type-page","status-publish","hentry","wp-sticky"],"acf":[],"yoast_head":"<!-- This site is optimized with the Yoast SEO plugin v27.5 - https:\/\/yoast.com\/product\/yoast-seo-wordpress\/ -->\n<title>Note legali<\/title>\n<meta name=\"robots\" content=\"index, follow, max-snippet:-1, max-image-preview:large, max-video-preview:-1\" \/>\n<link rel=\"canonical\" href=\"https:\/\/www.beauville.com\/it\/note-legali\/\" \/>\n<meta property=\"og:locale\" content=\"it_IT\" \/>\n<meta property=\"og:type\" content=\"article\" \/>\n<meta property=\"og:title\" content=\"Note legali\" \/>\n<meta property=\"og:description\" content=\"Informazioni sul sito Attualmente sei connesso al sito di Beauvill\u00e9.Tutti i dati e le informazioni presenti sul sito www.beauville.com sono messi a disposizione del pubblico da Beauvill\u00e9.Consultando il nostro sito [&hellip;]\" \/>\n<meta property=\"og:url\" content=\"https:\/\/www.beauville.com\/it\/note-legali\/\" \/>\n<meta property=\"og:site_name\" content=\"Beauvill\u00e9\" \/>\n<meta property=\"article:publisher\" content=\"https:\/\/www.facebook.com\/beauville.createur\" \/>\n<meta property=\"article:modified_time\" content=\"2025-05-14T09:54:06+00:00\" \/>\n<meta name=\"twitter:card\" content=\"summary_large_image\" \/>\n<meta name=\"twitter:label1\" content=\"Tempo di lettura stimato\" \/>\n\t<meta name=\"twitter:data1\" content=\"6 minuti\" \/>\n<script type=\"application\/ld+json\" class=\"yoast-schema-graph\">{\"@context\":\"https:\\\/\\\/schema.org\",\"@graph\":[{\"@type\":\"WebPage\",\"@id\":\"https:\\\/\\\/www.beauville.com\\\/it\\\/note-legali\\\/\",\"url\":\"https:\\\/\\\/www.beauville.com\\\/it\\\/note-legali\\\/\",\"name\":\"Note legali\",\"isPartOf\":{\"@id\":\"https:\\\/\\\/www.beauville.com\\\/it\\\/#website\"},\"datePublished\":\"2016-05-23T13:23:08+00:00\",\"dateModified\":\"2025-05-14T09:54:06+00:00\",\"breadcrumb\":{\"@id\":\"https:\\\/\\\/www.beauville.com\\\/it\\\/note-legali\\\/#breadcrumb\"},\"inLanguage\":\"it-IT\",\"potentialAction\":[{\"@type\":\"ReadAction\",\"target\":[\"https:\\\/\\\/www.beauville.com\\\/it\\\/note-legali\\\/\"]}]},{\"@type\":\"BreadcrumbList\",\"@id\":\"https:\\\/\\\/www.beauville.com\\\/it\\\/note-legali\\\/#breadcrumb\",\"itemListElement\":[{\"@type\":\"ListItem\",\"position\":1,\"name\":\"Home\",\"item\":\"https:\\\/\\\/www.beauville.com\\\/it\\\/\"},{\"@type\":\"ListItem\",\"position\":2,\"name\":\"Note legali\"}]},{\"@type\":\"WebSite\",\"@id\":\"https:\\\/\\\/www.beauville.com\\\/it\\\/#website\",\"url\":\"https:\\\/\\\/www.beauville.com\\\/it\\\/\",\"name\":\"Beauvill\u00e9\",\"description\":\"Creator by tradition\",\"publisher\":{\"@id\":\"https:\\\/\\\/www.beauville.com\\\/it\\\/#organization\"},\"potentialAction\":[{\"@type\":\"SearchAction\",\"target\":{\"@type\":\"EntryPoint\",\"urlTemplate\":\"https:\\\/\\\/www.beauville.com\\\/it\\\/?s={search_term_string}\"},\"query-input\":{\"@type\":\"PropertyValueSpecification\",\"valueRequired\":true,\"valueName\":\"search_term_string\"}}],\"inLanguage\":\"it-IT\"},{\"@type\":\"Organization\",\"@id\":\"https:\\\/\\\/www.beauville.com\\\/it\\\/#organization\",\"name\":\"Beauvill\u00e9\",\"url\":\"https:\\\/\\\/www.beauville.com\\\/it\\\/\",\"logo\":{\"@type\":\"ImageObject\",\"inLanguage\":\"it-IT\",\"@id\":\"https:\\\/\\\/www.beauville.com\\\/it\\\/#\\\/schema\\\/logo\\\/image\\\/\",\"url\":\"https:\\\/\\\/www.beauville.com\\\/wp-inside\\\/uploads\\\/2018\\\/10\\\/beauville-logo.png\",\"contentUrl\":\"https:\\\/\\\/www.beauville.com\\\/wp-inside\\\/uploads\\\/2018\\\/10\\\/beauville-logo.png\",\"width\":230,\"height\":90,\"caption\":\"Beauvill\u00e9\"},\"image\":{\"@id\":\"https:\\\/\\\/www.beauville.com\\\/it\\\/#\\\/schema\\\/logo\\\/image\\\/\"},\"sameAs\":[\"https:\\\/\\\/www.facebook.com\\\/beauville.createur\",\"https:\\\/\\\/www.instagram.com\\\/beauville.createur\\\/\",\"https:\\\/\\\/www.pinterest.fr\\\/beauvillecreateur\\\/_created\\\/\",\"https:\\\/\\\/www.youtube.com\\\/channel\\\/UCN1DiK6SUHdildYkanOBeeA\"]}]}<\/script>\n<!-- \/ Yoast SEO plugin. -->","yoast_head_json":{"title":"Note legali","robots":{"index":"index","follow":"follow","max-snippet":"max-snippet:-1","max-image-preview":"max-image-preview:large","max-video-preview":"max-video-preview:-1"},"canonical":"https:\/\/www.beauville.com\/it\/note-legali\/","og_locale":"it_IT","og_type":"article","og_title":"Note legali","og_description":"Informazioni sul sito Attualmente sei connesso al sito di Beauvill\u00e9.Tutti i dati e le informazioni presenti sul sito www.beauville.com sono messi a disposizione del pubblico da Beauvill\u00e9.Consultando il nostro sito [&hellip;]","og_url":"https:\/\/www.beauville.com\/it\/note-legali\/","og_site_name":"Beauvill\u00e9","article_publisher":"https:\/\/www.facebook.com\/beauville.createur","article_modified_time":"2025-05-14T09:54:06+00:00","twitter_card":"summary_large_image","twitter_misc":{"Tempo di lettura stimato":"6 minuti"},"schema":{"@context":"https:\/\/schema.org","@graph":[{"@type":"WebPage","@id":"https:\/\/www.beauville.com\/it\/note-legali\/","url":"https:\/\/www.beauville.com\/it\/note-legali\/","name":"Note legali","isPartOf":{"@id":"https:\/\/www.beauville.com\/it\/#website"},"datePublished":"2016-05-23T13:23:08+00:00","dateModified":"2025-05-14T09:54:06+00:00","breadcrumb":{"@id":"https:\/\/www.beauville.com\/it\/note-legali\/#breadcrumb"},"inLanguage":"it-IT","potentialAction":[{"@type":"ReadAction","target":["https:\/\/www.beauville.com\/it\/note-legali\/"]}]},{"@type":"BreadcrumbList","@id":"https:\/\/www.beauville.com\/it\/note-legali\/#breadcrumb","itemListElement":[{"@type":"ListItem","position":1,"name":"Home","item":"https:\/\/www.beauville.com\/it\/"},{"@type":"ListItem","position":2,"name":"Note legali"}]},{"@type":"WebSite","@id":"https:\/\/www.beauville.com\/it\/#website","url":"https:\/\/www.beauville.com\/it\/","name":"Beauvill\u00e9","description":"Creator by tradition","publisher":{"@id":"https:\/\/www.beauville.com\/it\/#organization"},"potentialAction":[{"@type":"SearchAction","target":{"@type":"EntryPoint","urlTemplate":"https:\/\/www.beauville.com\/it\/?s={search_term_string}"},"query-input":{"@type":"PropertyValueSpecification","valueRequired":true,"valueName":"search_term_string"}}],"inLanguage":"it-IT"},{"@type":"Organization","@id":"https:\/\/www.beauville.com\/it\/#organization","name":"Beauvill\u00e9","url":"https:\/\/www.beauville.com\/it\/","logo":{"@type":"ImageObject","inLanguage":"it-IT","@id":"https:\/\/www.beauville.com\/it\/#\/schema\/logo\/image\/","url":"https:\/\/www.beauville.com\/wp-inside\/uploads\/2018\/10\/beauville-logo.png","contentUrl":"https:\/\/www.beauville.com\/wp-inside\/uploads\/2018\/10\/beauville-logo.png","width":230,"height":90,"caption":"Beauvill\u00e9"},"image":{"@id":"https:\/\/www.beauville.com\/it\/#\/schema\/logo\/image\/"},"sameAs":["https:\/\/www.facebook.com\/beauville.createur","https:\/\/www.instagram.com\/beauville.createur\/","https:\/\/www.pinterest.fr\/beauvillecreateur\/_created\/","https:\/\/www.youtube.com\/channel\/UCN1DiK6SUHdildYkanOBeeA"]}]}},"_links":{"self":[{"href":"https:\/\/www.beauville.com\/it\/wp-json\/wp\/v2\/pages\/33303","targetHints":{"allow":["GET"]}}],"collection":[{"href":"https:\/\/www.beauville.com\/it\/wp-json\/wp\/v2\/pages"}],"about":[{"href":"https:\/\/www.beauville.com\/it\/wp-json\/wp\/v2\/types\/page"}],"author":[{"embeddable":true,"href":"https:\/\/www.beauville.com\/it\/wp-json\/wp\/v2\/users\/4"}],"replies":[{"embeddable":true,"href":"https:\/\/www.beauville.com\/it\/wp-json\/wp\/v2\/comments?post=33303"}],"version-history":[{"count":2,"href":"https:\/\/www.beauville.com\/it\/wp-json\/wp\/v2\/pages\/33303\/revisions"}],"predecessor-version":[{"id":33305,"href":"https:\/\/www.beauville.com\/it\/wp-json\/wp\/v2\/pages\/33303\/revisions\/33305"}],"wp:attachment":[{"href":"https:\/\/www.beauville.com\/it\/wp-json\/wp\/v2\/media?parent=33303"}],"curies":[{"name":"wp","href":"https:\/\/api.w.org\/{rel}","templated":true}]}}