{"id":33326,"date":"2016-05-30T13:03:29","date_gmt":"2016-05-30T12:03:29","guid":{"rendered":"https:\/\/www.beauville.com\/plan-de-site\/"},"modified":"2025-05-14T12:10:34","modified_gmt":"2025-05-14T10:10:34","slug":"mappa-del-sito","status":"publish","type":"page","link":"https:\/\/www.beauville.com\/it\/mappa-del-sito\/","title":{"rendered":"Mappa del sito"},"content":{"rendered":"<div class=\"wsp-container\"><h2 class=\"wsp-pages-title\">Pagine<\/h2>\n<ul class=\"wsp-pages-list\">\n<li class=\"page_item page-item-33280\"><a href=\"https:\/\/www.beauville.com\/it\/\">Beauvill\u00e9 <br><strong>Creator per tradizione<\/strong><\/a><\/li>\n<li class=\"page_item page-item-33288\"><a href=\"https:\/\/www.beauville.com\/it\/catalogo\/\">Catalogo Primavera \/ Estate 2026<\/a><\/li>\n<li class=\"page_item page-item-33292\"><a href=\"https:\/\/www.beauville.com\/it\/catalogo-virtuale-collezioni\/\">Catalogo virtuale &#8211; Collezioni Beauvill\u00e9<\/a><\/li>\n<li class=\"page_item page-item-33297\"><a href=\"https:\/\/www.beauville.com\/it\/contatti\/\">Contatti<\/a><\/li>\n<li class=\"page_item page-item-33273\"><a href=\"https:\/\/www.beauville.com\/it\/il-museo\/\">Il Museo<\/a><\/li>\n<li class=\"page_item page-item-33322\"><a href=\"https:\/\/www.beauville.com\/it\/la-nostra-storia\/\">La nostra storia<\/a><\/li>\n<li class=\"page_item page-item-33276\"><a href=\"https:\/\/www.beauville.com\/it\/le-nostre-valori\/\">Le nostre valori<\/a><\/li>\n<li class=\"page_item page-item-33303\"><a href=\"https:\/\/www.beauville.com\/it\/note-legali\/\">Note legali<\/a><\/li>\n<li class=\"page_item page-item-33329\"><a href=\"https:\/\/www.beauville.com\/it\/beauville\/\">Beauvill\u00e9<\/a><\/li>\n<li class=\"page_item page-item-33332\"><a href=\"https:\/\/www.beauville.com\/it\/mie\/\">MIE<\/a><\/li>\n<\/ul>\n<h2 class=\"wsp-posts-title\">Articoli suddivisi per categoria<\/h2>\n<ul class=\"wsp-posts-list\">\n\t<li><strong class=\"wsp-category-title\">Category: <a href=\"https:\/\/www.beauville.com\/it\/blog\/\">Blog<\/a><\/strong>\n<ul class=\"wsp-posts-list\">\t\t<li class=\"wsp-post\"><a href=\"https:\/\/www.beauville.com\/it\/blog\/5-eleganti-idee-per-una-tavola-brunch-primaverile-allaperto\/\">5 eleganti idee per una tavola brunch primaverile all\u2019aperto<\/a><\/li>\n\t\t<li class=\"wsp-post\"><a href=\"https:\/\/www.beauville.com\/it\/blog\/3-modi-per-apparecchiare-una-tavola-primaverile-con-beauville\/\">3 modi per apparecchiare una tavola primaverile con Beauvill\u00e9<\/a><\/li>\n\t\t<li class=\"wsp-post\"><a href=\"https:\/\/www.beauville.com\/it\/blog\/la-stampa-a-quadro-piano-a-mano-limpronta-di-un-sapere-tessile-raro\/\">La stampa a quadro piano a mano: l\u2019impronta di un sapere tessile raro<\/a><\/li>\n\t\t<li class=\"wsp-post\"><a href=\"https:\/\/www.beauville.com\/it\/blog\/parfum-dorient-tovagliato-senza-tempo-per-ogni-stagione\/\">Parfum d\u2019Orient: tovagliato senza tempo per ogni stagione<\/a><\/li>\n\t\t<li class=\"wsp-post\"><a href=\"https:\/\/www.beauville.com\/it\/blog\/idee-per-una-tavola-di-pasqua-elegante-e-raffinata\/\">Idee per una tavola di Pasqua elegante e raffinata<\/a><\/li>\n\t\t<li class=\"wsp-post\"><a href=\"https:\/\/www.beauville.com\/it\/blog\/collezione-primavera-estate-2026-tovaglie-di-lusso-beauville\/\">Collezione Primavera-Estate 2026 | Tovaglie di lusso Beauvill\u00e9<\/a><\/li>\n\t\t<li class=\"wsp-post\"><a href=\"https:\/\/www.beauville.com\/it\/blog\/il-mercato-di-natale-di-ribeauville\/\">Il Mercato di Natale di Ribeauvill\u00e9<\/a><\/li>\n\t\t<li class=\"wsp-post\"><a href=\"https:\/\/www.beauville.com\/it\/blog\/natale-beauville-guida-pratica-per-una-tavola-elegante-e-duratura\/\">Natale Beauvill\u00e9: guida pratica per una tavola elegante e duratura<\/a><\/li>\n\t\t<li class=\"wsp-post\"><a href=\"https:\/\/www.beauville.com\/it\/blog\/le-5-tavole-iconiche-di-beauville-per-il-natale\/\">Le 5 tavole iconiche di Beauvill\u00e9 per il Natale<\/a><\/li>\n\t\t<li class=\"wsp-post\"><a href=\"https:\/\/www.beauville.com\/it\/blog\/segreti-per-una-tavola-di-natale-indimenticabile-con-le-tovaglie-beauville\/\">Segreti per una tavola di Natale indimenticabile con le tovaglie Beauvill\u00e9<\/a><\/li>\n\t\t<li class=\"wsp-post\"><a href=\"https:\/\/www.beauville.com\/it\/blog\/quando-il-tessile-diventa-regalo\/\">Quando il tessile diventa regalo<\/a><\/li>\n\t\t<li class=\"wsp-post\"><a href=\"https:\/\/www.beauville.com\/it\/blog\/tutorial-piegatura-dei-tovaglioli-beauville-a-forma-di-albero-di-natale\/\">Tutorial piegatura dei tovaglioli Beauvill\u00e9 a forma di albero di Natale<\/a><\/li>\n\t\t<li class=\"wsp-post\"><a href=\"https:\/\/www.beauville.com\/it\/blog\/beauville-al-salone-made-in-france-2025\/\">Beauvill\u00e9 al Salone Made in France 2025<\/a><\/li>\n\t\t<li class=\"wsp-post\"><a href=\"https:\/\/www.beauville.com\/it\/blog\/come-scegliere-la-propria-tovaglia-di-natale\/\">Come scegliere la propria tovaglia di Natale?<\/a><\/li>\n\t\t<li class=\"wsp-post\"><a href=\"https:\/\/www.beauville.com\/it\/blog\/una-giornata-alla-manifattura-beauville\/\">Una giornata alla Manifattura Beauvill\u00e9<\/a><\/li>\n\t\t<li class=\"wsp-post\"><a href=\"https:\/\/www.beauville.com\/it\/blog\/come-valorizzare-beauville-nei-nostri-interni-idee-per-la-tavola-e-decorazioni\/\">Come valorizzare Beauvill\u00e9 nei nostri interni: idee per la tavola e decorazioni<\/a><\/li>\n\t\t<li class=\"wsp-post\"><a href=\"https:\/\/www.beauville.com\/it\/blog\/beauville-svela-la-sua-collezione-autunno-inverno\/\">Beauvill\u00e9 svela la sua collezione Autunno-Inverno: l\u2019eleganza francese al centro della stagione<\/a><\/li>\n\t\t<li class=\"wsp-post\"><a href=\"https:\/\/www.beauville.com\/it\/blog\/come-prendersi-cura-della-biancheria-beauville-e-preservarne-tutta-la-bellezza\/\">Come prendersi cura della biancheria Beauvill\u00e9 e preservarne tutta la bellezza?<\/a><\/li>\n\t\t<li class=\"wsp-post\"><a href=\"https:\/\/www.beauville.com\/it\/blog\/i-consigli-di-beauville-per-una-tavola-primaverile-perfetta\/\">I Consigli di Beauvill\u00e9 per una Tavola Primaverile Perfetta<\/a><\/li>\n\t\t<li class=\"wsp-post\"><a href=\"https:\/\/www.beauville.com\/it\/blog\/beauville-svela-la-sua-collezione-primavera-estate-2025-unesplosione-di-colore-e-raffinatezza\/\">Beauvill\u00e9 svela la sua collezione Primavera\/Estate 2025: un&#8217;esplosione di colore e raffinatezza.<\/a><\/li>\n\t\t<li class=\"wsp-post\"><a href=\"https:\/\/www.beauville.com\/it\/blog\/la-magia-dei-dettagli-perche-investire-in-biancheria-da-tavola-di-alta-gamma-per-il-natale\/\">La magia dei dettagli: perch\u00e9 investire in biancheria da tavola di alta gamma per il Natale?<\/a><\/li>\n\t\t<li class=\"wsp-post\"><a href=\"https:\/\/www.beauville.com\/it\/blog\/la-guida-ai-regali-di-natale-beauville-per-una-decorazione-della-tavola-elegante\/\">La guida ai regali di Natale Beauvill\u00e9: per una decorazione della tavola elegante<\/a><\/li>\n\t\t<li class=\"wsp-post\"><a href=\"https:\/\/www.beauville.com\/it\/blog\/come-creare-una-tavola-di-natale-elegante-con-le-collezioni-beauville\/\">Come creare una tavola di Natale elegante con le collezioni Beauvill\u00e9<\/a><\/li>\n\t\t<li class=\"wsp-post\"><a href=\"https:\/\/www.beauville.com\/it\/blog\/tendenze-per-la-decorazione-della-tavola-di-natale-2024\/\">Tendenze per la decorazione della tavola di Natale 2024: ispirazioni e consigli<\/a><\/li>\n\t\t<li class=\"wsp-post\"><a href=\"https:\/\/www.beauville.com\/it\/blog\/nuova-identita-visiva-di-beauville-una-modernita-radicata-nella-tradizione\/\">Nuova identit\u00e0 visiva di Beauvill\u00e9: Una modernit\u00e0 radicata nella tradizione<\/a><\/li>\n\t\t<li class=\"wsp-post\"><a href=\"https:\/\/www.beauville.com\/it\/blog\/una-stagione-incantata-con-la-nuova-collezione-beauville\/\">Una stagione incantata con la nuova collezione Beauvill\u00e9<\/a><\/li>\n\t\t<li class=\"wsp-post\"><a href=\"https:\/\/www.beauville.com\/it\/blog\/lestate-con-beauville\/\">L\u2019estate con Beauvill\u00e9<\/a><\/li>\n\t\t<li class=\"wsp-post\"><a href=\"https:\/\/www.beauville.com\/it\/blog\/notizie\/larte-della-tavola-alle-olimpiadi-beauville-in-prima-linea\/\">L&#8217;arte della tavola alle Olimpiadi: Beauvill\u00e9 in prima linea<\/a><\/li>\n\t\t<li class=\"wsp-post\"><a href=\"https:\/\/www.beauville.com\/it\/blog\/esalta-il-tuo-matrimonio-con-eleganza\/\">Esalta il tuo matrimonio con eleganza<\/a><\/li>\n\t\t<li class=\"wsp-post\"><a href=\"https:\/\/www.beauville.com\/it\/blog\/un-viaggio-nella-storia-di-beauville\/\">Un viaggio nella Storia di Beauvill\u00e9<\/a><\/li>\n\t\t<li class=\"wsp-post\"><a href=\"https:\/\/www.beauville.com\/it\/blog\/il-motivo-arne-un-omaggio-eterno-alleredita-di-beauville\/\">Il motivo Arn\u00e9: Un omaggio eterno all&#8217;eredit\u00e0 di Beauvill\u00e9<\/a><\/li>\n\t\t<li class=\"wsp-post\"><a href=\"https:\/\/www.beauville.com\/it\/blog\/tutorial-video-come-piegare-un-tovagliolo-a-forma-di-cuore-per-la-festa-della-mamma\/\">Tutorial video: come piegare un tovagliolo a forma di cuore per la Festa della Mamma<\/a><\/li>\n\t\t<li class=\"wsp-post\"><a href=\"https:\/\/www.beauville.com\/it\/blog\/un-savoir-faire-eccezionale-dietro-ogni-prodotto-beauville\/\">Un savoir-faire eccezionale dietro ogni prodotto Beauvill\u00e9<\/a><\/li>\n\t\t<li class=\"wsp-post\"><a href=\"https:\/\/www.beauville.com\/it\/blog\/tutorial-video-come-piegare-un-tovagliolo-a-forma-di-rosa-per-la-festa-della-mamma\/\">Tutorial video: come piegare un tovagliolo a forma di rosa per la Festa della Mamma<\/a><\/li>\n\t\t<li class=\"wsp-post\"><a href=\"https:\/\/www.beauville.com\/it\/blog\/selezione-festa-della-mamma\/\">Selezione Festa della Mamma<\/a><\/li>\n\t\t<li class=\"wsp-post\"><a href=\"https:\/\/www.beauville.com\/it\/blog\/celebrare-la-pasqua-in-alsazia-con-beauville-una-fusione-di-tradizioni-e-raffinatezza\/\">Celebrare la Pasqua in Alsazia con Beauvill\u00e9: una fusione di tradizioni e raffinatezza<\/a><\/li>\n\t\t<li class=\"wsp-post\"><a href=\"https:\/\/www.beauville.com\/it\/blog\/imbandite-una-tavola-per-due-per-san-valentino-con-beauville\/\">Imbandite una tavola per due per San Valentino con Beauvill\u00e9<\/a><\/li>\n\t\t<li class=\"wsp-post\"><a href=\"https:\/\/www.beauville.com\/it\/blog\/personalizzazione-su-misura-della-biancheria-da-tavola-beauville\/\">Personalizzazione su misura della biancheria da tavola Beauvill\u00e9<\/a><\/li>\n\t\t<li class=\"wsp-post\"><a href=\"https:\/\/www.beauville.com\/it\/blog\/decorazione-del-chalet\/\">Decorazione del chalet<\/a><\/li>\n\t\t<li class=\"wsp-post\"><a href=\"https:\/\/www.beauville.com\/it\/blog\/fuggite-allaria-aperta\/\">Fuggite all&#8217;aria aperta<\/a><\/li>\n\t\t<li class=\"wsp-post\"><a href=\"https:\/\/www.beauville.com\/it\/blog\/unepifania-raffinata-con-beauville\/\">Un\u2019Epifania raffinata con Beauvill\u00e9<\/a><\/li>\n\t\t<li class=\"wsp-post\"><a href=\"https:\/\/www.beauville.com\/it\/blog\/come-scegliere-la-misura-perfetta-per-la-mia-tovaglia-beauville\/\">Come scegliere la misura perfetta per la mia tovaglia Beauvill\u00e9?<\/a><\/li>\n\t\t<li class=\"wsp-post\"><a href=\"https:\/\/www.beauville.com\/it\/blog\/personalizza-i-tuoi-asciugamani-bicolore-beauville-per-regali-unici\/\">Personalizza i tuoi asciugamani bicolore Beauvill\u00e9 per regali unici<\/a><\/li>\n\t\t<li class=\"wsp-post\"><a href=\"https:\/\/www.beauville.com\/it\/blog\/una-tavola-di-natale-splendida-con-beauville\/\">Una tavola di Natale splendida con Beauvill\u00e9<\/a><\/li>\n\t\t<li class=\"wsp-post\"><a href=\"https:\/\/www.beauville.com\/it\/blog\/cofanetti-regalo-beauville-eleganza-e-utilita-per-regali-indimenticabili\/\">Cofanetti regalo Beauvill\u00e9: Eleganza e utilit\u00e0 per regali indimenticabili<\/a><\/li>\n\t\t<li class=\"wsp-post\"><a href=\"https:\/\/www.beauville.com\/it\/blog\/crea-una-tavola-di-natale-elegante-con-il-duo-perfetto-tovaglie-tinta-unita-e-accessori-beauville\/\">Crea una tavola di Natale elegante con il duo perfetto: Tovaglie tinta unita e accessori Beauvill\u00e9<\/a><\/li>\n\t\t<li class=\"wsp-post\"><a href=\"https:\/\/www.beauville.com\/it\/blog\/ispirazione-per-la-vostra-tavola-delle-feste\/\">Ispirazione per la vostra tavola delle feste<\/a><\/li>\n\t\t<li class=\"wsp-post\"><a href=\"https:\/\/www.beauville.com\/it\/blog\/per-una-tavola-da-festa-perfetta\/\">Per una Tavola da Festa Perfetta<\/a><\/li>\n\t\t<li class=\"wsp-post\"><a href=\"https:\/\/www.beauville.com\/it\/blog\/festivita-eleganti-con-beauville-5-idee-regalo-per-il-natale\/\">Festivit\u00e0 eleganti con Beauvill\u00e9: 5 idee regalo per il Natale<\/a><\/li>\n\t\t<li class=\"wsp-post\"><a href=\"https:\/\/www.beauville.com\/it\/blog\/larte-della-tavola-alla-francese-eleganza-e-tradizione\/\">L&#8217;Arte della Tavola alla Francese: Eleganza e Tradizione<\/a><\/li>\n\t\t<li class=\"wsp-post\"><a href=\"https:\/\/www.beauville.com\/it\/blog\/5-consigli-e-idee-per-un-natale-perfetto-con-beauville\/\">5 consigli e idee per un Natale perfetto con Beauvill\u00e9<\/a><\/li>\n\t\t<li class=\"wsp-post\"><a href=\"https:\/\/www.beauville.com\/it\/blog\/calendari-dellavvento-tradizione-e-magia-da-scoprire\/\">Calendari dell&#8217;Avvento: Tradizione e magia da scoprire<\/a><\/li>\n\t\t<li class=\"wsp-post\"><a href=\"https:\/\/www.beauville.com\/it\/blog\/la-magia-del-natale-sulla-tua-tavola\/\">La magia del Natale sulla tua tavola<\/a><\/li>\n\t\t<li class=\"wsp-post\"><a href=\"https:\/\/www.beauville.com\/it\/blog\/nei-retroscena-della-casa-beauville-dove-larte-incontra-la-tradizione\/\">Nei retroscena della casa Beauvill\u00e9, dove l&#8217;arte incontra la tradizione!<\/a><\/li>\n\t\t<li class=\"wsp-post\"><a href=\"https:\/\/www.beauville.com\/it\/blog\/un-museo-beauville\/\">Un Museo Beauvill\u00e9<\/a><\/li>\n\t\t<li class=\"wsp-post\"><a href=\"https:\/\/www.beauville.com\/it\/blog\/nuova-collezione-autunno-inverno-2023\/\">Nuova Collezione Autunno\/Inverno 2023<\/a><\/li>\n\t\t<li class=\"wsp-post\"><a href=\"https:\/\/www.beauville.com\/it\/blog\/tutoriel-pliage-de-serviette-de-table-en-forme-de-sapin\/\">Tutoriel : pliage de serviette de table en forme de sapin<\/a><\/li>\n\t\t<li class=\"wsp-post\"><a href=\"https:\/\/www.beauville.com\/it\/blog\/tutorial-piegare-un-tovagliolo-a-forma-di-stella-cadente\/\">Tutorial: piegare un tovagliolo a forma di stella cadente<\/a><\/li>\n\t\t<li class=\"wsp-post\"><a href=\"https:\/\/www.beauville.com\/it\/blog\/tutorial-piegatura-del-tovagliolo-a-forma-di-tasca-portaposate\/\">Tutorial: piegatura del tovagliolo a forma di tasca portaposate<\/a><\/li>\n\t\t<li class=\"wsp-post\"><a href=\"https:\/\/www.beauville.com\/it\/blog\/natale-10-consigli-per-allestire-una-tavola-di-lusso\/\">Natale: 10 consigli per allestire una tavola di lusso<\/a><\/li>\n\t\t<li class=\"wsp-post\"><a href=\"https:\/\/www.beauville.com\/it\/blog\/come-scegliere-la-misura-ideale-per-la-tua-tovaglia\/\">Come scegliere la misura ideale per la tua tovaglia?<\/a><\/li>\n\t\t<li class=\"wsp-post\"><a href=\"https:\/\/www.beauville.com\/it\/blog\/nuova-collezione-autunno-inverno-2022\/\">Nuova Collezione Autunno\/Inverno 2022<\/a><\/li>\n\t\t<li class=\"wsp-post\"><a href=\"https:\/\/www.beauville.com\/it\/blog\/il-negozio-beauville\/\">Il Negozio Beauvill\u00e9<\/a><\/li>\n\t\t<li class=\"wsp-post\"><a href=\"https:\/\/www.beauville.com\/it\/blog\/le-nostre-confezioni-regalo-e-piccole-attenzioni-per-celebrare-la-pasqua\/\">Le nostre confezioni regalo e piccole attenzioni per celebrare la Pasqua!<\/a><\/li>\n\t\t<li class=\"wsp-post\"><a href=\"https:\/\/www.beauville.com\/it\/blog\/reportage\/\">Reportage<\/a><\/li>\n\t\t<li class=\"wsp-post\"><a href=\"https:\/\/www.beauville.com\/it\/blog\/ispirazioni-per-le-feste-episodio-3-e-perche-non-il-nero\/\">Ispirazioni per le Feste \u2013 Episodio 3: E perch\u00e9 non il Nero?<\/a><\/li>\n\t\t<li class=\"wsp-post\"><a href=\"https:\/\/www.beauville.com\/it\/blog\/ispirazioni-per-le-feste-episodio-2-una-tavola-di-natale-tradizionale\/\">Ispirazioni per le Feste \u2013 Episodio 2: Una Tavola di Natale Tradizionale<\/a><\/li>\n\t\t<li class=\"wsp-post\"><a href=\"https:\/\/www.beauville.com\/it\/blog\/ispirazioni-per-le-feste-episodio-1-un-natale-dal-grande-nord\/\">Ispirazioni per le Feste \u2013 Episodio 1: Un Natale dal Grande Nord<\/a><\/li>\n\t\t<li class=\"wsp-post\"><a href=\"https:\/\/www.beauville.com\/it\/blog\/i-nostri-consigli-per-mettere-tutta-la-casa-in-perfetto-stile-autunnale\/\">I nostri consigli per mettere tutta la casa in perfetto stile autunnale!<\/a><\/li>\n\t\t<li class=\"wsp-post\"><a href=\"https:\/\/www.beauville.com\/it\/blog\/la-nostra-nuova-collezione-autunno-inverno-2021\/\">La nostra nuova collezione Autunno\/Inverno 2021<\/a><\/li>\n\t\t<li class=\"wsp-post\"><a href=\"https:\/\/www.beauville.com\/it\/blog\/appuntamento-al-carrefour-europeen-du-patchwork\/\">Appuntamento al Carrefour Europ\u00e9en du Patchwork<\/a><\/li>\n\t\t<li class=\"wsp-post\"><a href=\"https:\/\/www.beauville.com\/it\/blog\/concorso-festa-della-mamma-dal-10-al-13-maggio-2021\/\">Concorso Festa della Mamma (dal 10 al 13 maggio 2021)<\/a><\/li>\n\t\t<li class=\"wsp-post\"><a href=\"https:\/\/www.beauville.com\/it\/blog\/le-attenzioni-piu-belle-per-celebrare-la-festa-della-mamma\/\">Le attenzioni pi\u00f9 belle per celebrare la Festa della Mamma!<\/a><\/li>\n\t\t<li class=\"wsp-post\"><a href=\"https:\/\/www.beauville.com\/it\/blog\/tendenze-decorazione-2021-fate-entrare-il-sole-nei-vostri-ambienti\/\">Tendenze decorazione 2021: fate entrare il sole nei vostri ambienti!<\/a><\/li>\n\t\t<li class=\"wsp-post\"><a href=\"https:\/\/www.beauville.com\/it\/blog\/questestate-la-tovaglia-cerata-fa-il-suo-grande-ritorno-per-una-decorazione-super-trendy\/\">Quest\u2019estate, la tovaglia cerata fa il suo grande ritorno per una decorazione super trendy!<\/a><\/li>\n\t\t<li class=\"wsp-post\"><a href=\"https:\/\/www.beauville.com\/it\/blog\/la-tonalita-giada-arriva-nella-biancheria-per-la-casa-come-abbinarla-per-creare-un-arredamento-super-di-tendenza\/\">La tonalit\u00e0 giada arriva nella biancheria per la casa: come abbinarla per creare un arredamento super di tendenza?<\/a><\/li>\n\t<li><strong class=\"wsp-category-title\">Category: <a href=\"https:\/\/www.beauville.com\/it\/blog\/consigli-suggerimenti\/\">Consigli e suggerimenti<\/a><\/strong>\n<\/li>\n\t<li><strong class=\"wsp-category-title\">Category: <a href=\"https:\/\/www.beauville.com\/it\/blog\/festa-della-mamma\/\">Festa della mamma<\/a><\/strong>\n<\/li>\n\t<li><strong class=\"wsp-category-title\">Category: <a href=\"https:\/\/www.beauville.com\/it\/blog\/storia\/\">La storia<\/a><\/strong>\n<\/li>\n\t<li><strong class=\"wsp-category-title\">Category: <a href=\"https:\/\/www.beauville.com\/it\/blog\/natale-capodanno\/\">Natale e Capodanno<\/a><\/strong>\n<\/li>\n\t<li><strong class=\"wsp-category-title\">Category: <a href=\"https:\/\/www.beauville.com\/it\/blog\/notizie\/\">Notizie<\/a><\/strong>\n<ul class=\"wsp-posts-list\">\t\t<li class=\"wsp-post\"><a href=\"https:\/\/www.beauville.com\/it\/blog\/notizie\/scopri-le-tovaglie-resinati-per-valorizzare-la-tua-tavola-estiva\/\">Scopri le tovaglie resinati per valorizzare la tua tavola estiva<\/a><\/li>\n<\/ul><\/li>\n\t<li><strong class=\"wsp-category-title\">Category: <a href=\"https:\/\/www.beauville.com\/it\/blog\/pasqua\/\">Pasqua<\/a><\/strong>\n<\/li>\n\t<li><strong class=\"wsp-category-title\">Category: <a href=\"https:\/\/www.beauville.com\/it\/blog\/tendenze-decorazione-stile-di-vita\/\">Tendenze, decorazione e stile di vita<\/a><\/strong>\n<\/li>\n<\/ul><\/li>\n<\/ul>\n<\/div>\n","protected":false},"excerpt":{"rendered":"","protected":false},"author":4,"featured_media":0,"parent":0,"menu_order":0,"comment_status":"closed","ping_status":"closed","template":"","meta":{"_acf_changed":false,"footnotes":""},"class_list":["post-33326","page","type-page","status-publish","hentry","wp-sticky"],"acf":[],"yoast_head":"<!-- This site is optimized with the Yoast SEO plugin v27.5 - https:\/\/yoast.com\/product\/yoast-seo-wordpress\/ -->\n<title>Mappa del sito<\/title>\n<meta name=\"robots\" content=\"index, follow, max-snippet:-1, max-image-preview:large, max-video-preview:-1\" \/>\n<link rel=\"canonical\" href=\"https:\/\/www.beauville.com\/it\/mappa-del-sito\/\" \/>\n<meta property=\"og:locale\" content=\"it_IT\" \/>\n<meta property=\"og:type\" content=\"article\" \/>\n<meta property=\"og:title\" content=\"Mappa del sito\" \/>\n<meta property=\"og:url\" content=\"https:\/\/www.beauville.com\/it\/mappa-del-sito\/\" \/>\n<meta property=\"og:site_name\" content=\"Beauvill\u00e9\" \/>\n<meta property=\"article:publisher\" content=\"https:\/\/www.facebook.com\/beauville.createur\" \/>\n<meta property=\"article:modified_time\" content=\"2025-05-14T10:10:34+00:00\" \/>\n<meta name=\"twitter:card\" content=\"summary_large_image\" \/>\n<script type=\"application\/ld+json\" class=\"yoast-schema-graph\">{\"@context\":\"https:\\\/\\\/schema.org\",\"@graph\":[{\"@type\":\"WebPage\",\"@id\":\"https:\\\/\\\/www.beauville.com\\\/it\\\/mappa-del-sito\\\/\",\"url\":\"https:\\\/\\\/www.beauville.com\\\/it\\\/mappa-del-sito\\\/\",\"name\":\"Mappa del sito\",\"isPartOf\":{\"@id\":\"https:\\\/\\\/www.beauville.com\\\/it\\\/#website\"},\"datePublished\":\"2016-05-30T12:03:29+00:00\",\"dateModified\":\"2025-05-14T10:10:34+00:00\",\"breadcrumb\":{\"@id\":\"https:\\\/\\\/www.beauville.com\\\/it\\\/mappa-del-sito\\\/#breadcrumb\"},\"inLanguage\":\"it-IT\",\"potentialAction\":[{\"@type\":\"ReadAction\",\"target\":[\"https:\\\/\\\/www.beauville.com\\\/it\\\/mappa-del-sito\\\/\"]}]},{\"@type\":\"BreadcrumbList\",\"@id\":\"https:\\\/\\\/www.beauville.com\\\/it\\\/mappa-del-sito\\\/#breadcrumb\",\"itemListElement\":[{\"@type\":\"ListItem\",\"position\":1,\"name\":\"Home\",\"item\":\"https:\\\/\\\/www.beauville.com\\\/it\\\/\"},{\"@type\":\"ListItem\",\"position\":2,\"name\":\"Mappa del sito\"}]},{\"@type\":\"WebSite\",\"@id\":\"https:\\\/\\\/www.beauville.com\\\/it\\\/#website\",\"url\":\"https:\\\/\\\/www.beauville.com\\\/it\\\/\",\"name\":\"Beauvill\u00e9\",\"description\":\"Creator by tradition\",\"publisher\":{\"@id\":\"https:\\\/\\\/www.beauville.com\\\/it\\\/#organization\"},\"potentialAction\":[{\"@type\":\"SearchAction\",\"target\":{\"@type\":\"EntryPoint\",\"urlTemplate\":\"https:\\\/\\\/www.beauville.com\\\/it\\\/?s={search_term_string}\"},\"query-input\":{\"@type\":\"PropertyValueSpecification\",\"valueRequired\":true,\"valueName\":\"search_term_string\"}}],\"inLanguage\":\"it-IT\"},{\"@type\":\"Organization\",\"@id\":\"https:\\\/\\\/www.beauville.com\\\/it\\\/#organization\",\"name\":\"Beauvill\u00e9\",\"url\":\"https:\\\/\\\/www.beauville.com\\\/it\\\/\",\"logo\":{\"@type\":\"ImageObject\",\"inLanguage\":\"it-IT\",\"@id\":\"https:\\\/\\\/www.beauville.com\\\/it\\\/#\\\/schema\\\/logo\\\/image\\\/\",\"url\":\"https:\\\/\\\/www.beauville.com\\\/wp-inside\\\/uploads\\\/2018\\\/10\\\/beauville-logo.png\",\"contentUrl\":\"https:\\\/\\\/www.beauville.com\\\/wp-inside\\\/uploads\\\/2018\\\/10\\\/beauville-logo.png\",\"width\":230,\"height\":90,\"caption\":\"Beauvill\u00e9\"},\"image\":{\"@id\":\"https:\\\/\\\/www.beauville.com\\\/it\\\/#\\\/schema\\\/logo\\\/image\\\/\"},\"sameAs\":[\"https:\\\/\\\/www.facebook.com\\\/beauville.createur\",\"https:\\\/\\\/www.instagram.com\\\/beauville.createur\\\/\",\"https:\\\/\\\/www.pinterest.fr\\\/beauvillecreateur\\\/_created\\\/\",\"https:\\\/\\\/www.youtube.com\\\/channel\\\/UCN1DiK6SUHdildYkanOBeeA\"]}]}<\/script>\n<!-- \/ Yoast SEO plugin. -->","yoast_head_json":{"title":"Mappa del sito","robots":{"index":"index","follow":"follow","max-snippet":"max-snippet:-1","max-image-preview":"max-image-preview:large","max-video-preview":"max-video-preview:-1"},"canonical":"https:\/\/www.beauville.com\/it\/mappa-del-sito\/","og_locale":"it_IT","og_type":"article","og_title":"Mappa del sito","og_url":"https:\/\/www.beauville.com\/it\/mappa-del-sito\/","og_site_name":"Beauvill\u00e9","article_publisher":"https:\/\/www.facebook.com\/beauville.createur","article_modified_time":"2025-05-14T10:10:34+00:00","twitter_card":"summary_large_image","schema":{"@context":"https:\/\/schema.org","@graph":[{"@type":"WebPage","@id":"https:\/\/www.beauville.com\/it\/mappa-del-sito\/","url":"https:\/\/www.beauville.com\/it\/mappa-del-sito\/","name":"Mappa del sito","isPartOf":{"@id":"https:\/\/www.beauville.com\/it\/#website"},"datePublished":"2016-05-30T12:03:29+00:00","dateModified":"2025-05-14T10:10:34+00:00","breadcrumb":{"@id":"https:\/\/www.beauville.com\/it\/mappa-del-sito\/#breadcrumb"},"inLanguage":"it-IT","potentialAction":[{"@type":"ReadAction","target":["https:\/\/www.beauville.com\/it\/mappa-del-sito\/"]}]},{"@type":"BreadcrumbList","@id":"https:\/\/www.beauville.com\/it\/mappa-del-sito\/#breadcrumb","itemListElement":[{"@type":"ListItem","position":1,"name":"Home","item":"https:\/\/www.beauville.com\/it\/"},{"@type":"ListItem","position":2,"name":"Mappa del sito"}]},{"@type":"WebSite","@id":"https:\/\/www.beauville.com\/it\/#website","url":"https:\/\/www.beauville.com\/it\/","name":"Beauvill\u00e9","description":"Creator by tradition","publisher":{"@id":"https:\/\/www.beauville.com\/it\/#organization"},"potentialAction":[{"@type":"SearchAction","target":{"@type":"EntryPoint","urlTemplate":"https:\/\/www.beauville.com\/it\/?s={search_term_string}"},"query-input":{"@type":"PropertyValueSpecification","valueRequired":true,"valueName":"search_term_string"}}],"inLanguage":"it-IT"},{"@type":"Organization","@id":"https:\/\/www.beauville.com\/it\/#organization","name":"Beauvill\u00e9","url":"https:\/\/www.beauville.com\/it\/","logo":{"@type":"ImageObject","inLanguage":"it-IT","@id":"https:\/\/www.beauville.com\/it\/#\/schema\/logo\/image\/","url":"https:\/\/www.beauville.com\/wp-inside\/uploads\/2018\/10\/beauville-logo.png","contentUrl":"https:\/\/www.beauville.com\/wp-inside\/uploads\/2018\/10\/beauville-logo.png","width":230,"height":90,"caption":"Beauvill\u00e9"},"image":{"@id":"https:\/\/www.beauville.com\/it\/#\/schema\/logo\/image\/"},"sameAs":["https:\/\/www.facebook.com\/beauville.createur","https:\/\/www.instagram.com\/beauville.createur\/","https:\/\/www.pinterest.fr\/beauvillecreateur\/_created\/","https:\/\/www.youtube.com\/channel\/UCN1DiK6SUHdildYkanOBeeA"]}]}},"_links":{"self":[{"href":"https:\/\/www.beauville.com\/it\/wp-json\/wp\/v2\/pages\/33326","targetHints":{"allow":["GET"]}}],"collection":[{"href":"https:\/\/www.beauville.com\/it\/wp-json\/wp\/v2\/pages"}],"about":[{"href":"https:\/\/www.beauville.com\/it\/wp-json\/wp\/v2\/types\/page"}],"author":[{"embeddable":true,"href":"https:\/\/www.beauville.com\/it\/wp-json\/wp\/v2\/users\/4"}],"replies":[{"embeddable":true,"href":"https:\/\/www.beauville.com\/it\/wp-json\/wp\/v2\/comments?post=33326"}],"version-history":[{"count":1,"href":"https:\/\/www.beauville.com\/it\/wp-json\/wp\/v2\/pages\/33326\/revisions"}],"predecessor-version":[{"id":33328,"href":"https:\/\/www.beauville.com\/it\/wp-json\/wp\/v2\/pages\/33326\/revisions\/33328"}],"wp:attachment":[{"href":"https:\/\/www.beauville.com\/it\/wp-json\/wp\/v2\/media?parent=33326"}],"curies":[{"name":"wp","href":"https:\/\/api.w.org\/{rel}","templated":true}]}}