{"id":33329,"date":"2016-05-23T13:18:08","date_gmt":"2016-05-23T13:18:08","guid":{"rendered":"https:\/\/www.beauville.com\/beauville\/"},"modified":"2025-10-15T16:19:52","modified_gmt":"2025-10-15T14:19:52","slug":"beauville","status":"publish","type":"page","link":"https:\/\/www.beauville.com\/it\/beauville\/","title":{"rendered":"Beauvill\u00e9"},"content":{"rendered":"<p data-start=\"173\" data-end=\"455\">Beauvill\u00e9 rappresenta l\u2019eccellenza del lusso francese nel settore del lino da tavola. Ereditiera di un savoir-faire tessile secolare, la Manufacture d\u2019Impressions sur \u00c9toffes crea collezioni uniche dove tradizione e innovazione si incontrano al servizio dell\u2019eleganza.<\/p>\n<p data-start=\"457\" data-end=\"804\">Ogni tovaglia, tovagliolo e accessorio per la casa firmato Beauvill\u00e9 riflette una maestria artigianale eccezionale, trasmessa di generazione in generazione. I nostri artigiani selezionano le migliori fibre, perfezionano ogni sfumatura di colore e stampano i nostri motivi con una precisione rara, rispettando i pi\u00f9 alti standard qualitativi.<\/p>\n<p data-start=\"806\" data-end=\"1163\">La reputazione di Beauvill\u00e9 si estende a livello internazionale: circa l\u201980% delle creazioni viene esportato verso destinazioni prestigiose in tutto il mondo, tra cui gli Stati Uniti, dove i tessuti Beauvill\u00e9 hanno arredato persino la Casa Bianca, oltre a Giappone, Svizzera e Germania, mercati in cui le nostre collezioni sono apprezzate e ricercate.<\/p>\n<p data-start=\"1165\" data-end=\"1392\">Beauvill\u00e9 incarna la perfetta combinazione di artigianato tradizionale, qualit\u00e0 superiore e lusso contemporaneo, conquistando mercati nazionali e internazionali con prodotti che trascendono confini culturali e geografici.<\/p>\n<p data-start=\"1165\" data-end=\"1392\">\n<p><img decoding=\"async\" src=\"https:\/\/www.beauville.com\/wp-inside\/uploads\/2025\/10\/histoire-topkapi-350x269.jpg\" class=\"size-medium alignleft\" \/><\/p>\n<h3><\/h3>\n<h3><\/h3>\n<h3><em>Storia<\/em><\/h3>\n<p>Scegliere Beauvill\u00e9 significa abbracciare un patrimonio francese, un saper fare eccezionale e un\u2019eleganza senza tempo. Porta nelle case un tocco di bellezza, luce e tradizione.<\/p>\n<p><a class=\"button secondary-color\" href=\"https:\/\/www.beauville.com\/it\/la-nostra-storia\/\">Leggi di pi\u00f9<\/a><\/p>\n<p>&nbsp;<\/p>\n<p>&nbsp;<\/p>\n<h2><em><strong><img decoding=\"async\" src=\"https:\/\/www.beauville.com\/wp-inside\/uploads\/2024\/09\/photo-site-web-21-350x350.jpg\" alt=\"Rouleaux de tissu Topkapi aux motifs inspir\u00e9s de l\u2019art ottoman, d\u00e9clin\u00e9s dans une \u00e9l\u00e9gante palette Bleu, Blanc, Rouge \u2013 parfaits pour des cr\u00e9ations textiles raffin\u00e9es.\" class=\"alignright size-medium\" \/><\/strong><\/em><\/h2>\n<p>&nbsp;<\/p>\n<h2><\/h2>\n<h3><em><strong>Valori<\/strong><\/em><\/h3>\n<p data-start=\"1264\" data-end=\"1519\">Simbolo di lusso senza tempo e discreto, Beauvill\u00e9 celebra l\u2019artigianato francese al 100%, dalla progettazione alla stampa. Ogni pezzo \u00e8 realizzato nei nostri laboratori in Alsazia, garantendo tracciabilit\u00e0 completa e finiture impeccabili.<\/p>\n<p data-start=\"1264\" data-end=\"1519\"><a class=\"button secondary-color\" href=\"https:\/\/www.beauville.com\/it\/le-nostre-valori\/\">leggi di pi\u00f9<\/a><\/p>\n<p>&nbsp;<\/p>\n<p>&nbsp;<\/p>\n<p>&nbsp;<\/p>\n<p><img decoding=\"async\" src=\"https:\/\/www.beauville.com\/wp-inside\/uploads\/2025\/10\/histoire-cadre-plat-a-la-main-350x269.jpg\" class=\"size-medium alignleft\" \/><\/p>\n<p>&nbsp;<\/p>\n<p>&nbsp;<\/p>\n<h3 data-start=\"1934\" data-end=\"1990\"><em><strong data-start=\"1938\" data-end=\"1988\">La Manufacture d\u2019Impressions sur \u00c9toffes (MIE)<\/strong><\/em><\/h3>\n<p data-start=\"1991\" data-end=\"2224\">La MIE \u00e8 la branca storica, tecnica e professionale di Beauvill\u00e9. \u00c8 specializzata nella stampa di tessuti di alta gamma per arredamento, al servizio di editori tessili di prestigio, interior designer e istituzioni patrimoniali.<\/p>\n<p><a class=\"button secondary-color\" href=\"https:\/\/www.beauville.com\/it\/mie\/\">Leggi di pi\u00f9<\/a><\/p>\n<p>&nbsp;<\/p>\n<p><iframe title=\"Dans les coulisses de la Maison Beauvill\u00e9 \u2728\" width=\"500\" height=\"281\" src=\"https:\/\/www.youtube.com\/embed\/luP9uyHU9Bs?start=6&#038;feature=oembed\" frameborder=\"0\" allow=\"accelerometer; autoplay; clipboard-write; encrypted-media; gyroscope; picture-in-picture; web-share\" referrerpolicy=\"strict-origin-when-cross-origin\" allowfullscreen><\/iframe><\/p>\n","protected":false},"excerpt":{"rendered":"<p>Beauvill\u00e9 rappresenta l\u2019eccellenza del lusso francese nel settore del lino da tavola. Ereditiera di un savoir-faire tessile secolare, la Manufacture d\u2019Impressions sur \u00c9toffes crea collezioni uniche dove tradizione e innovazione [&hellip;]<\/p>\n","protected":false},"author":4,"featured_media":33105,"parent":0,"menu_order":2,"comment_status":"closed","ping_status":"closed","template":"","meta":{"_acf_changed":false,"footnotes":""},"class_list":["post-33329","page","type-page","status-publish","has-post-thumbnail","hentry","wp-sticky"],"acf":[],"yoast_head":"<!-- This site is optimized with the Yoast SEO plugin v27.5 - https:\/\/yoast.com\/product\/yoast-seo-wordpress\/ -->\n<title>Beauvill\u00e9<\/title>\n<meta name=\"description\" content=\"Scopri Beauvill\u00e9, l&#039;editore di biancheria da tavola di lusso, simbolo di eleganza, qualit\u00e0 e tradizione. Esplora le nostre collezioni esclusive di alta gamma per la casa.\" \/>\n<meta name=\"robots\" content=\"index, follow, max-snippet:-1, max-image-preview:large, max-video-preview:-1\" \/>\n<link rel=\"canonical\" href=\"https:\/\/www.beauville.com\/it\/beauville\/\" \/>\n<meta property=\"og:locale\" content=\"it_IT\" \/>\n<meta property=\"og:type\" content=\"article\" \/>\n<meta property=\"og:title\" content=\"Beauvill\u00e9\" \/>\n<meta property=\"og:description\" content=\"Scopri Beauvill\u00e9, l&#039;editore di biancheria da tavola di lusso, simbolo di eleganza, qualit\u00e0 e tradizione. Esplora le nostre collezioni esclusive di alta gamma per la casa.\" \/>\n<meta property=\"og:url\" content=\"https:\/\/www.beauville.com\/it\/beauville\/\" \/>\n<meta property=\"og:site_name\" content=\"Beauvill\u00e9\" \/>\n<meta property=\"article:publisher\" content=\"https:\/\/www.facebook.com\/beauville.createur\" \/>\n<meta property=\"article:modified_time\" content=\"2025-10-15T14:19:52+00:00\" \/>\n<meta property=\"og:image\" content=\"https:\/\/www.beauville.com\/wp-inside\/uploads\/2020\/11\/nov19_ig_3.jpg\" \/>\n\t<meta property=\"og:image:width\" content=\"900\" \/>\n\t<meta property=\"og:image:height\" content=\"900\" \/>\n\t<meta property=\"og:image:type\" content=\"image\/jpeg\" \/>\n<meta name=\"twitter:card\" content=\"summary_large_image\" \/>\n<meta name=\"twitter:label1\" content=\"Tempo di lettura stimato\" \/>\n\t<meta name=\"twitter:data1\" content=\"1 minuto\" \/>\n<script type=\"application\/ld+json\" class=\"yoast-schema-graph\">{\"@context\":\"https:\\\/\\\/schema.org\",\"@graph\":[{\"@type\":\"WebPage\",\"@id\":\"https:\\\/\\\/www.beauville.com\\\/it\\\/beauville\\\/\",\"url\":\"https:\\\/\\\/www.beauville.com\\\/it\\\/beauville\\\/\",\"name\":\"Beauvill\u00e9\",\"isPartOf\":{\"@id\":\"https:\\\/\\\/www.beauville.com\\\/it\\\/#website\"},\"primaryImageOfPage\":{\"@id\":\"https:\\\/\\\/www.beauville.com\\\/it\\\/beauville\\\/#primaryimage\"},\"image\":{\"@id\":\"https:\\\/\\\/www.beauville.com\\\/it\\\/beauville\\\/#primaryimage\"},\"thumbnailUrl\":\"https:\\\/\\\/www.beauville.com\\\/wp-inside\\\/uploads\\\/2020\\\/11\\\/nov19_ig_3.jpg\",\"datePublished\":\"2016-05-23T13:18:08+00:00\",\"dateModified\":\"2025-10-15T14:19:52+00:00\",\"description\":\"Scopri Beauvill\u00e9, l'editore di biancheria da tavola di lusso, simbolo di eleganza, qualit\u00e0 e tradizione. Esplora le nostre collezioni esclusive di alta gamma per la casa.\",\"breadcrumb\":{\"@id\":\"https:\\\/\\\/www.beauville.com\\\/it\\\/beauville\\\/#breadcrumb\"},\"inLanguage\":\"it-IT\",\"potentialAction\":[{\"@type\":\"ReadAction\",\"target\":[\"https:\\\/\\\/www.beauville.com\\\/it\\\/beauville\\\/\"]}]},{\"@type\":\"ImageObject\",\"inLanguage\":\"it-IT\",\"@id\":\"https:\\\/\\\/www.beauville.com\\\/it\\\/beauville\\\/#primaryimage\",\"url\":\"https:\\\/\\\/www.beauville.com\\\/wp-inside\\\/uploads\\\/2020\\\/11\\\/nov19_ig_3.jpg\",\"contentUrl\":\"https:\\\/\\\/www.beauville.com\\\/wp-inside\\\/uploads\\\/2020\\\/11\\\/nov19_ig_3.jpg\",\"width\":900,\"height\":900,\"caption\":\"Una tovaglia Topkapi argento con un motivo elegante, ideale per i pasti natalizi. Il suo design raffinato e le sue tonalit\u00e0 argentate aggiungono un tocco sofisticato e festoso a qualsiasi tavola delle feste.\"},{\"@type\":\"BreadcrumbList\",\"@id\":\"https:\\\/\\\/www.beauville.com\\\/it\\\/beauville\\\/#breadcrumb\",\"itemListElement\":[{\"@type\":\"ListItem\",\"position\":1,\"name\":\"Home\",\"item\":\"https:\\\/\\\/www.beauville.com\\\/it\\\/\"},{\"@type\":\"ListItem\",\"position\":2,\"name\":\"Beauvill\u00e9\"}]},{\"@type\":\"WebSite\",\"@id\":\"https:\\\/\\\/www.beauville.com\\\/it\\\/#website\",\"url\":\"https:\\\/\\\/www.beauville.com\\\/it\\\/\",\"name\":\"Beauvill\u00e9\",\"description\":\"Creator by tradition\",\"publisher\":{\"@id\":\"https:\\\/\\\/www.beauville.com\\\/it\\\/#organization\"},\"potentialAction\":[{\"@type\":\"SearchAction\",\"target\":{\"@type\":\"EntryPoint\",\"urlTemplate\":\"https:\\\/\\\/www.beauville.com\\\/it\\\/?s={search_term_string}\"},\"query-input\":{\"@type\":\"PropertyValueSpecification\",\"valueRequired\":true,\"valueName\":\"search_term_string\"}}],\"inLanguage\":\"it-IT\"},{\"@type\":\"Organization\",\"@id\":\"https:\\\/\\\/www.beauville.com\\\/it\\\/#organization\",\"name\":\"Beauvill\u00e9\",\"url\":\"https:\\\/\\\/www.beauville.com\\\/it\\\/\",\"logo\":{\"@type\":\"ImageObject\",\"inLanguage\":\"it-IT\",\"@id\":\"https:\\\/\\\/www.beauville.com\\\/it\\\/#\\\/schema\\\/logo\\\/image\\\/\",\"url\":\"https:\\\/\\\/www.beauville.com\\\/wp-inside\\\/uploads\\\/2018\\\/10\\\/beauville-logo.png\",\"contentUrl\":\"https:\\\/\\\/www.beauville.com\\\/wp-inside\\\/uploads\\\/2018\\\/10\\\/beauville-logo.png\",\"width\":230,\"height\":90,\"caption\":\"Beauvill\u00e9\"},\"image\":{\"@id\":\"https:\\\/\\\/www.beauville.com\\\/it\\\/#\\\/schema\\\/logo\\\/image\\\/\"},\"sameAs\":[\"https:\\\/\\\/www.facebook.com\\\/beauville.createur\",\"https:\\\/\\\/www.instagram.com\\\/beauville.createur\\\/\",\"https:\\\/\\\/www.pinterest.fr\\\/beauvillecreateur\\\/_created\\\/\",\"https:\\\/\\\/www.youtube.com\\\/channel\\\/UCN1DiK6SUHdildYkanOBeeA\"]}]}<\/script>\n<!-- \/ Yoast SEO plugin. -->","yoast_head_json":{"title":"Beauvill\u00e9","description":"Scopri Beauvill\u00e9, l'editore di biancheria da tavola di lusso, simbolo di eleganza, qualit\u00e0 e tradizione. Esplora le nostre collezioni esclusive di alta gamma per la casa.","robots":{"index":"index","follow":"follow","max-snippet":"max-snippet:-1","max-image-preview":"max-image-preview:large","max-video-preview":"max-video-preview:-1"},"canonical":"https:\/\/www.beauville.com\/it\/beauville\/","og_locale":"it_IT","og_type":"article","og_title":"Beauvill\u00e9","og_description":"Scopri Beauvill\u00e9, l'editore di biancheria da tavola di lusso, simbolo di eleganza, qualit\u00e0 e tradizione. Esplora le nostre collezioni esclusive di alta gamma per la casa.","og_url":"https:\/\/www.beauville.com\/it\/beauville\/","og_site_name":"Beauvill\u00e9","article_publisher":"https:\/\/www.facebook.com\/beauville.createur","article_modified_time":"2025-10-15T14:19:52+00:00","og_image":[{"width":900,"height":900,"url":"https:\/\/www.beauville.com\/wp-inside\/uploads\/2020\/11\/nov19_ig_3.jpg","type":"image\/jpeg"}],"twitter_card":"summary_large_image","twitter_misc":{"Tempo di lettura stimato":"1 minuto"},"schema":{"@context":"https:\/\/schema.org","@graph":[{"@type":"WebPage","@id":"https:\/\/www.beauville.com\/it\/beauville\/","url":"https:\/\/www.beauville.com\/it\/beauville\/","name":"Beauvill\u00e9","isPartOf":{"@id":"https:\/\/www.beauville.com\/it\/#website"},"primaryImageOfPage":{"@id":"https:\/\/www.beauville.com\/it\/beauville\/#primaryimage"},"image":{"@id":"https:\/\/www.beauville.com\/it\/beauville\/#primaryimage"},"thumbnailUrl":"https:\/\/www.beauville.com\/wp-inside\/uploads\/2020\/11\/nov19_ig_3.jpg","datePublished":"2016-05-23T13:18:08+00:00","dateModified":"2025-10-15T14:19:52+00:00","description":"Scopri Beauvill\u00e9, l'editore di biancheria da tavola di lusso, simbolo di eleganza, qualit\u00e0 e tradizione. Esplora le nostre collezioni esclusive di alta gamma per la casa.","breadcrumb":{"@id":"https:\/\/www.beauville.com\/it\/beauville\/#breadcrumb"},"inLanguage":"it-IT","potentialAction":[{"@type":"ReadAction","target":["https:\/\/www.beauville.com\/it\/beauville\/"]}]},{"@type":"ImageObject","inLanguage":"it-IT","@id":"https:\/\/www.beauville.com\/it\/beauville\/#primaryimage","url":"https:\/\/www.beauville.com\/wp-inside\/uploads\/2020\/11\/nov19_ig_3.jpg","contentUrl":"https:\/\/www.beauville.com\/wp-inside\/uploads\/2020\/11\/nov19_ig_3.jpg","width":900,"height":900,"caption":"Una tovaglia Topkapi argento con un motivo elegante, ideale per i pasti natalizi. Il suo design raffinato e le sue tonalit\u00e0 argentate aggiungono un tocco sofisticato e festoso a qualsiasi tavola delle feste."},{"@type":"BreadcrumbList","@id":"https:\/\/www.beauville.com\/it\/beauville\/#breadcrumb","itemListElement":[{"@type":"ListItem","position":1,"name":"Home","item":"https:\/\/www.beauville.com\/it\/"},{"@type":"ListItem","position":2,"name":"Beauvill\u00e9"}]},{"@type":"WebSite","@id":"https:\/\/www.beauville.com\/it\/#website","url":"https:\/\/www.beauville.com\/it\/","name":"Beauvill\u00e9","description":"Creator by tradition","publisher":{"@id":"https:\/\/www.beauville.com\/it\/#organization"},"potentialAction":[{"@type":"SearchAction","target":{"@type":"EntryPoint","urlTemplate":"https:\/\/www.beauville.com\/it\/?s={search_term_string}"},"query-input":{"@type":"PropertyValueSpecification","valueRequired":true,"valueName":"search_term_string"}}],"inLanguage":"it-IT"},{"@type":"Organization","@id":"https:\/\/www.beauville.com\/it\/#organization","name":"Beauvill\u00e9","url":"https:\/\/www.beauville.com\/it\/","logo":{"@type":"ImageObject","inLanguage":"it-IT","@id":"https:\/\/www.beauville.com\/it\/#\/schema\/logo\/image\/","url":"https:\/\/www.beauville.com\/wp-inside\/uploads\/2018\/10\/beauville-logo.png","contentUrl":"https:\/\/www.beauville.com\/wp-inside\/uploads\/2018\/10\/beauville-logo.png","width":230,"height":90,"caption":"Beauvill\u00e9"},"image":{"@id":"https:\/\/www.beauville.com\/it\/#\/schema\/logo\/image\/"},"sameAs":["https:\/\/www.facebook.com\/beauville.createur","https:\/\/www.instagram.com\/beauville.createur\/","https:\/\/www.pinterest.fr\/beauvillecreateur\/_created\/","https:\/\/www.youtube.com\/channel\/UCN1DiK6SUHdildYkanOBeeA"]}]}},"_links":{"self":[{"href":"https:\/\/www.beauville.com\/it\/wp-json\/wp\/v2\/pages\/33329","targetHints":{"allow":["GET"]}}],"collection":[{"href":"https:\/\/www.beauville.com\/it\/wp-json\/wp\/v2\/pages"}],"about":[{"href":"https:\/\/www.beauville.com\/it\/wp-json\/wp\/v2\/types\/page"}],"author":[{"embeddable":true,"href":"https:\/\/www.beauville.com\/it\/wp-json\/wp\/v2\/users\/4"}],"replies":[{"embeddable":true,"href":"https:\/\/www.beauville.com\/it\/wp-json\/wp\/v2\/comments?post=33329"}],"version-history":[{"count":3,"href":"https:\/\/www.beauville.com\/it\/wp-json\/wp\/v2\/pages\/33329\/revisions"}],"predecessor-version":[{"id":37712,"href":"https:\/\/www.beauville.com\/it\/wp-json\/wp\/v2\/pages\/33329\/revisions\/37712"}],"wp:featuredmedia":[{"embeddable":true,"href":"https:\/\/www.beauville.com\/it\/wp-json\/wp\/v2\/media\/33105"}],"wp:attachment":[{"href":"https:\/\/www.beauville.com\/it\/wp-json\/wp\/v2\/media?parent=33329"}],"curies":[{"name":"wp","href":"https:\/\/api.w.org\/{rel}","templated":true}]}}